{"id":23686,"date":"2015-11-24T14:15:39","date_gmt":"2015-11-24T14:15:39","guid":{"rendered":"https:\/\/cyberclean.net\/where-to-buy-2\/"},"modified":"2020-06-02T15:54:19","modified_gmt":"2020-06-02T15:54:19","slug":"where-to-buy-2","status":"publish","type":"page","link":"https:\/\/cyberclean.net\/ce\/where-to-buy-2\/","title":{"rendered":"Where to buy"},"content":{"rendered":"<div class=\"wpb-content-wrapper\"><p>[vc_row][vc_column width=&#8221;1\/3&#8243;][vc_column_text el_class=&#8221;areabox&#8221;]<\/p>\n<h2>SHOP WORLDWIDE<\/h2>\n<p><a class=\"shoplink\" href=\"https:\/\/www.cybercleanshop.de\" target=\"_blank\" rel=\"noopener noreferrer\">GO TO THE SHOP<\/a>[\/vc_column_text][\/vc_column][vc_column width=&#8221;1\/3&#8243;][vc_column_text]<\/p>\n<h2>SHOP \u00a0GERMANY, AUSTRIA, SWITZERLAND<\/h2>\n<p><a class=\"shoplink\" href=\"https:\/\/www.cybercleanshop.de\" target=\"_blank\" rel=\"noopener noreferrer\">GO TO THE SHOP<\/a>[\/vc_column_text][\/vc_column][vc_column width=&#8221;1\/3&#8243;][vc_column_text]<br \/>\n[\/vc_column_text][\/vc_column][\/vc_row][vc_row][vc_column][vc_separator thickness=&#8221;2&#8243; up=&#8221;15&#8243; down=&#8221;15&#8243;][\/vc_column][\/vc_row][vc_row][vc_column width=&#8221;2\/3&#8243;][vc_row_inner][vc_column_inner width=&#8221;1\/2&#8243;][vc_column_text el_class=&#8221;areabox&#8221;]<\/p>\n<h2>NORTH AMERICA<\/h2>\n<p><a href=\"http:\/\/www.cyberclean.net\/cleaning\/en\/Contact.html\">Canada<\/a><\/p>\n<p><a href=\"http:\/\/www.cyberclean.net\/cleaning\/en\/Contact.html\">USA<\/a>[\/vc_column_text][vc_separator color=&#8221;#cccccc&#8221; transparency=&#8221;1&#8243; thickness=&#8221;1&#8243; up=&#8221;20&#8243; down=&#8221;20&#8243;][vc_column_text el_class=&#8221;areabox&#8221;]<\/p>\n<h2>MIDDLE EAST<\/h2>\n<p><a href=\"http:\/\/www.radintejarat.com\">Iran (\u0625\u064a\u0631\u0627\u0646)<\/a>[\/vc_column_text][vc_separator color=&#8221;#cccccc&#8221; transparency=&#8221;1&#8243; thickness=&#8221;1&#8243; up=&#8221;20&#8243; down=&#8221;20&#8243;][vc_column_text el_class=&#8221;areabox&#8221;]<\/p>\n<h2>ASIA PACIFIC<\/h2>\n<p><a href=\"http:\/\/www.cyberclean.net\/cleaning\/en\/Contact.html\">Australia<\/a><\/p>\n<p><a href=\"http:\/\/www.cyberclean-china.com\/\">China (\u4e2d\u570b)<\/a><\/p>\n<p><a href=\"http:\/\/www.cyberclean.com.hk\">Hong Kong (\u9999\u6e2f)<\/a><\/p>\n<p><a href=\"http:\/\/www.cyberclean.net\/cleaning\/en\/Contact.html\">Indonesia (Republik Indonesia )<\/a><\/p>\n<p><a href=\"http:\/\/www.cyberclean.net\/cleaning\/en\/Contact.html\">Japan (\u65e5\u672c)<\/a><\/p>\n<p><a href=\"http:\/\/www.cyberclean.net\/cleaning\/en\/Contact.html\">Malaysia<\/a><\/p>\n<p><a href=\"http:\/\/www.harveywholesale.co.nz\/\">New Zealand<\/a><\/p>\n<p><a href=\"http:\/\/www.cyberclean.net\/cleaning\/en\/Contact.html\">Singapore<\/a><\/p>\n<p><a href=\"http:\/\/www.cyberclean.com.tw\/\">Taiwan (\u53f0\u7063)<\/a><\/p>\n<p>[\/vc_column_text][\/vc_column_inner][vc_column_inner width=&#8221;1\/2&#8243;][vc_column_text el_class=&#8221;areabox&#8221;]<\/p>\n<h2>EUROPE<\/h2>\n<p><a href=\"http:\/\/www.cyberclean.si\">Albania (Shqip\u00ebris\u00eb)<\/a><\/p>\n<p><a href=\"http:\/\/www.cybercleanshop.de\/\">Austria (\u00d6sterreich)<\/a><\/p>\n<p><a href=\"http:\/\/www.cybercleanbenelux.com\">Belgium (Belgi\u00eb)<\/a><\/p>\n<p><a href=\"http:\/\/www.cyberclean.si\">Bosnia-Herzegovina (Bosna i Hercegovina)<\/a><\/p>\n<p><a href=\"http:\/\/www.cyberclean.si\">Bulgaria (\u0411\u044a\u043b\u0433\u0430\u0440\u0438\u044f)<\/a><\/p>\n<p><a href=\"http:\/\/www.globalteh.hr\/\">Croatia (Hrvatska)<\/a><\/p>\n<p><a href=\"http:\/\/www.cyberclean.com.cy\/\">Cyprus (K\u00fdpros)<\/a><\/p>\n<p><a href=\"http:\/\/www.cyberclean.si\/\">Czech Republic (\u010cesko)<\/a><\/p>\n<p><a href=\"http:\/\/www.cyberclean.net\/cleaning\/en\/Contact.html\">Denmark (Danmark)<\/a><\/p>\n<p><a href=\"http:\/\/www.cyberclean.si\/\">Estonia (Eesti)<\/a><\/p>\n<p><a href=\"http:\/\/www.cyberclean.net\/cleaning\/en\/Contact.html\">Finland (Suomi)<\/a><\/p>\n<p><a href=\"http:\/\/www.cyberclean.net\/cleaning\/en\/Contact.html\">France<\/a><\/p>\n<p><a href=\"http:\/\/www.cybercleanshop.de\/\">Germany (Deutschland)<\/a><\/p>\n<p><a href=\"http:\/\/www.cyberclean.net\/cleaning\/en\/Contact.html\">Greece (Greece)<\/a><\/p>\n<p><a href=\"http:\/\/www.cyberclean.hu\/\">Hungary (Magyar K\u00f6zt\u00e1rsas\u00e1g)<\/a><\/p>\n<p><a href=\"http:\/\/www.cyberclean.it\">Italy (Italia)<\/a><\/p>\n<p><a href=\"http:\/\/www.cyberclean.si\/\">Latvia (Latvijas)<\/a><\/p>\n<p><a href=\"http:\/\/www.cyberclean.si\/\">Lithuania (Lietuvos)<\/a><\/p>\n<p><a href=\"http:\/\/www.cybercleanbenelux.com\">Luxembourg (L\u00ebtzebuerg)<\/a><\/p>\n<p><a href=\"http:\/\/www.cyberclean.si\">Montenegro (Crna Gora)<\/a><\/p>\n<p><a href=\"http:\/\/www.cybercleanbenelux.com\">Netherlands (Nederlanden)<\/a><\/p>\n<p><a href=\"http:\/\/www.cyberclean.net\/cleaning\/en\/Contact.html\">Norway (Norge)<\/a><\/p>\n<p><a href=\"http:\/\/www.cyberclean.si\/\">Poland (Polska)<\/a><\/p>\n<p><a href=\"http:\/\/www.cyberclean.si\">Rumania (Rom\u00e2nia)<\/a><\/p>\n<p><a href=\"http:\/\/www.cyberclean.si\">Serbia (\u0420\u0435\u043f\u0443\u0431\u043b\u0438\u043a\u0430 \u0421p\u0431\u0438\u0458\u0430)<\/a><\/p>\n<p><a href=\"http:\/\/www.cyberclean.si\/\">Slovakia (Slovensko)<\/a><\/p>\n<p><a href=\"http:\/\/www.cyberclean.si\">Slovenia (Slovenija)<\/a><\/p>\n<p><a href=\"http:\/\/www.cyberclean.net\/cleaning\/en\/Contact.html\">Sweden (Sverige)<\/a><\/p>\n<p><a href=\"http:\/\/www.elconex.ch\/\">Switzerland (Schweiz)<\/a>[\/vc_column_text][\/vc_column_inner][\/vc_row_inner][\/vc_column][vc_column width=&#8221;1\/3&#8243;][vc_column_text]<\/p>\n<h2>MORE INFORMATION<\/h2>\n<p>[\/vc_column_text][vc_empty_space height=&#8221;20px&#8221;][vc_column_text el_class=&#8221;distbutton&#8221;]<\/p>\n<p><a href=\"\/distributor-application\/\">Do you want to become a distribution partner for Cyber Clean? (click here)<\/a><\/p>\n<p>[\/vc_column_text][vc_empty_space height=&#8221;20px&#8221;][vc_column_text]<strong>JOKER Switzerland<\/strong><br \/>\nIndustriezone<br \/>\nPostfach 96<br \/>\n3210 Kerzers<\/p>\n<p>Tel: +41-31-7505252<br \/>\nFax: +41-31-7505250<\/p>\n<p><strong><br \/>\nJOKER (Far East)<\/strong><br \/>\n5\/F., Unit 501 &amp; 502B, Energy Plaza<br \/>\n92 Granville Road<br \/>\nTsim Sha Tsui East<br \/>\nKowloon, Hong Kong<\/p>\n<p>Tel: +852-27215588<br \/>\nFax: +852-27216588<\/p>\n<p>&nbsp;<\/p>\n<p><strong>Cyber Clean Europe GmbH<\/strong><br \/>\nHanfelder Str. 6b<br \/>\nD-82319 Starnberg<br \/>\nGermany[\/vc_column_text][\/vc_column][\/vc_row][vc_row][vc_column][vc_separator type=&#8221;transparent&#8221;][\/vc_column][\/vc_row]<\/p>\n<\/div>","protected":false},"excerpt":{"rendered":"<p>[vc_row][vc_column width=&#8221;1\/3&#8243;][vc_column_text el_class=&#8221;areabox&#8221;] SHOP WORLDWIDE GO TO THE SHOP[\/vc_column_text][\/vc_column][vc_column width=&#8221;1\/3&#8243;][vc_column_text] SHOP \u00a0GERMANY, AUSTRIA, SWITZERLAND GO TO THE SHOP[\/vc_column_text][\/vc_column][vc_column width=&#8221;1\/3&#8243;][vc_column_text] [\/vc_column_text][\/vc_column][\/vc_row][vc_row][vc_column][vc_separator thickness=&#8221;2&#8243; up=&#8221;15&#8243; down=&#8221;15&#8243;][\/vc_column][\/vc_row][vc_row][vc_column width=&#8221;2\/3&#8243;][vc_row_inner][vc_column_inner width=&#8221;1\/2&#8243;][vc_column_text el_class=&#8221;areabox&#8221;] NORTH AMERICA Canada USA[\/vc_column_text][vc_separator color=&#8221;#cccccc&#8221; transparency=&#8221;1&#8243; thickness=&#8221;1&#8243; up=&#8221;20&#8243; down=&#8221;20&#8243;][vc_column_text el_class=&#8221;areabox&#8221;] MIDDLE EAST Iran (\u0625\u064a\u0631\u0627\u0646)[\/vc_column_text][vc_separator color=&#8221;#cccccc&#8221; transparency=&#8221;1&#8243; thickness=&#8221;1&#8243; up=&#8221;20&#8243; down=&#8221;20&#8243;][vc_column_text&#8230;<\/p>\n","protected":false},"author":1,"featured_media":0,"parent":0,"menu_order":0,"comment_status":"open","ping_status":"open","template":"","meta":{"footnotes":""},"class_list":["post-23686","page","type-page","status-publish","hentry"],"_links":{"self":[{"href":"https:\/\/cyberclean.net\/ce\/wp-json\/wp\/v2\/pages\/23686","targetHints":{"allow":["GET"]}}],"collection":[{"href":"https:\/\/cyberclean.net\/ce\/wp-json\/wp\/v2\/pages"}],"about":[{"href":"https:\/\/cyberclean.net\/ce\/wp-json\/wp\/v2\/types\/page"}],"author":[{"embeddable":true,"href":"https:\/\/cyberclean.net\/ce\/wp-json\/wp\/v2\/users\/1"}],"replies":[{"embeddable":true,"href":"https:\/\/cyberclean.net\/ce\/wp-json\/wp\/v2\/comments?post=23686"}],"version-history":[{"count":1,"href":"https:\/\/cyberclean.net\/ce\/wp-json\/wp\/v2\/pages\/23686\/revisions"}],"predecessor-version":[{"id":23704,"href":"https:\/\/cyberclean.net\/ce\/wp-json\/wp\/v2\/pages\/23686\/revisions\/23704"}],"wp:attachment":[{"href":"https:\/\/cyberclean.net\/ce\/wp-json\/wp\/v2\/media?parent=23686"}],"curies":[{"name":"wp","href":"https:\/\/api.w.org\/{rel}","templated":true}]}}