{"id":23982,"date":"2020-04-06T08:32:08","date_gmt":"2020-04-06T08:32:08","guid":{"rendered":"https:\/\/cyberclean.net\/products\/cyber-clean-professional-power-gel\/"},"modified":"2020-07-28T08:50:27","modified_gmt":"2020-07-28T08:50:27","slug":"cyber-clean-professional-power-gel","status":"publish","type":"page","link":"https:\/\/cyberclean.net\/ce\/products\/cyber-clean-professional-power-gel\/","title":{"rendered":"Cyber Clean\u2122 Professional Power Gel"},"content":{"rendered":"<div class=\"wpb-content-wrapper\"><p>[vc_row][vc_column][vc_single_image image=&#8221;28192&#8243; img_size=&#8221;full&#8221; alignment=&#8221;center&#8221;][vc_empty_space][\/vc_column][\/vc_row][vc_row el_id=&#8221;section4&#8243;][vc_column][vc_column_text]<\/p>\n<table>\n<tbody>\n<tr>\n<td class=\"flagcolumn\" style=\"text-align: center;\" colspan=\"6\"><img loading=\"lazy\" decoding=\"async\" class=\"alignnone size-thumbnail wp-image-24561\" src=\"\/wp-content\/uploads\/2020\/06\/Canada-flag-150x100.png\" alt=\"\" width=\"50\" height=\"36\" \/>\u00a0\u00a0<strong>Government of Canada \/ Gouvernment du Canada<\/strong><\/td>\n<\/tr>\n<tr class=\"tabletitle\">\n<td style=\"text-align: center;\"><strong>Product Name \/ Nom du Produit<\/strong><\/td>\n<td style=\"text-align: center;\"><strong>NPN #<\/strong><\/td>\n<td style=\"text-align: center;\"><strong>Medicinal Ingredient \/ Ingredient Medicinal<\/strong><\/td>\n<td style=\"text-align: center;\"><strong>% of Medicinal Ingredient \/ % Du Ingredient Medicinal<\/strong><\/td>\n<td style=\"text-align: center;\"><strong>Product Type \/ Fiche Produit<\/strong><\/td>\n<td style=\"text-align: center;\"><strong>Company \/ Compagnie<\/strong><\/td>\n<\/tr>\n<tr>\n<td style=\"text-align: center;\">Cyber Clean Power Gel Hand Sanitizer \/<br \/>\nCyber Clean D\u00e9sinfectant pour les mains<\/td>\n<td style=\"text-align: center;\">80098826<\/td>\n<td style=\"text-align: center;\">Ethyl Alcohol \/<br \/>\nAlcool ethyliquie<\/td>\n<td style=\"text-align: center;\">72%<\/td>\n<td style=\"text-align: center;\">Gel<\/td>\n<td style=\"text-align: center;\">The ORB Factory LTD<\/td>\n<\/tr>\n<tr>\n<td style=\"text-align: center;\">Cyber Clean Power Sanitizing Spray \/<br \/>\nCyber Clean D\u00e9sinfectant en Jet Puissance<\/td>\n<td style=\"text-align: center;\">Pending \/<br \/>\nEn Attente<\/td>\n<td style=\"text-align: center;\">Ethyl Alcohol \/<br \/>\nAlcool ethyliquie<\/td>\n<td style=\"text-align: center;\">79%<\/td>\n<td style=\"text-align: center;\">Spray \/ Jet<\/td>\n<td style=\"text-align: center;\">The ORB Factory LTD<\/td>\n<\/tr>\n<tr>\n<td style=\"text-align: center;\">Cyber Clean Power Sanitizing Wipes \/<br \/>\nCyber Clean Lingettes D\u00e9sinfectant Puissance<\/td>\n<td style=\"text-align: center;\">80102526<\/td>\n<td style=\"text-align: center;\">Ethyl Alcohol \/<br \/>\nAlcool ethyliquie<\/td>\n<td style=\"text-align: center;\">78%<\/td>\n<td style=\"text-align: center;\">Wipe \/ Lingettes<\/td>\n<td style=\"text-align: center;\">The ORB Factory LTD<\/td>\n<\/tr>\n<\/tbody>\n<\/table>\n<p>[\/vc_column_text][vc_empty_space height=&#8221;65px&#8221;][\/vc_column][\/vc_row][vc_row el_id=&#8221;logosection&#8221;][vc_column][vc_row_inner css=&#8221;.vc_custom_1594712795033{margin-bottom: 35px !important;}&#8221;][vc_column_inner width=&#8221;1\/2&#8243;][vc_column_text]We are dedicated to keeping you safe and can confidently say we\u2019ve got your needs covered. Cyber Clean products are manufactured in a GMP Certified Facility. Our focus is on credible, reliable, and accessible product.[\/vc_column_text][\/vc_column_inner][vc_column_inner width=&#8221;1\/2&#8243;][vc_column_text]Nous nous engageons \u00e0 assurer votre s\u00e9curit\u00e9 et affirmons avec confiance que nous veillons \u00e0 r\u00e9pondre \u00e0 vos besoins. Le Cyber Clean est fabriqu\u00e9 dans une installation r\u00e9pondant aux normes BFF (bonnes pratiques de fabrication). Notre objectif est de proposer des produits fiables, \u00e9prouv\u00e9s et accessibles.[\/vc_column_text][\/vc_column_inner][\/vc_row_inner][vc_empty_space height=&#8221;26px&#8221;][vc_row_inner][vc_column_inner width=&#8221;1\/3&#8243;][vc_single_image image=&#8221;24626&#8243; img_size=&#8221;full&#8221; alignment=&#8221;center&#8221;][vc_empty_space height=&#8221;26px&#8221;][vc_column_text el_class=&#8221;borderbox&#8221; css=&#8221;.vc_custom_1594730127707{padding-bottom: 40px !important;}&#8221;]<strong>Cyber Clean Power Gel Puissant<\/strong><br \/>\n<strong>Directions:<\/strong><\/p>\n<ul>\n<li>Adults and children over 2 years:<\/li>\n<li>For occasional and personal domestic use.<\/li>\n<li>Supervise children when they use this product.<\/li>\n<li>Rub thoroughly into hands for at least 30 seconds.<\/li>\n<\/ul>\n<p>&nbsp;<\/p>\n<p><strong>Mode D\u2019Emploi<\/strong><\/p>\n<ul>\n<li>Adultes et enfants de 2 ans et plus :<\/li>\n<li>Usage occasionnel, \u00e0 des fins personnelles et domestiques.<\/li>\n<li>Superviser les enfants lorsqu\u2019ils utilisent ce produit.<\/li>\n<li>Frotter soigneusement les mains avec le produit pendant au moins 30 secondes et laissez s\u00e9cher.<\/li>\n<\/ul>\n<p>[\/vc_column_text][\/vc_column_inner][vc_column_inner width=&#8221;1\/3&#8243;][vc_single_image image=&#8221;24631&#8243; img_size=&#8221;full&#8221; alignment=&#8221;center&#8221;][vc_empty_space height=&#8221;26px&#8221;][vc_column_text el_class=&#8221;borderbox&#8221; css=&#8221;.vc_custom_1594729818070{padding-bottom: 40px !important;}&#8221;]<strong>Cyber Clean Power Sanitizing Spray \/ D\u00e9sinfectant En Jet Puissance<br \/>\n<\/strong><strong>Directions:<\/strong><\/p>\n<ul>\n<li>Adults and children over 2 years:<\/li>\n<li>For occasional and personal domestic use.<\/li>\n<li>Supervise children when they use this product.<\/li>\n<li>Rub thoroughly into hands for at least 30 seconds.<\/li>\n<\/ul>\n<p>&nbsp;<\/p>\n<p><strong>Mode D\u2019Emploi<\/strong><\/p>\n<ul>\n<li>Adultes et enfants de 2 ans et plus :<\/li>\n<li>Usage occasionnel, \u00e0 des fins personnelles et domestiques.<\/li>\n<li>Superviser les enfants lorsqu\u2019ils utilisent ce produit.<\/li>\n<li>Frotter soigneusement les mains avec le produit pendant au moins 30 secondes et laissez s\u00e9cher.<\/li>\n<\/ul>\n<p>[\/vc_column_text][\/vc_column_inner][vc_column_inner width=&#8221;1\/3&#8243;][vc_single_image image=&#8221;28345&#8243; img_size=&#8221;full&#8221; alignment=&#8221;center&#8221;][vc_empty_space height=&#8221;26px&#8221;][vc_column_text el_class=&#8221;borderbox&#8221; css=&#8221;.vc_custom_1594729878337{padding-bottom: 40px !important;}&#8221;]<strong>Cyber Clean Power Sanitizing Wipes \/ Lingettes D\u00e9sinfectant Puissance<\/strong><br \/>\n<strong>Directions:<\/strong><\/p>\n<ul>\n<li>Adults and children over 2 years:<\/li>\n<li>For occasional and personal domestic use.<\/li>\n<li>Supervise children when they use this product.<\/li>\n<li>Rub thoroughly into hands for at least 30 seconds.<\/li>\n<\/ul>\n<p>&nbsp;<\/p>\n<p><strong>Mode D\u2019Emploi<\/strong><\/p>\n<ul>\n<li>Adultes et enfants de 2 ans et plus :<\/li>\n<li>Usage occasionnel, \u00e0 des fins personnelles et domestiques.<\/li>\n<li>Superviser les enfants lorsqu\u2019ils utilisent ce produit.<\/li>\n<li>Frotter soigneusement les mains avec le produit pendant au moins 30 secondes et laissez s\u00e9cher.<\/li>\n<\/ul>\n<p>[\/vc_column_text][\/vc_column_inner][\/vc_row_inner][\/vc_column][\/vc_row][vc_row][vc_column][vc_empty_space][\/vc_column][\/vc_row]<\/p>\n<\/div>","protected":false},"excerpt":{"rendered":"<p>[vc_row][vc_column][vc_single_image image=&#8221;28192&#8243; img_size=&#8221;full&#8221; alignment=&#8221;center&#8221;][vc_empty_space][\/vc_column][\/vc_row][vc_row el_id=&#8221;section4&#8243;][vc_column][vc_column_text] \u00a0\u00a0Government of Canada \/ Gouvernment du Canada Product Name \/ Nom du Produit NPN # Medicinal Ingredient \/ Ingredient Medicinal % of Medicinal Ingredient \/ % Du Ingredient Medicinal Product Type \/ Fiche Produit Company \/ Compagnie Cyber Clean Power&#8230;<\/p>\n","protected":false},"author":1,"featured_media":0,"parent":23587,"menu_order":0,"comment_status":"closed","ping_status":"closed","template":"","meta":{"footnotes":""},"class_list":["post-23982","page","type-page","status-publish","hentry"],"_links":{"self":[{"href":"https:\/\/cyberclean.net\/ce\/wp-json\/wp\/v2\/pages\/23982","targetHints":{"allow":["GET"]}}],"collection":[{"href":"https:\/\/cyberclean.net\/ce\/wp-json\/wp\/v2\/pages"}],"about":[{"href":"https:\/\/cyberclean.net\/ce\/wp-json\/wp\/v2\/types\/page"}],"author":[{"embeddable":true,"href":"https:\/\/cyberclean.net\/ce\/wp-json\/wp\/v2\/users\/1"}],"replies":[{"embeddable":true,"href":"https:\/\/cyberclean.net\/ce\/wp-json\/wp\/v2\/comments?post=23982"}],"version-history":[{"count":59,"href":"https:\/\/cyberclean.net\/ce\/wp-json\/wp\/v2\/pages\/23982\/revisions"}],"predecessor-version":[{"id":28350,"href":"https:\/\/cyberclean.net\/ce\/wp-json\/wp\/v2\/pages\/23982\/revisions\/28350"}],"up":[{"embeddable":true,"href":"https:\/\/cyberclean.net\/ce\/wp-json\/wp\/v2\/pages\/23587"}],"wp:attachment":[{"href":"https:\/\/cyberclean.net\/ce\/wp-json\/wp\/v2\/media?parent=23982"}],"curies":[{"name":"wp","href":"https:\/\/api.w.org\/{rel}","templated":true}]}}