{"id":18018,"date":"2015-11-16T22:57:28","date_gmt":"2015-11-16T22:57:28","guid":{"rendered":"http:\/\/cyberclean.weiter.ch\/?page_id=18018"},"modified":"2024-12-21T06:10:09","modified_gmt":"2024-12-21T06:10:09","slug":"home-2","status":"publish","type":"page","link":"https:\/\/cyberclean.net\/de\/","title":{"rendered":"Home"},"content":{"rendered":"<div class=\"wpb-content-wrapper\"><p>[vc_row][vc_column][layerslider_vc id=&#8220;3&#8243;][\/vc_column][\/vc_row][vc_row][vc_column][vc_empty_space][\/vc_column][\/vc_row][vc_row type=&#8220;grid&#8220;][vc_column width=&#8220;9\/12&#8243;][vc_row_inner el_class=&#8220;productbox&#8220;][vc_column_inner][vc_empty_space height=&#8220;20px&#8220;][vc_single_image image=&#8220;22706&#8243; img_size=&#8220;full&#8220; onclick=&#8220;custom_link&#8220; link=&#8220;\/produkte\/cyber-clean-professional-power-gel\/?lang=de&#8220; el_class=&#8220;blink-image&#8220;][vc_single_image image=&#8220;29688&#8243; img_size=&#8220;full&#8220; alignment=&#8220;center&#8220; onclick=&#8220;custom_link&#8220; link=&#8220;\/produkte\/cyber-clean-professional-power-gel\/?lang=de&#8220;][\/vc_column_inner][\/vc_row_inner][vc_row_inner][vc_column_inner][vc_empty_space height=&#8220;10px&#8220;][vc_separator color=&#8220;#cccccc&#8220; transparency=&#8220;1&#8243; thickness=&#8220;1&#8243;][vc_empty_space height=&#8220;10px&#8220;][\/vc_column_inner][\/vc_row_inner][vc_row_inner el_class=&#8220;productbox&#8220;][vc_column_inner width=&#8220;1\/3&#8243;][vc_single_image image=&#8220;18145&#8243; img_size=&#8220;full&#8220; alignment=&#8220;center&#8220; onclick=&#8220;custom_link&#8220; link=&#8220;\/produkte\/home-office\/?lang=de&#8220;][vc_column_text]<\/p>\n<h2><a href=\"https:\/\/cyberclean.net\/produkte\/home-office\/?lang=de\">Cyber Clean Home &amp; Office<\/a><\/h2>\n<p>[\/vc_column_text][vc_column_text]<\/p>\n<p>Das Original\u00a0\u2013 die innovative und millionenfach bew\u00e4hrte High-Tech Reinigungsmasse f\u00fcr zu Hause und das B\u00fcro. Dringt sicher\u00a0in alle Zwischenr\u00e4ume und absorbiert Staub, Keime und Schmutzpartikel kompromisslos und r\u00fcckstandsfrei.\u00a0<a href=\"https:\/\/cyberclean.net\/produkte\/home-office\/?lang=de\">\u2794<\/a><\/p>\n<p>[\/vc_column_text][\/vc_column_inner][vc_column_inner width=&#8220;1\/3&#8243;][vc_single_image image=&#8220;18144&#8243; img_size=&#8220;full&#8220; alignment=&#8220;center&#8220; onclick=&#8220;custom_link&#8220; link=&#8220;\/produkte\/car\/?lang=de&#8220;][vc_column_text]<\/p>\n<h2><a href=\"https:\/\/cyberclean.net\/produkte\/car\/?lang=de\">Cyber Clean Car Interior<\/a><\/h2>\n<p>[\/vc_column_text][vc_column_text]<\/p>\n<p>Freie Fahrt f\u00fcr die perfekte Innenraum-Reinigung Ihres Autos. Desinfiziert und reinigt Armaturen,\u00a0Sitze und auch andere, stark strukturierte Oberfl\u00e4chen. Basiert wie alle Cyber Clean Reinigungsmassen auf nat\u00fcrlichen Inhaltsstoffen und ist wieder verwendbar.\u00a0<a href=\"https:\/\/cyberclean.net\/produkte\/car\/?lang=de\">\u2794<\/a><\/p>\n<p>[\/vc_column_text][\/vc_column_inner][vc_column_inner width=&#8220;1\/3&#8243;][vc_single_image image=&#8220;18780&#8243; img_size=&#8220;full&#8220; alignment=&#8220;center&#8220; onclick=&#8220;custom_link&#8220; link=&#8220;\/produkte\/camera-care\/?lang=de&#8220;][vc_column_text]<\/p>\n<h2><a href=\"https:\/\/cyberclean.net\/produkte\/camera-care\/?lang=de\">Cyber Clean CameraCare<\/a><\/h2>\n<p>[\/vc_column_text][vc_column_text]<\/p>\n<p>Das einzigartige und hochwertige Camera Wartungs- und Reinigungssystem. Mit umfangreichen Tools und integrierter Reinigungsmasse f\u00fcr jedes Shooting ger\u00fcstet. Die erste Wahl von Hobby bis Profi f\u00fcr blitzsaubere Kameras und Fotoequipment.\u00a0<a href=\"https:\/\/cyberclean.net\/produkte\/camera-care\/?lang=de\">\u2794<\/a><\/p>\n<p>[\/vc_column_text][\/vc_column_inner][\/vc_row_inner][vc_row_inner][vc_column_inner][vc_empty_space height=&#8220;10px&#8220;][vc_separator color=&#8220;#cccccc&#8220; transparency=&#8220;1&#8243; thickness=&#8220;1&#8243;][vc_empty_space height=&#8220;10px&#8220;][\/vc_column_inner][\/vc_row_inner][vc_row_inner el_class=&#8220;productbox&#8220;][vc_column_inner width=&#8220;1\/3&#8243;][vc_single_image image=&#8220;22479&#8243; img_size=&#8220;400&#215;300&#8243; alignment=&#8220;center&#8220; onclick=&#8220;custom_link&#8220; link=&#8220;\/produkte\/vinyl-phono-care\/?lang=de&#8220;][vc_column_text]<\/p>\n<h2><a href=\"https:\/\/cyberclean.net\/produkte\/vinyl-phono-care\/?lang=de\">Cyber Clean Vinyl &amp;<\/a><br \/>\n<a href=\"https:\/\/cyberclean.net\/produkte\/vinyl-phono-care\/?lang=de\"> Phono Care<\/a><\/h2>\n<p>[\/vc_column_text][vc_column_text]<\/p>\n<p>Speziell entwickelt zur schonenden Reinigung von empfindlichen Phono Komponenten und Vinylplatten. L\u00f6st mild Schmutzablagerungen ohne Feuchtigkeit abzugeben und ist anti-statisch. F\u00fcr besseren\u00a0Klang und Schutz Ihrer wertvollen Vinyl-Kassiker.\u00a0<a href=\"https:\/\/cyberclean.net\/produkte\/vinyl-phono-care\/?lang=de\">\u2794<\/a><\/p>\n<p>[\/vc_column_text][\/vc_column_inner][vc_column_inner width=&#8220;1\/3&#8243;][vc_single_image image=&#8220;18169&#8243; img_size=&#8220;full&#8220; alignment=&#8220;center&#8220; onclick=&#8220;custom_link&#8220; link=&#8220;\/produkte\/leafcare\/?lang=de&#8220;][vc_column_text]<\/p>\n<h2><a href=\"https:\/\/cyberclean.net\/produkte\/leafcare\/?lang=de\">Cyber Clean LeafCare<\/a><\/h2>\n<p>[\/vc_column_text][vc_column_text]<\/p>\n<p>F\u00fcr die sanfte und porentiefe Blatt-Reinigung und Pflege von Zimmerpflanzen. Entfernt Staub, sch\u00fctzt\u00a0und sorgt f\u00fcr seidigen Glanz. N\u00e4hrt und kr\u00e4ftigt Ihre Pflanzen auf Basis nat\u00fcrlicher biologisch abbaubarer Inhaltsstoffe.\u00a0<a href=\"https:\/\/cyberclean.net\/produkte\/leafcare\/?lang=de\">\u2794<\/a><\/p>\n<p>[\/vc_column_text][\/vc_column_inner][vc_column_inner width=&#8220;1\/3&#8243;][vc_single_image image=&#8220;18172&#8243; img_size=&#8220;full&#8220; alignment=&#8220;center&#8220; onclick=&#8220;custom_link&#8220; link=&#8220;\/produkte\/lint-roller\/?lang=de&#8220;][vc_column_text]<\/p>\n<h2><a href=\"https:\/\/cyberclean.net\/produkte\/lint-roller\/?lang=de\">Cyber Clean Lint Roller for Home &amp; Travel<\/a><\/h2>\n<p>[\/vc_column_text][vc_column_text]<\/p>\n<p>Extrem kompakte und einfach abwaschbare Fusselroller f\u00fcr zu Hause und unterwegs. Entfernen Sie bequem losen Schmutz, Haare und Keime von allen Oberfl\u00e4chen. \u00dcber 800 mal abwaschbar und immer noch wie neu.\u00a0<a href=\"https:\/\/cyberclean.net\/produkte\/lint-roller\/?lang=de\">\u2794<\/a><\/p>\n<p>[\/vc_column_text][\/vc_column_inner][\/vc_row_inner][vc_row_inner][vc_column_inner][vc_empty_space height=&#8220;10px&#8220;][vc_separator color=&#8220;#cccccc&#8220; transparency=&#8220;1&#8243; thickness=&#8220;1&#8243;][vc_empty_space height=&#8220;10px&#8220;][\/vc_column_inner][\/vc_row_inner][vc_row_inner el_class=&#8220;productbox&#8220;][vc_column_inner width=&#8220;1\/3&#8243;][vc_single_image image=&#8220;22481&#8243; img_size=&#8220;full&#8220; alignment=&#8220;center&#8220; onclick=&#8220;custom_link&#8220; link=&#8220;\/produkte\/screen-cleaning-solutions\/?lang=de&#8220;][vc_column_text]<\/p>\n<h2><a href=\"https:\/\/cyberclean.net\/produkte\/screen-cleaning-solutions\/?lang=de\">Cyber Clean Desk-Pro, Stylus-Pro<\/a><\/h2>\n<p>[\/vc_column_text][vc_column_text]<\/p>\n<p>Tsch\u00fcss zu Fingerabdr\u00fccken und Staub auf Bildschirmen. Reinigen Sie Tablets, Desktopcomputer und Smartphones von jetzt an mit Stil. Zu Hause mit dem Desk-Pro oder unterwegs mit dem Red Dot ausgezeichneten Stylus-Pro, der Symbiose aus Eingabestift und Bildschirmreiniger.\u00a0<a href=\"https:\/\/cyberclean.net\/produkte\/screen-cleaning-solutions\/?lang=de\">\u2794<\/a><\/p>\n<p>[\/vc_column_text][\/vc_column_inner][vc_column_inner width=&#8220;1\/3&#8243;]<br \/>\n[\/vc_column_inner][vc_column_inner width=&#8220;1\/3&#8243;]<br \/>\n[\/vc_column_inner][\/vc_row_inner][\/vc_column][vc_column width=&#8220;3\/12&#8243; el_class=&#8220;homesidebar&#8220;][vc_column_text]<\/p>\n<h3>Aktuelle Videos<\/h3>\n<p>[\/vc_column_text][vc_video link=&#8220;https:\/\/www.youtube.com\/watch?v=HJSxKyawC5U&#8220;][vc_empty_space height=&#8220;20px&#8220;][vc_video link=&#8220;https:\/\/www.youtube.com\/watch?v=qQWvwklHJ4Q&#8220;][vc_empty_space height=&#8220;20px&#8220;][vc_video link=&#8220;https:\/\/youtu.be\/qpSBSiB2og0&#8243;][vc_empty_space][vc_video link=&#8220;https:\/\/www.youtube.com\/watch?v=XpU0xF68f1o&#8220;][vc_empty_space height=&#8220;20px&#8220;][vc_video link=&#8220;https:\/\/www.youtube.com\/watch?v=_g5iO_J77LY&#8220;][\/vc_column][\/vc_row][vc_row][vc_column][vc_empty_space height=&#8220;50px&#8220;][\/vc_column][\/vc_row]<\/p>\n<\/div>","protected":false},"excerpt":{"rendered":"<p>[vc_row][vc_column][layerslider_vc id=&#8220;3&#8243;][\/vc_column][\/vc_row][vc_row][vc_column][vc_empty_space][\/vc_column][\/vc_row][vc_row type=&#8220;grid&#8220;][vc_column width=&#8220;9\/12&#8243;][vc_row_inner el_class=&#8220;productbox&#8220;][vc_column_inner][vc_empty_space height=&#8220;20px&#8220;][vc_single_image image=&#8220;22706&#8243; img_size=&#8220;full&#8220; onclick=&#8220;custom_link&#8220; link=&#8220;\/produkte\/cyber-clean-professional-power-gel\/?lang=de&#8220; el_class=&#8220;blink-image&#8220;][vc_single_image image=&#8220;29688&#8243; img_size=&#8220;full&#8220; alignment=&#8220;center&#8220; onclick=&#8220;custom_link&#8220; link=&#8220;\/produkte\/cyber-clean-professional-power-gel\/?lang=de&#8220;][\/vc_column_inner][\/vc_row_inner][vc_row_inner][vc_column_inner][vc_empty_space height=&#8220;10px&#8220;][vc_separator color=&#8220;#cccccc&#8220; transparency=&#8220;1&#8243; thickness=&#8220;1&#8243;][vc_empty_space height=&#8220;10px&#8220;][\/vc_column_inner][\/vc_row_inner][vc_row_inner el_class=&#8220;productbox&#8220;][vc_column_inner width=&#8220;1\/3&#8243;][vc_single_image image=&#8220;18145&#8243; img_size=&#8220;full&#8220; alignment=&#8220;center&#8220; onclick=&#8220;custom_link&#8220; link=&#8220;\/produkte\/home-office\/?lang=de&#8220;][vc_column_text] Cyber Clean Home &amp; Office [\/vc_column_text][vc_column_text] Das Original\u00a0\u2013 die innovative und millionenfach bew\u00e4hrte High-Tech Reinigungsmasse f\u00fcr zu&#8230;<\/p>\n","protected":false},"author":1,"featured_media":0,"parent":0,"menu_order":0,"comment_status":"open","ping_status":"closed","template":"","meta":{"footnotes":""},"class_list":["post-18018","page","type-page","status-publish","hentry"],"_links":{"self":[{"href":"https:\/\/cyberclean.net\/de\/wp-json\/wp\/v2\/pages\/18018","targetHints":{"allow":["GET"]}}],"collection":[{"href":"https:\/\/cyberclean.net\/de\/wp-json\/wp\/v2\/pages"}],"about":[{"href":"https:\/\/cyberclean.net\/de\/wp-json\/wp\/v2\/types\/page"}],"author":[{"embeddable":true,"href":"https:\/\/cyberclean.net\/de\/wp-json\/wp\/v2\/users\/1"}],"replies":[{"embeddable":true,"href":"https:\/\/cyberclean.net\/de\/wp-json\/wp\/v2\/comments?post=18018"}],"version-history":[{"count":100,"href":"https:\/\/cyberclean.net\/de\/wp-json\/wp\/v2\/pages\/18018\/revisions"}],"predecessor-version":[{"id":29693,"href":"https:\/\/cyberclean.net\/de\/wp-json\/wp\/v2\/pages\/18018\/revisions\/29693"}],"wp:attachment":[{"href":"https:\/\/cyberclean.net\/de\/wp-json\/wp\/v2\/media?parent=18018"}],"curies":[{"name":"wp","href":"https:\/\/api.w.org\/{rel}","templated":true}]}}