{"id":18022,"date":"2015-11-16T23:00:12","date_gmt":"2015-11-16T23:00:12","guid":{"rendered":"http:\/\/cyberclean.weiter.ch\/?page_id=18022"},"modified":"2017-02-17T09:25:09","modified_gmt":"2017-02-17T09:25:09","slug":"produkte","status":"publish","type":"page","link":"https:\/\/cyberclean.net\/de\/produkte\/","title":{"rendered":"Produkte"},"content":{"rendered":"<div class=\"wpb-content-wrapper\"><p>[vc_row][vc_column][vc_column_text]<\/p>\n<h1>Cyber Clean &#8211;<\/h1>\n<h1>entdecken Sie eine neue Art der Reinigung<\/h1>\n<p>[\/vc_column_text][vc_empty_space height=&#8220;20px&#8220;][vc_column_text]<\/p>\n<h4>Cyber Clean ist eine einzigartige Reinigungsmasse zur Reinigung und Desinfektion von Stellen und Oberfl\u00e4chen, die mit konventionellen Reinigungsl\u00f6sungen nicht zu erreichen sind. Cyber Clean sch\u00fctzt Sie vor gef\u00e4hrlichen Krankheitserregern und schafft ein gesundes Lebensumfeld. Nach einem Jahrzehnt intensiver Forschung und Pr\u00fcfung hat die <a href=\"http:\/\/www.joker-group.net\/\">JOKER Group<\/a> die Reinigungsmasse <strong>Cyber Clean<\/strong> 2007 auf den Markt gebracht. Weitere Informationen \u00fcber unsere Produkte und ihre Anwendung finden Sie auf den jeweiligen Produktseiten.<\/h4>\n<p>[\/vc_column_text][vc_column_text]<br \/>\n[\/vc_column_text][\/vc_column][\/vc_row][vc_row][vc_column][vc_empty_space][\/vc_column][\/vc_row][vc_row][vc_column width=&#8220;1\/3&#8243;][vc_single_image image=&#8220;18477&#8243; img_size=&#8220;full&#8220; alignment=&#8220;center&#8220; onclick=&#8220;custom_link&#8220; link=&#8220;https:\/\/cyberclean.net\/our-products\/home-office\/&#8220; css=&#8220;.vc_custom_1450358111158{margin-right: 0px !important;}&#8220;][\/vc_column][vc_column width=&#8220;1\/3&#8243;][vc_single_image image=&#8220;18475&#8243; img_size=&#8220;full&#8220; alignment=&#8220;center&#8220; onclick=&#8220;custom_link&#8220; link=&#8220;https:\/\/cyberclean.net\/our-products\/car\/&#8220; css=&#8220;.vc_custom_1450358122758{margin-right: 0px !important;margin-left: 0px !important;}&#8220;][\/vc_column][vc_column width=&#8220;1\/3&#8243;][vc_single_image image=&#8220;18154&#8243; img_size=&#8220;full&#8220; alignment=&#8220;center&#8220; onclick=&#8220;custom_link&#8220; link=&#8220;https:\/\/cyberclean.net\/produkte\/camera-care\/?lang=de&#8220;][\/vc_column][\/vc_row][vc_row][vc_column][vc_empty_space][\/vc_column][\/vc_row][vc_row][vc_column width=&#8220;1\/3&#8243;][vc_single_image image=&#8220;18605&#8243; img_size=&#8220;full&#8220; alignment=&#8220;center&#8220; onclick=&#8220;custom_link&#8220; link=&#8220;https:\/\/cyberclean.net\/our-products\/leafcare\/&#8220;][\/vc_column][vc_column width=&#8220;1\/3&#8243;][vc_single_image image=&#8220;18466&#8243; img_size=&#8220;full&#8220; alignment=&#8220;center&#8220; onclick=&#8220;custom_link&#8220; link=&#8220;https:\/\/cyberclean.net\/our-products\/leafcare\/&#8220;][\/vc_column][vc_column width=&#8220;1\/3&#8243;][vc_single_image image=&#8220;18504&#8243; img_size=&#8220;full&#8220; alignment=&#8220;center&#8220; onclick=&#8220;custom_link&#8220; link=&#8220;https:\/\/cyberclean.net\/produkte\/lint-roller\/?lang=de&#8220;][\/vc_column][\/vc_row][vc_row][vc_column][vc_empty_space][\/vc_column][\/vc_row][vc_row][vc_column width=&#8220;1\/3&#8243;][vc_single_image image=&#8220;18534&#8243; img_size=&#8220;full&#8220; alignment=&#8220;center&#8220; onclick=&#8220;custom_link&#8220; link=&#8220;https:\/\/cyberclean.net\/produkte\/screen-cleaning-solutions\/?lang=de&#8220;][\/vc_column][vc_column width=&#8220;1\/3&#8243;][vc_column_text]<br \/>\n[\/vc_column_text][\/vc_column][vc_column width=&#8220;1\/3&#8243;][vc_column_text]<br \/>\n[\/vc_column_text][\/vc_column][\/vc_row][vc_row][vc_column][vc_empty_space height=&#8220;50px&#8220;][\/vc_column][\/vc_row]<\/p>\n<\/div>","protected":false},"excerpt":{"rendered":"<p>[vc_row][vc_column][vc_column_text] Cyber Clean &#8211; entdecken Sie eine neue Art der Reinigung [\/vc_column_text][vc_empty_space height=&#8220;20px&#8220;][vc_column_text] Cyber Clean ist eine einzigartige Reinigungsmasse zur Reinigung und Desinfektion von Stellen und Oberfl\u00e4chen, die mit konventionellen Reinigungsl\u00f6sungen nicht zu erreichen sind. Cyber Clean sch\u00fctzt Sie vor gef\u00e4hrlichen Krankheitserregern und schafft ein&#8230;<\/p>\n","protected":false},"author":1,"featured_media":0,"parent":0,"menu_order":0,"comment_status":"open","ping_status":"closed","template":"","meta":{"footnotes":""},"class_list":["post-18022","page","type-page","status-publish","hentry"],"_links":{"self":[{"href":"https:\/\/cyberclean.net\/de\/wp-json\/wp\/v2\/pages\/18022","targetHints":{"allow":["GET"]}}],"collection":[{"href":"https:\/\/cyberclean.net\/de\/wp-json\/wp\/v2\/pages"}],"about":[{"href":"https:\/\/cyberclean.net\/de\/wp-json\/wp\/v2\/types\/page"}],"author":[{"embeddable":true,"href":"https:\/\/cyberclean.net\/de\/wp-json\/wp\/v2\/users\/1"}],"replies":[{"embeddable":true,"href":"https:\/\/cyberclean.net\/de\/wp-json\/wp\/v2\/comments?post=18022"}],"version-history":[{"count":12,"href":"https:\/\/cyberclean.net\/de\/wp-json\/wp\/v2\/pages\/18022\/revisions"}],"predecessor-version":[{"id":19594,"href":"https:\/\/cyberclean.net\/de\/wp-json\/wp\/v2\/pages\/18022\/revisions\/19594"}],"wp:attachment":[{"href":"https:\/\/cyberclean.net\/de\/wp-json\/wp\/v2\/media?parent=18022"}],"curies":[{"name":"wp","href":"https:\/\/api.w.org\/{rel}","templated":true}]}}