{"id":18026,"date":"2015-11-16T23:03:16","date_gmt":"2015-11-16T23:03:16","guid":{"rendered":"http:\/\/cyberclean.weiter.ch\/?page_id=18026"},"modified":"2017-03-08T10:14:34","modified_gmt":"2017-03-08T10:14:34","slug":"gesund-bleiben","status":"publish","type":"page","link":"https:\/\/cyberclean.net\/de\/gesund-bleiben\/","title":{"rendered":"Gesund bleiben"},"content":{"rendered":"<div class=\"wpb-content-wrapper\"><p>[vc_row][vc_column width=&#8220;3\/4&#8243;][vc_row_inner][vc_column_inner width=&#8220;1\/2&#8243;][vc_single_image image=&#8220;17847&#8243; img_size=&#8220;full&#8220;][\/vc_column_inner][vc_column_inner width=&#8220;1\/2&#8243;][vc_column_text]<\/p>\n<h1>Gesund bleiben im Alltag<\/h1>\n<p>[\/vc_column_text][vc_empty_space height=&#8220;20px&#8220;][vc_column_text]<\/p>\n<h4>Menschen sind heute zu Hause, am Arbeitsplatz und beim Sport verst\u00e4rkt den unterschiedlichsten Arten von Bakterien und Viren ausgesetzt. Zudem ist die Anzahl der Personen mit Allergien st\u00e4ndig im Steigen begriffen. Der Kontakt mit Keimen und Allergenen in Ma\u00dfen ist zur St\u00e4rkung des Immunsystems hilfreich, doch zu viele Erreger k\u00f6nnen zu Erkrankungen f\u00fchren, wenn keine angemessenen Vorsichtsma\u00dfnahmen getroffen werden. Erfahren Sie, wie Sie gesund bleiben und die Menschen in Ihrem Umfeld sch\u00fctzen.<\/h4>\n<p>[\/vc_column_text][vc_empty_space height=&#8220;20px&#8220;][vc_column_text]<a href=\"https:\/\/cyberclean.net\/informationen-uber-keime\/?lang=de\">Allegemeine Informationen zu Keimen<\/a><\/p>\n<p><a href=\"https:\/\/cyberclean.net\/erkaltungszeit\/?lang=de\">Erk\u00e4ltungszeit<\/a><\/p>\n<p><a href=\"https:\/\/cyberclean.net\/healthy-home-family\/?lang=de\">Gesundheit f\u00fcr Haushalt &amp; Familie<\/a><\/p>\n<p><a href=\"https:\/\/cyberclean.net\/verreisen\/?lang=de\">Verreisen<\/a><\/p>\n<p><a href=\"https:\/\/cyberclean.net\/arbeitsleben\/?lang=de\">Am Arbeitsplatz<\/a>[\/vc_column_text][vc_empty_space height=&#8220;20px&#8220;][\/vc_column_inner][\/vc_row_inner][\/vc_column][\/vc_row]<\/p>\n<\/div>","protected":false},"excerpt":{"rendered":"<p>[vc_row][vc_column width=&#8220;3\/4&#8243;][vc_row_inner][vc_column_inner width=&#8220;1\/2&#8243;][vc_single_image image=&#8220;17847&#8243; img_size=&#8220;full&#8220;][\/vc_column_inner][vc_column_inner width=&#8220;1\/2&#8243;][vc_column_text] Gesund bleiben im Alltag [\/vc_column_text][vc_empty_space height=&#8220;20px&#8220;][vc_column_text] Menschen sind heute zu Hause, am Arbeitsplatz und beim Sport verst\u00e4rkt den unterschiedlichsten Arten von Bakterien und Viren ausgesetzt. Zudem ist die Anzahl der Personen mit Allergien st\u00e4ndig im Steigen begriffen. Der Kontakt&#8230;<\/p>\n","protected":false},"author":1,"featured_media":0,"parent":0,"menu_order":0,"comment_status":"open","ping_status":"open","template":"","meta":{"footnotes":""},"class_list":["post-18026","page","type-page","status-publish","hentry"],"_links":{"self":[{"href":"https:\/\/cyberclean.net\/de\/wp-json\/wp\/v2\/pages\/18026","targetHints":{"allow":["GET"]}}],"collection":[{"href":"https:\/\/cyberclean.net\/de\/wp-json\/wp\/v2\/pages"}],"about":[{"href":"https:\/\/cyberclean.net\/de\/wp-json\/wp\/v2\/types\/page"}],"author":[{"embeddable":true,"href":"https:\/\/cyberclean.net\/de\/wp-json\/wp\/v2\/users\/1"}],"replies":[{"embeddable":true,"href":"https:\/\/cyberclean.net\/de\/wp-json\/wp\/v2\/comments?post=18026"}],"version-history":[{"count":5,"href":"https:\/\/cyberclean.net\/de\/wp-json\/wp\/v2\/pages\/18026\/revisions"}],"predecessor-version":[{"id":19800,"href":"https:\/\/cyberclean.net\/de\/wp-json\/wp\/v2\/pages\/18026\/revisions\/19800"}],"wp:attachment":[{"href":"https:\/\/cyberclean.net\/de\/wp-json\/wp\/v2\/media?parent=18026"}],"curies":[{"name":"wp","href":"https:\/\/api.w.org\/{rel}","templated":true}]}}