{"id":18028,"date":"2015-11-16T23:04:23","date_gmt":"2015-11-16T23:04:23","guid":{"rendered":"http:\/\/cyberclean.weiter.ch\/?page_id=18028"},"modified":"2017-03-06T14:05:38","modified_gmt":"2017-03-06T14:05:38","slug":"reinigungs-tips-2","status":"publish","type":"page","link":"https:\/\/cyberclean.net\/de\/reinigungs-tips-2\/","title":{"rendered":"Reinigungstipps"},"content":{"rendered":"<div class=\"wpb-content-wrapper\"><p>[vc_row][vc_column width=&#8220;3\/4&#8243;][vc_row_inner][vc_column_inner][vc_column_text]<\/p>\n<h1>Einfache Schritte f\u00fcr ein gesundes Lebensumfeld<\/h1>\n<p>[\/vc_column_text][vc_empty_space height=&#8220;20px&#8220;][vc_column_text]<\/p>\n<h4>Die Reinigung schwer zu erreichender Zwischenr\u00e4ume kann m\u00fchsam sein. Gerade dort finden sich aber h\u00e4ufig nicht nur Schmutz sondern auch gef\u00e4hrliche Keime und Pilze. Regelm\u00e4\u00dfige Reinigung und Desinfektion ist daher ratsam.<\/h4>\n<p>[\/vc_column_text][vc_empty_space height=&#8220;20px&#8220;][vc_column_text]Das gilt insbesondere f\u00fcr viele Haushaltsger\u00e4te und -gegenst\u00e4nde wie Haartrockner, Rasierapparate, Hifi-Systeme, Ventilatoren oder Heizk\u00f6rper, kurz gesagt: f\u00fcr alle Gegenst\u00e4nde und Oberfl\u00e4chen mit schwer zu erreichenden Zwischenr\u00e4umen. Auch die hygienische Reinigung von Zwischenr\u00e4umen im Auto oder des Inneren von Schuhen ist schwierig und wird daher leider oft vernachl\u00e4ssigt.<\/p>\n<p>Auf diesen Seiten erhalten Sie wertvolle Reinigungstipps f\u00fcr ein sauberes und gesundes Lebensumfeld, egal ob zu Hause, in der Arbeit oder f\u00fcr unterwegs.[\/vc_column_text][vc_empty_space height=&#8220;20px&#8220;][vc_column_text]<br \/>\n[\/vc_column_text][\/vc_column_inner][\/vc_row_inner][vc_row_inner][vc_column_inner width=&#8220;1\/2&#8243;][vc_single_image image=&#8220;17664&#8243; img_size=&#8220;full&#8220; css=&#8220;.vc_custom_1443312686200{padding-right: 0px !important;}&#8220;][\/vc_column_inner][vc_column_inner width=&#8220;1\/2&#8243;][vc_single_image image=&#8220;18471&#8243; img_size=&#8220;full&#8220; css=&#8220;.vc_custom_1450360343278{padding-left: 0px !important;}&#8220;][\/vc_column_inner][\/vc_row_inner][\/vc_column][vc_column width=&#8220;1\/4&#8243;][vc_column_text]<\/p>\n<h5>WEITERE INFORMATIONEN<\/h5>\n<p>[\/vc_column_text][vc_empty_space height=&#8220;20px&#8220;][vc_single_image image=&#8220;18510&#8243; img_size=&#8220;full&#8220;][vc_empty_space height=&#8220;20px&#8220;][vc_column_text]<\/p>\n<div class=\"column_borders\">\n<div class=\"column_text column_title\"><strong>Wie verwende ich Cyber Clean:<br \/>\n<\/strong><\/div>\n<div class=\"column_text\">\n<ul>\n<li><a href=\"\/cleaning-tips-home-2-2\/?lang=de\">im Haus?<\/a><\/li>\n<li><a href=\"\/buro?lang=de\">im B\u00fcro?<\/a><\/li>\n<li><a href=\"\/reisen?lang=de\">auf Reisen?<\/a><\/li>\n<\/ul>\n<\/div>\n<\/div>\n<p>[\/vc_column_text][\/vc_column][\/vc_row][vc_row][vc_column][vc_column_text]<\/p>\n<p>[\/vc_column_text][\/vc_column][\/vc_row][vc_row][vc_column][vc_empty_space][\/vc_column][\/vc_row]<\/p>\n<\/div>","protected":false},"excerpt":{"rendered":"<p>[vc_row][vc_column width=&#8220;3\/4&#8243;][vc_row_inner][vc_column_inner][vc_column_text] Einfache Schritte f\u00fcr ein gesundes Lebensumfeld [\/vc_column_text][vc_empty_space height=&#8220;20px&#8220;][vc_column_text] Die Reinigung schwer zu erreichender Zwischenr\u00e4ume kann m\u00fchsam sein. Gerade dort finden sich aber h\u00e4ufig nicht nur Schmutz sondern auch gef\u00e4hrliche Keime und Pilze. Regelm\u00e4\u00dfige Reinigung und Desinfektion ist daher ratsam. [\/vc_column_text][vc_empty_space height=&#8220;20px&#8220;][vc_column_text]Das gilt insbesondere&#8230;<\/p>\n","protected":false},"author":1,"featured_media":0,"parent":0,"menu_order":0,"comment_status":"open","ping_status":"open","template":"","meta":{"footnotes":""},"class_list":["post-18028","page","type-page","status-publish","hentry"],"_links":{"self":[{"href":"https:\/\/cyberclean.net\/de\/wp-json\/wp\/v2\/pages\/18028","targetHints":{"allow":["GET"]}}],"collection":[{"href":"https:\/\/cyberclean.net\/de\/wp-json\/wp\/v2\/pages"}],"about":[{"href":"https:\/\/cyberclean.net\/de\/wp-json\/wp\/v2\/types\/page"}],"author":[{"embeddable":true,"href":"https:\/\/cyberclean.net\/de\/wp-json\/wp\/v2\/users\/1"}],"replies":[{"embeddable":true,"href":"https:\/\/cyberclean.net\/de\/wp-json\/wp\/v2\/comments?post=18028"}],"version-history":[{"count":11,"href":"https:\/\/cyberclean.net\/de\/wp-json\/wp\/v2\/pages\/18028\/revisions"}],"predecessor-version":[{"id":19753,"href":"https:\/\/cyberclean.net\/de\/wp-json\/wp\/v2\/pages\/18028\/revisions\/19753"}],"wp:attachment":[{"href":"https:\/\/cyberclean.net\/de\/wp-json\/wp\/v2\/media?parent=18028"}],"curies":[{"name":"wp","href":"https:\/\/api.w.org\/{rel}","templated":true}]}}