{"id":18031,"date":"2015-11-16T23:08:19","date_gmt":"2015-11-16T23:08:19","guid":{"rendered":"http:\/\/cyberclean.weiter.ch\/?page_id=18031"},"modified":"2016-08-24T12:02:49","modified_gmt":"2016-08-24T12:02:49","slug":"uns-ist-wichtig","status":"publish","type":"page","link":"https:\/\/cyberclean.net\/de\/uns-ist-wichtig\/","title":{"rendered":"Uns ist wichtig"},"content":{"rendered":"<div class=\"wpb-content-wrapper\"><p>[vc_row][vc_column width=&#8220;3\/4&#8243;][vc_row_inner][vc_column_inner width=&#8220;1\/2&#8243;][vc_single_image image=&#8220;18353&#8243; img_size=&#8220;full&#8220;][\/vc_column_inner][vc_column_inner width=&#8220;1\/2&#8243;][vc_column_text]<\/p>\n<h1>Innovative und sichere Produkte<\/h1>\n<p>[\/vc_column_text][vc_empty_space height=&#8220;20px&#8220;][vc_column_text]<\/p>\n<h4>Die Philosophie der JOKER Group besteht darin, sichere, innovative und hochwertige Produkte anzubieten, die Hygiene, Wohlbefinden und Freude im Alltag f\u00f6rdern.<\/h4>\n<p>[\/vc_column_text][vc_empty_space height=&#8220;20px&#8220;][vc_column_text]Wir legen gro\u00dfen Wert auf unsere Umwelt und die Sicherheit unserer Kunden. Unsere Produkte bestehen zum Gro\u00dfteil aus nat\u00fcrlichen Inhaltsstoffen und wir verwenden ausschlie\u00dflich Ausgangsmaterialien von h\u00f6chster Qualit\u00e4t und verbessern unsere Produkte fortw\u00e4hrend durch Forschung und Tests.<\/p>\n<p>&nbsp;<\/p>\n<p>Um ihr Bekenntnis zu fairen und ethischen Gesch\u00e4ftspraktiken und dem gesellschaftlichen Umfeld zu unterstreichen, hat die JOKER Group im Jahr 2005 die JOKER Foundation gegr\u00fcndet. Die Stiftung f\u00f6rdert benachteiligte Kinder weltweit, indem sie ihnen bessere Bildungsm\u00f6glichkeiten verschafft.[\/vc_column_text][\/vc_column_inner][\/vc_row_inner][vc_column_text]<br \/>\n[\/vc_column_text][\/vc_column][vc_column width=&#8220;1\/4&#8243;][vc_column_text]<\/p>\n<h5>WEITERE INFORMATIONEN<\/h5>\n<p>[\/vc_column_text][vc_empty_space height=&#8220;20px&#8220;][vc_column_text]<\/p>\n<div class=\"column_text\"><span class=\"column_title\"><strong>Cyber Clean ist ein patentiertes Reinigungsprodukt<\/strong><\/span><\/div>\n<div class=\"column_text\"><\/div>\n<div class=\"column_text\"><\/div>\n<p><a href=\"https:\/\/cyberclean.net\/wp-content\/uploads\/2015\/09\/European_Patent.pdf\" target=\"_blank\">Europ\u00e4isches Patent herunterladen<\/a><\/p>\n<p><a href=\"https:\/\/cyberclean.net\/wp-content\/uploads\/2015\/09\/American_Patent.pdf\" target=\"_blank\">Amerikanisches Patent herunterladen<\/a>[\/vc_column_text][\/vc_column][\/vc_row][vc_row][vc_column][vc_empty_space][\/vc_column][\/vc_row]<\/p>\n<\/div>","protected":false},"excerpt":{"rendered":"<p>[vc_row][vc_column width=&#8220;3\/4&#8243;][vc_row_inner][vc_column_inner width=&#8220;1\/2&#8243;][vc_single_image image=&#8220;18353&#8243; img_size=&#8220;full&#8220;][\/vc_column_inner][vc_column_inner width=&#8220;1\/2&#8243;][vc_column_text] Innovative und sichere Produkte [\/vc_column_text][vc_empty_space height=&#8220;20px&#8220;][vc_column_text] Die Philosophie der JOKER Group besteht darin, sichere, innovative und hochwertige Produkte anzubieten, die Hygiene, Wohlbefinden und Freude im Alltag f\u00f6rdern. [\/vc_column_text][vc_empty_space height=&#8220;20px&#8220;][vc_column_text]Wir legen gro\u00dfen Wert auf unsere Umwelt und die Sicherheit unserer&#8230;<\/p>\n","protected":false},"author":1,"featured_media":0,"parent":0,"menu_order":0,"comment_status":"open","ping_status":"open","template":"","meta":{"footnotes":""},"class_list":["post-18031","page","type-page","status-publish","hentry"],"_links":{"self":[{"href":"https:\/\/cyberclean.net\/de\/wp-json\/wp\/v2\/pages\/18031","targetHints":{"allow":["GET"]}}],"collection":[{"href":"https:\/\/cyberclean.net\/de\/wp-json\/wp\/v2\/pages"}],"about":[{"href":"https:\/\/cyberclean.net\/de\/wp-json\/wp\/v2\/types\/page"}],"author":[{"embeddable":true,"href":"https:\/\/cyberclean.net\/de\/wp-json\/wp\/v2\/users\/1"}],"replies":[{"embeddable":true,"href":"https:\/\/cyberclean.net\/de\/wp-json\/wp\/v2\/comments?post=18031"}],"version-history":[{"count":11,"href":"https:\/\/cyberclean.net\/de\/wp-json\/wp\/v2\/pages\/18031\/revisions"}],"predecessor-version":[{"id":19264,"href":"https:\/\/cyberclean.net\/de\/wp-json\/wp\/v2\/pages\/18031\/revisions\/19264"}],"wp:attachment":[{"href":"https:\/\/cyberclean.net\/de\/wp-json\/wp\/v2\/media?parent=18031"}],"curies":[{"name":"wp","href":"https:\/\/api.w.org\/{rel}","templated":true}]}}