{"id":18040,"date":"2015-11-16T23:13:17","date_gmt":"2015-11-16T23:13:17","guid":{"rendered":"http:\/\/cyberclean.weiter.ch\/?page_id=18040"},"modified":"2017-03-07T10:34:01","modified_gmt":"2017-03-07T10:34:01","slug":"home-office-2-2","status":"publish","type":"page","link":"https:\/\/cyberclean.net\/de\/produkte\/home-office-2-2\/","title":{"rendered":"Home &#038; Office"},"content":{"rendered":"<div class=\"wpb-content-wrapper\"><p>[vc_row][vc_column width=&#8220;3\/4&#8243;][vc_row_inner][vc_column_inner][vc_column_text]<\/p>\n<h1>Cyber Clean Home &amp; Office \u2013<br \/>\nKeine Ansteckung per Tastendruck<\/h1>\n<p>[\/vc_column_text][vc_empty_space height=&#8220;20px&#8220;][vc_column_text]<\/p>\n<h4>Essen Sie am Computer oder trinken den Kaffee w\u00e4hrend Sie E-Mails schreiben? Dann wird es Sie wahrscheinlich interessieren, dass die Tasten des Computers m\u00f6glicherweise st\u00e4rker keimbelastet sind als eine \u00f6ffentliche Toilette! Gar nicht zu reden von Ger\u00e4ten die von mehreren Personen genutzt werden oder Mobiltelefonen, wo ein schneller Abstrich von Tasten und Bildschirm sehr wahrscheinlich auch eine Belastung mit F\u00e4kalkeimen ergeben w\u00fcrde.<br \/>\n<strong> Sicherheits- und Anwendungshinweis:<\/strong> Biozide vorsichtig verwenden. Vor Gebrauch stets Etikett und Produktinformationen lesen. <strong><br \/>\n<\/strong><\/h4>\n<p>[\/vc_column_text][vc_empty_space height=&#8220;20px&#8220;][\/vc_column_inner][\/vc_row_inner][vc_row_inner][vc_column_inner width=&#8220;1\/2&#8243;][vc_video link=&#8220;https:\/\/youtu.be\/HJSxKyawC5U&#8220;][\/vc_column_inner][vc_column_inner width=&#8220;1\/2&#8243;][vc_single_image image=&#8220;18145&#8243; img_size=&#8220;256&#215;256&#8243; alignment=&#8220;center&#8220; css=&#8220;.vc_custom_1468269191701{padding-left: 0px !important;}&#8220;][\/vc_column_inner][\/vc_row_inner][vc_empty_space height=&#8220;30px&#8220;][vc_row_inner el_id=&#8220;product_singleimg&#8220;][vc_column_inner width=&#8220;1\/4&#8243;][vc_single_image image=&#8220;18480&#8243; img_size=&#8220;full&#8220; css=&#8220;.vc_custom_1450281457823{padding-right: 0px !important;}&#8220;][\/vc_column_inner][vc_column_inner width=&#8220;1\/4&#8243;][vc_single_image image=&#8220;18477&#8243; img_size=&#8220;full&#8220; css=&#8220;.vc_custom_1450281474357{padding-right: 0px !important;padding-left: 0px !important;}&#8220;][\/vc_column_inner][vc_column_inner width=&#8220;1\/4&#8243;][vc_single_image image=&#8220;18481&#8243; img_size=&#8220;full&#8220; css=&#8220;.vc_custom_1450281496235{padding-right: 0px !important;padding-left: 0px !important;}&#8220;][\/vc_column_inner][vc_column_inner width=&#8220;1\/4&#8243;][vc_single_image image=&#8220;18482&#8243; img_size=&#8220;full&#8220; css=&#8220;.vc_custom_1450281508968{padding-left: 0px !important;}&#8220;][\/vc_column_inner][\/vc_row_inner][vc_empty_space height=&#8220;50px&#8220;][vc_row_inner][vc_column_inner width=&#8220;1\/3&#8243;][vc_column_text]<\/p>\n<h2 style=\"text-align: center;\">Produkt<\/h2>\n<p>[\/vc_column_text][\/vc_column_inner][vc_column_inner width=&#8220;1\/3&#8243;][vc_column_text]<\/p>\n<h2 style=\"text-align: center;\">Anwendung<\/h2>\n<p>[\/vc_column_text][\/vc_column_inner][vc_column_inner width=&#8220;1\/3&#8243;][vc_column_text]<\/p>\n<h2 style=\"text-align: center;\">Inhaltsstoffe und Sicherheit<\/h2>\n<p>[\/vc_column_text][\/vc_column_inner][\/vc_row_inner][vc_row_inner][vc_column_inner width=&#8220;1\/3&#8243;][vc_single_image image=&#8220;18483&#8243; img_size=&#8220;full&#8220; alignment=&#8220;center&#8220;][vc_empty_space height=&#8220;20px&#8220;][vc_column_text]<strong>Cyber Clean Home &amp; Office &#8211; Keine Ansteckung per Tastendruck<\/strong><\/p>\n<p>Staub, Partikel von Lebensmitteln und Fl\u00fcssigkeitstr\u00f6pfchen gelangen in Spalten und Ritzen und bilden einen idealen N\u00e4hrboden f\u00fcr Bakterien und Viren. Von dort verbreiten sie sich quasi per Tastendruck!<\/p>\n<p>Cyber Clean ist eine nat\u00fcrliche Reinigungsmasse, die erwiesenerma\u00dfen \u00fcber 99<br \/>\nProzent aller h\u00e4ufig auf Oberfl\u00e4chen zu findenden Keime entfernt. Sie sch\u00fctzt vor gef\u00e4hrlichen Bakterien und schafft zu Hause und am Arbeitsplatz ein gesundes Lebensumfeld.[\/vc_column_text][vc_empty_space height=&#8220;20px&#8220;][vc_column_text]<strong><a href=\"https:\/\/www.cybercleanshop.de\/cyber-clean\/home-and-office\/\" target=\"_blank\">Cyber Clean Home &amp; Office kaufen<\/a><\/strong>[\/vc_column_text][vc_empty_space height=&#8220;10px&#8220;][vc_column_text]<strong><a href=\"https:\/\/cyberclean.net\/wp-content\/uploads\/2017\/02\/CYBER-CLEAN-Brochure-2016-2017-.pdf\" target=\"_blank\">Cyber Clean Produktbrosch\u00fcre herunterladen<\/a><\/strong>[\/vc_column_text][\/vc_column_inner][vc_column_inner width=&#8220;1\/3&#8243;][vc_single_image image=&#8220;18484&#8243; img_size=&#8220;full&#8220; alignment=&#8220;center&#8220;][vc_empty_space height=&#8220;20px&#8220;][vc_column_text]<strong>Einfache Schritte f\u00fcr Keimentfernung!<\/strong><\/p>\n<ol>\n<li>Nehmen Sie die Masse aus der Packung, und kneten Sie sie etwa 10 Sekunden lang durch. Dadurch kann die Masse den pH-Wert der Haut annehmen. Achten Sie darauf, dass Ihre H\u00e4nde trocken sind.<\/li>\n<li>Legen Sie die Masse auf die zu reinigende Oberfl\u00e4che, und dr\u00fccken Sie sie fest auf, damit Cyber Clean in alle Zwischenr\u00e4ume eindringen kann.<\/li>\n<li>Ziehen Sie die Masse ab. Falten Sie die Masse \u00fcber der benutzten Stelle zusammen um Schmutzpartikel und Bakterien darin einzuschlie\u00dfen. Wiederholen Sie den Reinigungsvorgang bei Bedarf.<\/li>\n<li>Legen Sie die Masse zur\u00fcck in die Verpackung, und verschlie\u00dfen Sie diese sorgf\u00e4ltig, damit die Masse nicht austrocknet. Lagern Sie das Produkt an einem k\u00fchlen und trockenen Ort, und sch\u00fctzen Sie es vor direkter Sonneneinstrahlung.<\/li>\n<\/ol>\n<p>Cyber Clean Home &amp; Office ist ideal zur Reinigung von Gegenst\u00e4nden und Oberfl\u00e4chen mit schwer erreichbaren Zwischenr\u00e4umen geeignet. Es ist einfach anzuwenden und hinterl\u00e4sst keine R\u00fcckst\u00e4nde. Daher eignet es sich optimal f\u00fcr die Reinigung von elektronischen Ger\u00e4ten wie Telefonen, Gegensprechanlagen, Hi-Fi-Ger\u00e4ten, Computern und Tastaturen sowie Spielkonsolen und Controllern. Es eignet sich auch sehr gut f\u00fcr die Reinigung vieler Haushaltsger\u00e4te wie Haarf\u00f6hne, Rasierapparate, Ventilatoren und Heizk\u00f6rper \u2013 einfach aller Gegenst\u00e4nde und Oberfl\u00e4chen mit schwer erreichbaren Zwischenr\u00e4umen.[\/vc_column_text][\/vc_column_inner][vc_column_inner width=&#8220;1\/3&#8243;][vc_single_image image=&#8220;18848&#8243; img_size=&#8220;full&#8220; alignment=&#8220;center&#8220;][vc_empty_space height=&#8220;20px&#8220;][vc_column_text]<strong>Cyber Clean bietet eine nat\u00fcrliche <\/strong><strong>und sichere Reinigung<\/strong><\/p>\n<p>Nach einem Jahrzehnt intensiver Forschung und Tests hat die JOKER Group die Reinigungsmasse <strong>Cyber Clean<\/strong> 2007 auf den Markt gebracht. <strong>Cyber Clean<\/strong> besteht \u00fcberwiegend aus nat\u00fcrlichen Inhaltsstoffen wie Wasser, Ethanol und Guarkernmehl. Das Produkt wurde von unabh\u00e4ngigen Laboren gr\u00fcndlich getestet.<\/p>\n<p>[\/vc_column_text][\/vc_column_inner][\/vc_row_inner][\/vc_column][vc_column width=&#8220;1\/4&#8243;][vc_column_text]<\/p>\n<h5>WEITERE INFORMATIONEN<\/h5>\n<p>[\/vc_column_text][vc_empty_space height=&#8220;20px&#8220;][vc_single_image image=&#8220;18479&#8243; img_size=&#8220;full&#8220; css=&#8220;.vc_custom_1455797973329{padding-right: 0px !important;}&#8220;][vc_empty_space height=&#8220;20px&#8220;][vc_column_text]<span class=\"column_title\"><strong>Einfache Schritte f\u00fcr ein gesunderes Lebensumfeld<\/strong><\/span><\/p>\n<p>Cyber Clean Home &amp; Office ist ideal zur Reinigung von vielen Haushaltsgegenst\u00e4nden geeignet \u2013 praktisch f\u00fcr alle Gegenst\u00e4nde und Oberfl\u00e4chen mit schwer erreichbaren Zwischenr\u00e4umen.[\/vc_column_text][vc_empty_space height=&#8220;10px&#8220;][vc_column_text]<a href=\"\/cleaning-tips\/?lang=de\">Erfahren Sie mehr \u00fcber wo Sie Cyber Clean verwenden k\u00f6nnen.<\/a>[\/vc_column_text][\/vc_column][\/vc_row][vc_row][vc_column][vc_empty_space][\/vc_column][\/vc_row]<\/p>\n<\/div>","protected":false},"excerpt":{"rendered":"<p>[vc_row][vc_column width=&#8220;3\/4&#8243;][vc_row_inner][vc_column_inner][vc_column_text] Cyber Clean Home &amp; Office \u2013 Keine Ansteckung per Tastendruck [\/vc_column_text][vc_empty_space height=&#8220;20px&#8220;][vc_column_text] Essen Sie am Computer oder trinken den Kaffee w\u00e4hrend Sie E-Mails schreiben? Dann wird es Sie wahrscheinlich interessieren, dass die Tasten des Computers m\u00f6glicherweise st\u00e4rker keimbelastet sind als eine \u00f6ffentliche Toilette!&#8230;<\/p>\n","protected":false},"author":1,"featured_media":0,"parent":18022,"menu_order":0,"comment_status":"open","ping_status":"closed","template":"","meta":{"footnotes":""},"class_list":["post-18040","page","type-page","status-publish","hentry"],"_links":{"self":[{"href":"https:\/\/cyberclean.net\/de\/wp-json\/wp\/v2\/pages\/18040","targetHints":{"allow":["GET"]}}],"collection":[{"href":"https:\/\/cyberclean.net\/de\/wp-json\/wp\/v2\/pages"}],"about":[{"href":"https:\/\/cyberclean.net\/de\/wp-json\/wp\/v2\/types\/page"}],"author":[{"embeddable":true,"href":"https:\/\/cyberclean.net\/de\/wp-json\/wp\/v2\/users\/1"}],"replies":[{"embeddable":true,"href":"https:\/\/cyberclean.net\/de\/wp-json\/wp\/v2\/comments?post=18040"}],"version-history":[{"count":48,"href":"https:\/\/cyberclean.net\/de\/wp-json\/wp\/v2\/pages\/18040\/revisions"}],"predecessor-version":[{"id":19778,"href":"https:\/\/cyberclean.net\/de\/wp-json\/wp\/v2\/pages\/18040\/revisions\/19778"}],"up":[{"embeddable":true,"href":"https:\/\/cyberclean.net\/de\/wp-json\/wp\/v2\/pages\/18022"}],"wp:attachment":[{"href":"https:\/\/cyberclean.net\/de\/wp-json\/wp\/v2\/media?parent=18040"}],"curies":[{"name":"wp","href":"https:\/\/api.w.org\/{rel}","templated":true}]}}