{"id":18042,"date":"2015-11-16T23:14:22","date_gmt":"2015-11-16T23:14:22","guid":{"rendered":"http:\/\/cyberclean.weiter.ch\/?page_id=18042"},"modified":"2017-03-11T11:50:08","modified_gmt":"2017-03-11T11:50:08","slug":"car-2","status":"publish","type":"page","link":"https:\/\/cyberclean.net\/de\/produkte\/car-2\/","title":{"rendered":"Car"},"content":{"rendered":"<div class=\"wpb-content-wrapper\"><p>[vc_row][vc_column width=&#8220;3\/4&#8243;][vc_row_inner][vc_column_inner][vc_column_text]<\/p>\n<h1>\u00dcberlegen Sie wen Sie mitnehmen<\/h1>\n<p>[\/vc_column_text][vc_empty_space height=&#8220;20px&#8220;][vc_column_text]<\/p>\n<h4>Fragen Sie sich was den etwas unangenehmen Geruch in Ihrem Auto verursacht? Und wenn Sie w\u00fcssten, dass das Lenkrad unhygienischer ist als die Klobrille in Ihrem Lokalzug, w\u00fcrden Sie es ber\u00fchren? Oder Ihren Wochenendeinkauf im Kofferraum transportieren, wenn Sie w\u00fcssten, dass es in diesem nur so vor potentiell gef\u00e4hrlichen Keimen wimmelt?<br \/>\n<strong>Sicherheits- und Anwendungshinweis:<\/strong> Biozide vorsichtig verwenden. Vor Gebrauch stets Etikett und Produktinformationen lesen.<strong><br \/>\n<\/strong><\/h4>\n<p>[\/vc_column_text][vc_empty_space height=&#8220;20px&#8220;][\/vc_column_inner][\/vc_row_inner][vc_row_inner][vc_column_inner width=&#8220;1\/2&#8243;][vc_column_text]<iframe loading=\"lazy\" src=\"https:\/\/www.youtube.com\/embed\/qQWvwklHJ4Q\" width=\"374\" height=\"262\" frameborder=\"0\" allowfullscreen=\"allowfullscreen\"><\/iframe>[\/vc_column_text][\/vc_column_inner][vc_column_inner width=&#8220;1\/2&#8243;][vc_single_image image=&#8220;18467&#8243; img_size=&#8220;full&#8220;][\/vc_column_inner][\/vc_row_inner][vc_empty_space height=&#8220;30&#8243;][vc_row_inner][vc_column_inner width=&#8220;1\/4&#8243;][vc_single_image image=&#8220;18469&#8243; img_size=&#8220;full&#8220;][\/vc_column_inner][vc_column_inner width=&#8220;1\/4&#8243;][vc_single_image image=&#8220;18470&#8243; img_size=&#8220;full&#8220;][\/vc_column_inner][vc_column_inner width=&#8220;1\/4&#8243;][vc_single_image image=&#8220;18471&#8243; img_size=&#8220;full&#8220;][\/vc_column_inner][vc_column_inner width=&#8220;1\/4&#8243;][vc_single_image image=&#8220;18472&#8243; img_size=&#8220;full&#8220;][\/vc_column_inner][\/vc_row_inner][vc_empty_space height=&#8220;50&#8243;][vc_row_inner][vc_column_inner width=&#8220;1\/3&#8243;][vc_column_text]<\/p>\n<h2 style=\"text-align: center;\">Produkt<\/h2>\n<p>[\/vc_column_text][\/vc_column_inner][vc_column_inner width=&#8220;1\/3&#8243;][vc_column_text]<\/p>\n<h2 style=\"text-align: center;\">Anwendung<\/h2>\n<p>[\/vc_column_text][\/vc_column_inner][vc_column_inner width=&#8220;1\/3&#8243;][vc_column_text]<\/p>\n<h2 style=\"text-align: center;\">Inhaltsstoffe und Sicherheit<\/h2>\n<p>[\/vc_column_text][\/vc_column_inner][\/vc_row_inner][vc_row_inner][vc_column_inner width=&#8220;1\/3&#8243;][vc_single_image image=&#8220;18473&#8243; img_size=&#8220;full&#8220; alignment=&#8220;center&#8220;][vc_empty_space height=&#8220;20px&#8220;][vc_column_text]<strong>\u00dcberlegen Sie wen Sie mitnehmen!<\/strong><\/p>\n<p>Viele von uns essen und trinken w\u00e4hrend der Fahrt. Kr\u00fcmel und Fl\u00fcssigkeitstr\u00f6pfchen, aber auch Staub und anderer Schmutz sammeln sich in allen Ritzen und Spalten:<br \/>\nein wahres Fest f\u00fcr Keime, denen Sie ohne es zu wissen eine Mitfahrgelegenheit bieten! Cyber Clean Car sorgt daf\u00fcr, dass Keime sich nicht ausbreiten. Es ist ideal um Staubpartikel und -milben, sowie losen Schmutz und Keime aus Ihrem Autoinnenraum zu entfernen.<\/p>\n<p>Untersuchungen zufolge l\u00e4sst sich durch die Anwendung von Cyber Clean Car die Anzahl von Keimen in den L\u00fcftungs\u00f6ffnungen um 96% und die Anzahl von Milben um 97% reduzieren.[\/vc_column_text][vc_empty_space height=&#8220;20px&#8220;][vc_column_text]<strong><a href=\"https:\/\/www.cybercleanshop.de\/cyber-clean\/car\/\" target=\"_blank\">Cyber Clean Car kaufen<\/a><\/strong><br \/>\n[\/vc_column_text][vc_empty_space height=&#8220;10px&#8220;][vc_column_text]<\/p>\n<div class=\"column_text\"><strong><a href=\"https:\/\/cyberclean.net\/wp-content\/uploads\/2017\/02\/CYBER-CLEAN-Brochure-2016-2017-.pdf\" target=\"_blank\">Cyber Clean Produktbrosch\u00fcre herunterladen<\/a><\/strong><\/div>\n<p>[\/vc_column_text][\/vc_column_inner][vc_column_inner width=&#8220;1\/3&#8243;][vc_single_image image=&#8220;18474&#8243; img_size=&#8220;full&#8220; alignment=&#8220;center&#8220;][vc_empty_space height=&#8220;20px&#8220;][vc_column_text]<strong>Keime entfernen &#8211; <\/strong><strong>mit einfachen Schritten!<\/strong><\/p>\n<ol>\n<li>Nehmen Sie die Masse aus der Packung, und kneten Sie sie etwa 10 Sekunden lang durch. Dadurch kann die Masse den pH-Wert der Haut annehmen. Achten Sie darauf, dass Ihre H\u00e4nde trocken sind.<\/li>\n<li>Legen Sie die Masse auf die zu reinigende Oberfl\u00e4che, und dr\u00fccken Sie sie fest auf, damit Cyber Clean alle Zwischenr\u00e4ume erreichen kann.<\/li>\n<li>Cyber Clean nimmt Partikel und Keime auf, bindet sie und l\u00e4sst sie durch seine Membranfunktion nicht mehr nach Aussen gelangen. Wiederholen Sie den Reinigungsvorgang bei Bedarf.<\/li>\n<li>Legen Sie die Masse zur\u00fcck in die Packung, und verschlie\u00dfen Sie diese sorgf\u00e4ltig, damit die Masse nicht austrocknet. Lagern Sie das Produkt an einem k\u00fchlen und trockenen Ort, und sch\u00fctzen Sie es vor direkter Sonneneinstrahlung.<\/li>\n<\/ol>\n<p>Durch regelm\u00e4\u00dfige Reinigung mit Cyber Clean sorgen Sie daf\u00fcr, dass Schalter und bewegliche Teile einwandfrei funktionieren. Cyber Clean Car erreicht auch tiefe Zwischenr\u00e4ume. Mit seinem innovativen Membransystem schlie\u00dft es Schmutz und Bakterien in der Reinigungsmasse ein. Ob Sie das Handschuhfach Ihres Autos oder die Klimaanlage reinigen m\u00f6chten \u2013 Cyber Clean Car entfernt s\u00e4mtliche Bakterien und Schmutzpartikel. Es eignet sich optimal zur Reinigung aller Gegenst\u00e4nde und Oberfl\u00e4chen mit schwer erreichbaren Zwischenr\u00e4umen.[\/vc_column_text][\/vc_column_inner][vc_column_inner width=&#8220;1\/3&#8243;][vc_single_image image=&#8220;17607&#8243; img_size=&#8220;full&#8220; alignment=&#8220;center&#8220;][vc_empty_space height=&#8220;20px&#8220;][vc_column_text]<strong>Cyber Clean bietet eine nat\u00fcrliche <\/strong><strong>und sichere Reinigung<\/strong><\/p>\n<p>Nach einem Jahrzehnt intensiver Forschung und Tests hat die JOKER Group die Reinigungsmasse <strong>Cyber Clean<\/strong> 2007 auf den Markt gebracht. <strong>Cyber Clean<\/strong> besteht \u00fcberwiegend aus nat\u00fcrlichen Inhaltsstoffen wie Wasser, Ethanol und Guarkernmehl. Das Produkt wurde von unabh\u00e4ngigen Laboren gr\u00fcndlich getestet.<\/p>\n<p>Neben Farb- und Duftstoffen sind in Cyber Clean auch die folgenden Inhaltsstoffe enthalten:<\/p>\n<p>&nbsp;<\/p>\n<p><strong>Diazolidinyl-Harnstoff<\/strong><br \/>\nDiazolidinyl-Harnstoff wird h\u00e4ufig als Konservierungsmittel in Kosmetika, Hautpflegeprodukten, Shampoos und Haarsp\u00fclungen verwendet.<\/p>\n<p>&nbsp;<\/p>\n<p><strong>Parabene<\/strong><br \/>\nParabene sind ebenfalls in einer Vielzahl von Produkten und Konsumg\u00fctern enthalten, beispielsweise in Kosmetika (Cremes, Lotionen, Lippenstifte), Medikamenten (zur inneren und \u00e4u\u00dferen Anwendung) oder Lebensmitteln (Gelatine\u00fcberzug von Fleischprodukten, Kekse, S\u00fc\u00dfigkeiten), und dienen der Konservierung.[\/vc_column_text][\/vc_column_inner][\/vc_row_inner][\/vc_column][vc_column width=&#8220;1\/4&#8243;][\/vc_column][\/vc_row][vc_row][vc_column][vc_empty_space][\/vc_column][\/vc_row]<\/p>\n<\/div>","protected":false},"excerpt":{"rendered":"<p>[vc_row][vc_column width=&#8220;3\/4&#8243;][vc_row_inner][vc_column_inner][vc_column_text] \u00dcberlegen Sie wen Sie mitnehmen [\/vc_column_text][vc_empty_space height=&#8220;20px&#8220;][vc_column_text] Fragen Sie sich was den etwas unangenehmen Geruch in Ihrem Auto verursacht? Und wenn Sie w\u00fcssten, dass das Lenkrad unhygienischer ist als die Klobrille in Ihrem Lokalzug, w\u00fcrden Sie es ber\u00fchren? Oder Ihren Wochenendeinkauf im Kofferraum&#8230;<\/p>\n","protected":false},"author":1,"featured_media":0,"parent":18022,"menu_order":0,"comment_status":"open","ping_status":"closed","template":"","meta":{"footnotes":""},"class_list":["post-18042","page","type-page","status-publish","hentry"],"_links":{"self":[{"href":"https:\/\/cyberclean.net\/de\/wp-json\/wp\/v2\/pages\/18042","targetHints":{"allow":["GET"]}}],"collection":[{"href":"https:\/\/cyberclean.net\/de\/wp-json\/wp\/v2\/pages"}],"about":[{"href":"https:\/\/cyberclean.net\/de\/wp-json\/wp\/v2\/types\/page"}],"author":[{"embeddable":true,"href":"https:\/\/cyberclean.net\/de\/wp-json\/wp\/v2\/users\/1"}],"replies":[{"embeddable":true,"href":"https:\/\/cyberclean.net\/de\/wp-json\/wp\/v2\/comments?post=18042"}],"version-history":[{"count":35,"href":"https:\/\/cyberclean.net\/de\/wp-json\/wp\/v2\/pages\/18042\/revisions"}],"predecessor-version":[{"id":19862,"href":"https:\/\/cyberclean.net\/de\/wp-json\/wp\/v2\/pages\/18042\/revisions\/19862"}],"up":[{"embeddable":true,"href":"https:\/\/cyberclean.net\/de\/wp-json\/wp\/v2\/pages\/18022"}],"wp:attachment":[{"href":"https:\/\/cyberclean.net\/de\/wp-json\/wp\/v2\/media?parent=18042"}],"curies":[{"name":"wp","href":"https:\/\/api.w.org\/{rel}","templated":true}]}}