{"id":18044,"date":"2015-11-16T23:15:20","date_gmt":"2015-11-16T23:15:20","guid":{"rendered":"http:\/\/cyberclean.weiter.ch\/?page_id=18044"},"modified":"2017-03-11T11:52:58","modified_gmt":"2017-03-11T11:52:58","slug":"vinyl-phono-care-2-2-2-2","status":"publish","type":"page","link":"https:\/\/cyberclean.net\/de\/produkte\/vinyl-phono-care-2-2-2-2\/","title":{"rendered":"Vinyl &#038; Phono Care"},"content":{"rendered":"<div class=\"wpb-content-wrapper\"><p>[vc_row][vc_column width=&#8220;3\/4&#8243;][vc_column_text]<\/p>\n<h1>Hier spielt die bessere Musik \u2013\u00a0geniessen Sie\u00a0Ihre Vinylklassiker auch in Zukunft!<\/h1>\n<p>[\/vc_column_text][vc_empty_space height=&#8220;20px&#8220;][vc_column_text]<\/p>\n<h4>Die High-Tech Masse f\u00fcr die schonende und effiziente Reinigung Ihrer wertvollen Vinyl Schallplattensammlung und empfindlicher Phono-Komponenten. Staub und sch\u00e4dliche Partikel werden von der Masse absorbiert. Dies reduziert den Abreibungseffekt und verbessert die Tonqualit\u00e4t. Mild fettl\u00f6send und hinterl\u00e4sst keine R\u00fcckst\u00e4nde!<\/h4>\n<p>[\/vc_column_text][vc_empty_space height=&#8220;20px&#8220;][vc_row_inner][vc_column_inner width=&#8220;1\/2&#8243;][vc_column_text]<\/p>\n<p><iframe loading=\"lazy\" src=\"https:\/\/www.youtube.com\/embed\/XpU0xF68f1o\" width=\"374\" height=\"249\" frameborder=\"0\" allowfullscreen=\"allowfullscreen\"><\/iframe><\/p>\n<p>[\/vc_column_text][\/vc_column_inner][vc_column_inner width=&#8220;1\/2&#8243;][vc_single_image image=&#8220;18601&#8243; img_size=&#8220;full&#8220;][\/vc_column_inner][\/vc_row_inner][vc_empty_space][vc_row_inner el_id=&#8220;product_singleimg&#8220;][vc_column_inner width=&#8220;1\/4&#8243;][vc_single_image image=&#8220;18603&#8243; img_size=&#8220;full&#8220;][\/vc_column_inner][vc_column_inner width=&#8220;1\/4&#8243;][vc_single_image image=&#8220;18604&#8243; img_size=&#8220;full&#8220;][\/vc_column_inner][vc_column_inner width=&#8220;1\/4&#8243;][vc_single_image image=&#8220;18605&#8243; img_size=&#8220;full&#8220;][\/vc_column_inner][vc_column_inner width=&#8220;1\/4&#8243;][vc_single_image image=&#8220;18606&#8243; img_size=&#8220;full&#8220;][\/vc_column_inner][\/vc_row_inner][vc_empty_space height=&#8220;50px&#8220;][vc_row_inner][vc_column_inner width=&#8220;1\/3&#8243;][vc_column_text]<\/p>\n<h2 style=\"text-align: center;\">Produkt<\/h2>\n<p>[\/vc_column_text][vc_single_image image=&#8220;18607&#8243; img_size=&#8220;full&#8220; alignment=&#8220;center&#8220;][vc_empty_space height=&#8220;20px&#8220;][vc_column_text]<\/p>\n<p><strong>F\u00fcr besseren Klang und lange Lebensdauer Ihrer Vinyl Schallplatten!<\/strong> Perfekte Tiefenreinigung von Schallplattenrillen. Auch geeignet f\u00fcr die sensiblen Tonabnahme-Komponenten. Entfernt sicher Staub und Schmutz.<\/p>\n<p>[\/vc_column_text][vc_empty_space height=&#8220;20px&#8220;][vc_column_text]<strong><a href=\"https:\/\/www.cybercleanshop.de\/cyber-clean\/vinyl-phono-care\/\" target=\"_blank\">Cyber Clean Vinyl &amp; Phono Care kaufen<\/a><\/strong>[\/vc_column_text][vc_empty_space height=&#8220;10px&#8220;][vc_column_text]<strong><a href=\"https:\/\/cyberclean.net\/wp-content\/uploads\/2017\/02\/CYBER-CLEAN-Brochure-2016-2017-.pdf\" target=\"_blank\">Cyber Clean Produktbrosch\u00fcre herunterladen<\/a><\/strong>[\/vc_column_text][\/vc_column_inner][vc_column_inner width=&#8220;1\/3&#8243;][vc_column_text]<\/p>\n<h2 style=\"text-align: center;\">Anwendung<\/h2>\n<p>[\/vc_column_text][vc_single_image image=&#8220;18608&#8243; img_size=&#8220;full&#8220; alignment=&#8220;center&#8220;][vc_empty_space height=&#8220;20px&#8220;][vc_column_text]<\/p>\n<ol>\n<li>Nehmen Sie die Masse aus der Packung, und kneten Sie sie etwa 10 Sekunden lang durch. Dadurch kann die Masse den pH-Wert der Haut annehmen. Achten Sie darauf, dass Ihre H\u00e4nde trocken sind.<\/li>\n<li>Nicht reiben, die Masse lediglich sanft \u00fcber die Platte rollen und vorsichtig auf Tonabnehmer und Nadel dr\u00fccken.<\/li>\n<li>R\u00fcckst\u00e4nde und Staub werden in der Masse eingeschlossen. Wiederholen Sie den Vorgang so oft wie n\u00f6tig, bis Vinyl-Platte oder Tonabnehmersystem sauber sind.<\/li>\n<li>Je nach aufgenommenem Schmutz kann die Masse mehrfach verwendet werden. Ein Farb-Code auf der Verpackung zeigt an, wann sie ersetzt werden sollte.<\/li>\n<li>Legen Sie die Masse zur\u00fcck in die Verpackung, und verschlie\u00dfen diese sorgf\u00e4ltig, damit die Masse nicht austrocknet. Lagern Sie das Produkt an einem k\u00fchlen und trockenen Ort, vor direkter Sonneneinstrahlung sch\u00fctzen.<\/li>\n<\/ol>\n<p>Nicht empfohlen f\u00fcr die Reinigung von Azetat-Platten (Dubplates)! Nicht auf fettigen oder nassen Oberfl\u00e4chen verwenden. Nur mit trockenen H\u00e4nden anfassen. Mehrfache Anwendung bis die Masse ihre Aufnahmef\u00e4higkeit erreicht hat (siehe Farbindikator).[\/vc_column_text][\/vc_column_inner][vc_column_inner width=&#8220;1\/3&#8243;][vc_column_text]<\/p>\n<h2 style=\"text-align: center;\">Inhaltsstoffe und Sicherheit<\/h2>\n<p>[\/vc_column_text][vc_single_image image=&#8220;18609&#8243; img_size=&#8220;full&#8220; alignment=&#8220;center&#8220;][vc_empty_space height=&#8220;20px&#8220;][vc_column_text]<strong>Mit Cyber Clean Vinyl- &amp; Phono-Pflege reinigen Sie Ihre empfindlichen Vinyl-Platten und Phono-Equipment sicher und nat\u00fcrlich.<\/strong> Nach einem Jahrzehnt vorsichtiger Forschung und Testung wurde die <strong>Cyber Clean<\/strong> Vinyl- &amp; Phono-Pflege 2007 eingef\u00fchrt. Sie besteht haupts\u00e4chlich aus nat\u00fcrlichen Bestandteilen wie Wasser, Ethanol und Guargummi. Neben Farb- und Duftstoffen enth\u00e4lt Cyber Clean Vinyl- &amp; Phono-Pflege auch die folgenden Bestandteile:<\/p>\n<p><strong>Diazolidinyl-Harnstoff<\/strong><br \/>\nDiazolidinyl-Harnstoff ist ein weitverbreitetes Konservierungsmittel, beispielsweise in der Kosmetikindustrie, wo es f\u00fcr Hautpflegeprodukte, Shampoos und Haarsp\u00fclungen eingesetzt wird.<\/p>\n<p><strong>Parabene<\/strong><br \/>\nParabene werden ebenfalls als Konservierungsstoffe in vielen Produkten und Endverbraucherwaren wie Kosmetiks (Kremes, Lotionen, Lippenstift), Medikamenten (innerliche und \u00e4u\u00dferliche Anwendung) und Lebensmitteln (Aspik-\u00dcberzug von Fleischprodukten, Konfekt, Knabberwaren) verwendet.[\/vc_column_text][\/vc_column_inner][\/vc_row_inner][\/vc_column][vc_column width=&#8220;1\/4&#8243;][\/vc_column][\/vc_row][vc_row][vc_column][vc_empty_space][\/vc_column][\/vc_row]<\/p>\n<\/div>","protected":false},"excerpt":{"rendered":"<p>[vc_row][vc_column width=&#8220;3\/4&#8243;][vc_column_text] Hier spielt die bessere Musik \u2013\u00a0geniessen Sie\u00a0Ihre Vinylklassiker auch in Zukunft! [\/vc_column_text][vc_empty_space height=&#8220;20px&#8220;][vc_column_text] Die High-Tech Masse f\u00fcr die schonende und effiziente Reinigung Ihrer wertvollen Vinyl Schallplattensammlung und empfindlicher Phono-Komponenten. Staub und sch\u00e4dliche Partikel werden von der Masse absorbiert. Dies reduziert den Abreibungseffekt und&#8230;<\/p>\n","protected":false},"author":1,"featured_media":0,"parent":18022,"menu_order":0,"comment_status":"open","ping_status":"closed","template":"","meta":{"footnotes":""},"class_list":["post-18044","page","type-page","status-publish","hentry"],"_links":{"self":[{"href":"https:\/\/cyberclean.net\/de\/wp-json\/wp\/v2\/pages\/18044","targetHints":{"allow":["GET"]}}],"collection":[{"href":"https:\/\/cyberclean.net\/de\/wp-json\/wp\/v2\/pages"}],"about":[{"href":"https:\/\/cyberclean.net\/de\/wp-json\/wp\/v2\/types\/page"}],"author":[{"embeddable":true,"href":"https:\/\/cyberclean.net\/de\/wp-json\/wp\/v2\/users\/1"}],"replies":[{"embeddable":true,"href":"https:\/\/cyberclean.net\/de\/wp-json\/wp\/v2\/comments?post=18044"}],"version-history":[{"count":33,"href":"https:\/\/cyberclean.net\/de\/wp-json\/wp\/v2\/pages\/18044\/revisions"}],"predecessor-version":[{"id":19864,"href":"https:\/\/cyberclean.net\/de\/wp-json\/wp\/v2\/pages\/18044\/revisions\/19864"}],"up":[{"embeddable":true,"href":"https:\/\/cyberclean.net\/de\/wp-json\/wp\/v2\/pages\/18022"}],"wp:attachment":[{"href":"https:\/\/cyberclean.net\/de\/wp-json\/wp\/v2\/media?parent=18044"}],"curies":[{"name":"wp","href":"https:\/\/api.w.org\/{rel}","templated":true}]}}