{"id":18049,"date":"2015-11-16T23:23:41","date_gmt":"2015-11-16T23:23:41","guid":{"rendered":"http:\/\/cyberclean.weiter.ch\/?page_id=18049"},"modified":"2017-03-11T11:34:46","modified_gmt":"2017-03-11T11:34:46","slug":"leafcare-2-2","status":"publish","type":"page","link":"https:\/\/cyberclean.net\/de\/produkte\/leafcare-2-2\/","title":{"rendered":"Leaf Care"},"content":{"rendered":"<div class=\"wpb-content-wrapper\"><p>[vc_row][vc_column width=&#8220;3\/4&#8243;][vc_column_text]<\/p>\n<h1>Die effiziente und zarte Blattreinigung f\u00fcr ihre wertvollen Zimmerpflanzen!<\/h1>\n<p>[\/vc_column_text][vc_empty_space height=&#8220;20px&#8220;][vc_column_text]<\/p>\n<h4>F\u00fcr hygienisch gesunde, kraftvolle Pflanzenbl\u00e4tter ohne Sch\u00e4dlinge. Spezielle N\u00e4hrungsstoffe werden \u00fcber das Blatt aufgenommen und st\u00e4rken die Pflanze. Hinterl\u00e4sst keine R\u00fcckst\u00e4nde. Umweltfreundliche Formulierung, ohne Duft-, und Farbstoffe. Speziell gut vertr\u00e4glich f\u00fcr Personen die sensibel reagiern auf Staub-, und Pollen. Erfreuen sie sich gesunder, kraftvoller Pflanzen, hygienisch und ohne Sch\u00e4dlinge. Mehrfach verwendbar. Bitte den Farbindikator auf dem Becher beachten.<\/h4>\n<p>[\/vc_column_text][vc_empty_space height=&#8220;20px&#8220;][vc_row_inner][vc_column_inner width=&#8220;1\/2&#8243;][vc_column_text]<\/p>\n<p><iframe loading=\"lazy\" src=\"https:\/\/www.youtube.com\/embed\/_g5iO_J77LY\" width=\"374\" height=\"249\" frameborder=\"0\" allowfullscreen=\"allowfullscreen\"><\/iframe><\/p>\n<p>[\/vc_column_text][\/vc_column_inner][vc_column_inner width=&#8220;1\/2&#8243;][vc_single_image image=&#8220;18457&#8243; img_size=&#8220;full&#8220;][\/vc_column_inner][\/vc_row_inner][vc_empty_space][vc_row_inner][vc_column_inner width=&#8220;1\/4&#8243;][vc_single_image image=&#8220;18461&#8243; img_size=&#8220;full&#8220;][\/vc_column_inner][vc_column_inner width=&#8220;1\/4&#8243;][vc_single_image image=&#8220;18460&#8243; img_size=&#8220;full&#8220;][\/vc_column_inner][vc_column_inner width=&#8220;1\/4&#8243;][vc_single_image image=&#8220;18455&#8243; img_size=&#8220;full&#8220;][\/vc_column_inner][vc_column_inner width=&#8220;1\/4&#8243;][vc_single_image image=&#8220;18462&#8243; img_size=&#8220;full&#8220;][\/vc_column_inner][\/vc_row_inner][vc_empty_space height=&#8220;50px&#8220;][vc_row_inner][vc_column_inner width=&#8220;1\/3&#8243;][vc_column_text]<\/p>\n<h2 style=\"text-align: center;\">Produkt<\/h2>\n<p>[\/vc_column_text][\/vc_column_inner][vc_column_inner width=&#8220;1\/3&#8243;][vc_column_text]<\/p>\n<h2 style=\"text-align: center;\">Anwendung<\/h2>\n<p>[\/vc_column_text][\/vc_column_inner][vc_column_inner width=&#8220;1\/3&#8243;][vc_column_text]<\/p>\n<h2 style=\"text-align: center;\">Inhaltsstoffe und Sicherheit<\/h2>\n<p>[\/vc_column_text][\/vc_column_inner][\/vc_row_inner][vc_row_inner][vc_column_inner width=&#8220;1\/3&#8243;][vc_single_image image=&#8220;18463&#8243; img_size=&#8220;full&#8220; alignment=&#8220;center&#8220;][vc_empty_space height=&#8220;20px&#8220;][vc_column_text]<\/p>\n<p><strong>Gesunde Bl\u00e4tter \u2013 gesunde und kr\u00e4ftige Pflanzen!<\/strong> Die neue, innovative und sanfte Reinigung f\u00fcr Ihre geliebten Zimmerpflanzen. Keine R\u00fcckst\u00e4nde, keine Geruchs- und Farbstoffe, umweltfreundlich. Im Gegensatz zu Mensch und Tier versorgen sich Pflanzen \u00fcber ihr autotrophes System. Das hei\u00dft, sie versorgt sich durch Aufnahme von Licht, CO2 und Wasser sowie Mineralstoffe aus der Topferde selbst. Auch Pflanzen sind wie alles andere ebenfalls nach gewisser Zeit mit Staub bedeckt oder sogar von Sch\u00e4dlingen befallen. Man kann sie abbrausen, doch in vielen Gegenden ist das Wasser sehr hart, was die meisten Zimmerpflanzen \u00fcberhaupt nicht m\u00f6gen. Cyber Clean LeafCare ist die perfekte L\u00f6sung, um Pflanzen von Staub, Pollen und Sch\u00e4dlingen zu befreien. Es \u00f6ffnet die Poren, verw\u00f6hnt die Bl\u00e4tter mit Feuchtigkeit und pflegt sie. Von allen beeintr\u00e4chtigenden Faktoren auf ihren Bl\u00e4ttern befreit, dankt die Pflanze mit kr\u00e4ftigem Wachstum und erfreut Sie mit ihrem sch\u00f6nen Anblick.<\/p>\n<p>[\/vc_column_text][vc_empty_space height=&#8220;20px&#8220;][vc_column_text]<strong><a href=\"https:\/\/www.cybercleanshop.de\/cyber-clean\/leafcare\/\" target=\"_blank\">Cyber Clean LeafCare kaufen<\/a><\/strong>[\/vc_column_text][vc_empty_space height=&#8220;10px&#8220;][vc_column_text]<strong><a href=\"https:\/\/cyberclean.net\/wp-content\/uploads\/2017\/02\/CYBER-CLEAN-Brochure-2016-2017-.pdf\" target=\"_blank\">Cyber Clean Produktbrosch\u00fcre herunterladen<\/a><\/strong>[\/vc_column_text][\/vc_column_inner][vc_column_inner width=&#8220;1\/3&#8243;][vc_single_image image=&#8220;18464&#8243; img_size=&#8220;full&#8220; alignment=&#8220;center&#8220;][vc_empty_space height=&#8220;20px&#8220;][vc_column_text el_class=&#8220; &#8222;]<\/p>\n<p>Einfach in der Anwendung. Mit der einen Hand das zu reinigende Blatt st\u00fctzen und die Masse LeafCare sanft \u00fcber das Blatt abrollen, oder einfach nur abtupfen. Staub, Pollen und Sch\u00e4dlinge werden unwiederbringlich von der Masse eingeschlossen.<\/p>\n<p>[\/vc_column_text][\/vc_column_inner][vc_column_inner width=&#8220;1\/3&#8243;][vc_single_image image=&#8220;17928&#8243; img_size=&#8220;full&#8220; alignment=&#8220;center&#8220;][vc_empty_space height=&#8220;20px&#8220;][vc_column_text]<strong>Mit Cyber Clean k\u00f6nnen Sie Ihre Hauspflanzen auf eine nat\u00fcrliche und sichere Weise reinigen.<\/strong>Nach einem ganzen Jahrzehnt gr\u00fcndlicher Forschung und Erprobung wurde dieses geleehafte Reinigungsmittel 2007 von Cyber Clean auf den Markt gebracht. Cyber Clean LeafCare besteht zum gr\u00f6\u00dften Teil aus nat\u00fcrlichen Inhaltsstoffen wie Wasser, Ethanol und dem Gummi der Goar-Pflanze. Des Weiteren enth\u00e4lt Cyber Clean LeafCare die folgenden Bestandteile:\u00a0<strong>Diazolidinylharnstoff und Parabene<\/strong>. Diazolidinylharnstoff ist ein weit verbreitetes Konservierungsmittel, das beispielsweise in Kosmetikprodukten, Hautpflegeprodukten, Shampoos und Hair Conditioners verwendet wird. Parabene werden ebenfalls als Konservierungsmittel f\u00fcr viele Erzeugnisse und Konsumg\u00fcter genutzt; zum Beispiel in Kosmetikprodukten (Cremes, Lotionen, Lippenstift), Medikamenten (zur inneren und \u00e4u\u00dferen Anwendung) und in Lebensmitteln (Marinaden f\u00fcr Fleischprodukte, Br\u00f6tchen, S\u00fc\u00dfigkeiten).[\/vc_column_text][\/vc_column_inner][\/vc_row_inner][\/vc_column][vc_column width=&#8220;1\/4&#8243;][\/vc_column][\/vc_row][vc_row][vc_column][vc_empty_space][\/vc_column][\/vc_row]<\/p>\n<\/div>","protected":false},"excerpt":{"rendered":"<p>[vc_row][vc_column width=&#8220;3\/4&#8243;][vc_column_text] Die effiziente und zarte Blattreinigung f\u00fcr ihre wertvollen Zimmerpflanzen! [\/vc_column_text][vc_empty_space height=&#8220;20px&#8220;][vc_column_text] F\u00fcr hygienisch gesunde, kraftvolle Pflanzenbl\u00e4tter ohne Sch\u00e4dlinge. Spezielle N\u00e4hrungsstoffe werden \u00fcber das Blatt aufgenommen und st\u00e4rken die Pflanze. Hinterl\u00e4sst keine R\u00fcckst\u00e4nde. Umweltfreundliche Formulierung, ohne Duft-, und Farbstoffe. Speziell gut vertr\u00e4glich f\u00fcr Personen&#8230;<\/p>\n","protected":false},"author":1,"featured_media":0,"parent":18022,"menu_order":0,"comment_status":"open","ping_status":"closed","template":"","meta":{"footnotes":""},"class_list":["post-18049","page","type-page","status-publish","hentry"],"_links":{"self":[{"href":"https:\/\/cyberclean.net\/de\/wp-json\/wp\/v2\/pages\/18049","targetHints":{"allow":["GET"]}}],"collection":[{"href":"https:\/\/cyberclean.net\/de\/wp-json\/wp\/v2\/pages"}],"about":[{"href":"https:\/\/cyberclean.net\/de\/wp-json\/wp\/v2\/types\/page"}],"author":[{"embeddable":true,"href":"https:\/\/cyberclean.net\/de\/wp-json\/wp\/v2\/users\/1"}],"replies":[{"embeddable":true,"href":"https:\/\/cyberclean.net\/de\/wp-json\/wp\/v2\/comments?post=18049"}],"version-history":[{"count":28,"href":"https:\/\/cyberclean.net\/de\/wp-json\/wp\/v2\/pages\/18049\/revisions"}],"predecessor-version":[{"id":19860,"href":"https:\/\/cyberclean.net\/de\/wp-json\/wp\/v2\/pages\/18049\/revisions\/19860"}],"up":[{"embeddable":true,"href":"https:\/\/cyberclean.net\/de\/wp-json\/wp\/v2\/pages\/18022"}],"wp:attachment":[{"href":"https:\/\/cyberclean.net\/de\/wp-json\/wp\/v2\/media?parent=18049"}],"curies":[{"name":"wp","href":"https:\/\/api.w.org\/{rel}","templated":true}]}}