{"id":18050,"date":"2015-11-17T00:04:49","date_gmt":"2015-11-17T00:04:49","guid":{"rendered":"http:\/\/cyberclean.weiter.ch\/?page_id=18050"},"modified":"2017-03-07T10:17:13","modified_gmt":"2017-03-07T10:17:13","slug":"cleaning-tips-home-2-2","status":"publish","type":"page","link":"https:\/\/cyberclean.net\/de\/cleaning-tips-home-2-2\/","title":{"rendered":"Haushalt"},"content":{"rendered":"<div class=\"wpb-content-wrapper\"><p>[vc_row][vc_column width=&#8220;3\/4&#8243;][vc_column_text]<\/p>\n<h1>Tipps f\u00fcr einen gesunden Haushalt<\/h1>\n<p>[\/vc_column_text][vc_empty_space height=&#8220;20px&#8220;][vc_column_text]<\/p>\n<h4>Ohne auch nur dar\u00fcber nachzudenken, kommen wir im Haushalt tagt\u00e4glich mit Keimen in Ber\u00fchrung. Durch effektives Reinigen und Desinfizieren des Lebensumfelds kann vermieden werden, dass sich Krankheiten verbreiten. Besuchen Sie unseren Bereich zum Thema <a href=\"\/gesund-bleiben?lang=de\">\u201eGesund bleiben\u201c<\/a>, um mehr \u00fcber typische Keime im Haushalt zu erfahren.<\/h4>\n<p>[\/vc_column_text][vc_empty_space height=&#8220;20px&#8220;][vc_row_inner][vc_column_inner width=&#8220;1\/2&#8243;][vc_single_image image=&#8220;18484&#8243; img_size=&#8220;full&#8220;][\/vc_column_inner][vc_column_inner width=&#8220;1\/2&#8243;][vc_single_image image=&#8220;18539&#8243; img_size=&#8220;full&#8220;][\/vc_column_inner][\/vc_row_inner][\/vc_column][vc_column width=&#8220;1\/4&#8243;][vc_column_text]<\/p>\n<h5>WEITERE INFORMATIONEN<\/h5>\n<p>[\/vc_column_text][vc_empty_space height=&#8220;20px&#8220;][vc_single_image image=&#8220;18540&#8243; img_size=&#8220;full&#8220;][vc_empty_space height=&#8220;20px&#8220;][vc_column_text]<\/p>\n<div class=\"column_borders\">\n<div class=\"column_text column_title\"><strong>Wie verwende ich Cyber Clean:<br \/>\n<\/strong><\/div>\n<div class=\"column_text\">\n<ul>\n<li><a href=\"\/buro?lang=de\">im B\u00fcro?<\/a><\/li>\n<li><a href=\"\/reisen?lang=de\">auf Reisen?<\/a><\/li>\n<\/ul>\n<\/div>\n<\/div>\n<p>[\/vc_column_text][\/vc_column][\/vc_row][vc_row][vc_column][vc_empty_space height=&#8220;20px&#8220;][\/vc_column][\/vc_row][vc_row][vc_column width=&#8220;1\/3&#8243;][vc_accordion collapsible=&#8220;yes&#8220;][vc_accordion_tab title=&#8220;Wie reinige ich mein Mobiltelefon?&#8220; title_tag=&#8220;h2&#8243;][vc_single_image image=&#8220;17070&#8243; alignment=&#8220;center&#8220;][vc_column_text]Britische Wissenschaftler haben herausgefunden, dass eines von sechs Mobiltelefonen mit F\u00e4kalienresten verschmutzt ist und dass sich auf einem normalen Telefon mehr als 4.000<br \/>\nKeime pro Quadratzentimeter befinden \u2013 mehr als auf einem Toilettensitz. Mit <a href=\"\/produkte\/home-office?lang=de\">Cyber Clean Home &amp; Office<\/a> k\u00f6nnen Sie Keime und Bakterien beseitigen \u2013 auch die, die sich zwischen den Tasten eines Mobiltelefons verbergen.<\/p>\n<ol>\n<li>Nehmen Sie die Masse aus der Verpackung und kneten diese etwa 10<br \/>\nSekunden lang durch. Dadurch gleicht sich die Masse dem pH-Wert der Haut an. Achten Sie bei der Verwendung der Masse darauf, dass Ihre H\u00e4nde trocken sind.<\/li>\n<li>Legen Sie die Masse auf das Mobiltelefon und dr\u00fccken diese fest auf, damit Cyber Clean alle Zwischenr\u00e4ume erreicht.<\/li>\n<li>Ziehen Sie die Masse ab. Falten Sie die Masse \u00fcber der benutzten Stelle zusammen, um Schmutzpartikel und Bakterien im Membransystem einzuschlie\u00dfen. Wiederholen Sie den Reinigungsvorgang bei Bedarf.<\/li>\n<li>Legen Sie die Masse zur\u00fcck in die wiederverschlie\u00dfbare Verpackung und verschlie\u00dfen diese sorgf\u00e4ltig, um zu verhindern, dass die Masse austrocknet. Lagern Sie das Produkt an einem k\u00fchlen und trockenen Ort, sch\u00fctzen Sie es vor direkter Sonneneinstrahlung.<\/li>\n<\/ol>\n<p>[\/vc_column_text][\/vc_accordion_tab][\/vc_accordion][\/vc_column][vc_column width=&#8220;1\/3&#8243;][vc_accordion collapsible=&#8220;yes&#8220;][vc_accordion_tab title=&#8220;Wie reinige ich meine Fernbedienung?&#8220; title_tag=&#8220;h2&#8243;][vc_single_image image=&#8220;17072&#8243; alignment=&#8220;center&#8220;][vc_column_text]Fernbedienungen verf\u00fcgen in der Regel \u00fcber viele Tasten, zwischen denen sich Bakterien und Keime leicht verbergen k\u00f6nnen. F\u00fcr gew\u00f6hnlich werden Fernbedienungen von mehreren Menschen verwendet, was das Risiko erh\u00f6ht, dass sich Keime und Bakterien verbreiten. Mit <a href=\"\/produkte\/home-office?lang=de\">Cyber Clean Home &amp; Office<\/a> werden sowohl Schmutzpartikel als auch Bakterien absorbiert, die sich zwischen den Tasten der Fernbedienung befinden.<\/p>\n<ol>\n<li>Nehmen Sie die Masse aus der Verpackung und kneten diese etwa 10<br \/>\nSekunden lang durch. Dadurch gleicht sich die Masse dem pH-Wert der Haut an. Achten Sie bei der Verwendung der Masse darauf, dass Ihre H\u00e4nde trocken sind.<\/li>\n<li>Legen Sie die Masse auf das Mobiltelefon und dr\u00fccken diese fest auf, damit Cyber Clean alle Zwischenr\u00e4ume erreicht.<\/li>\n<li>Ziehen Sie die Masse ab. Falten Sie die Masse \u00fcber der benutzten Stelle zusammen, um Schmutzpartikel und Bakterien im Membransystem einzuschlie\u00dfen. Wiederholen Sie den Reinigungsvorgang bei Bedarf.<\/li>\n<li>Legen Sie die Masse zur\u00fcck in die wiederverschlie\u00dfbare Verpackung und verschlie\u00dfen diese sorgf\u00e4ltig, um zu verhindern, dass die Masse austrocknet. Lagern Sie das Produkt an einem k\u00fchlen und trockenen Ort, sch\u00fctzen Sie es vor direkter Sonneneinstrahlung.<\/li>\n<\/ol>\n<p>[\/vc_column_text][\/vc_accordion_tab][\/vc_accordion][\/vc_column][vc_column width=&#8220;1\/3&#8243;][vc_column_text]<br \/>\n[\/vc_column_text][\/vc_column][\/vc_row][vc_row][vc_column width=&#8220;1\/3&#8243;][vc_accordion collapsible=&#8220;yes&#8220;][vc_accordion_tab title=&#8220;Wie reinige ich meine Tastatur?&#8220; title_tag=&#8220;h2&#8243;][vc_single_image image=&#8220;17077&#8243; alignment=&#8220;center&#8220;][vc_column_text]Schmutzpartikel und Bakterien sammeln sich vor allem an schwer zu erreichenden Stellen an, wie zum Beispiel in den Zwischenr\u00e4umen von Computertastaturen. Untersuchungen haben gezeigt, dass Tastaturen meist st\u00e4rker verschmutzt sind als \u00f6ffentliche Toiletten. Viele Menschen nehmen ihr Mittagessen oder eine Zwischenmahlzeit am Computer ein. Dabei lagern sich Kr\u00fcmel, Reste versch\u00fctteter Getr\u00e4nke und Staub in den Zwischenr\u00e4umen ab und bilden einen idealen N\u00e4hrboden f\u00fcr Mikroben. Mit <a href=\"\/produkte\/home-office?lang=de\">Cyber Clean Home &amp; Office<\/a> k\u00f6nnen Sie sowohl Keime als auch Staub von der Tastatur beseitigen.<\/p>\n<ol>\n<li>Nehmen Sie die Masse aus der Verpackung und kneten diese etwa 10<br \/>\nSekunden lang durch. Dadurch nimmt die Masse den pH-Wert der Haut an. Achten Sie bei der Verwendung der Masse darauf, dass Ihre H\u00e4nde trocken sind.<\/li>\n<li>Legen Sie die Masse auf die Tastatur und dr\u00fccken diese fest an, damit Cyber Clean alle Zwischenr\u00e4ume erreicht.<\/li>\n<li>Nehmen Sie die Masse ab. Falten Sie die Masse zusammen, um Schmutzpartikel und Bakterien durch das Membransystem einzufangen. Wiederholen Sie den Reinigungsvorgang bei Bedarf.<\/li>\n<li>Legen Sie die Masse zur\u00fcck in die wiederverschlie\u00dfbare Verpackung und verschlie\u00dfen diese sorgf\u00e4ltig, um zu verhindern, dass die Masse austrocknet. Lagern Sie das Produkt an einem k\u00fchlen und trockenen Ort, sch\u00fctzen Sie es vor direkter Sonneneinstrahlung.<\/li>\n<\/ol>\n<p>[\/vc_column_text][\/vc_accordion_tab][\/vc_accordion][\/vc_column][vc_column width=&#8220;1\/3&#8243;][vc_accordion collapsible=&#8220;yes&#8220;][vc_accordion_tab title=&#8220;Wie reinige ich meinen Spielecontroller?&#8220; title_tag=&#8220;h2&#8243;][vc_single_image image=&#8220;17079&#8243; alignment=&#8220;center&#8220;][vc_column_text]Kr\u00fcmel, Schmutz und Staub sammeln sich in den Zwischenr\u00e4umen von Spielecontrollern und Tastaturen an. Dies kann die Leistung der Ger\u00e4te beeintr\u00e4chtigen und die Verbreitung von Keimen beg\u00fcnstigen, insbesondere dann, wenn ein Ger\u00e4t von mehreren Personen verwendet wird.<\/p>\n<ol>\n<li>Nehmen Sie die Masse aus der Verpackung und kneten diese etwa 10<br \/>\nSekunden lang durch. Dadurch gleicht sich die Masse dem pH-Wert der Haut an. Achten Sie bei der Verwendung der Masse darauf, dass Ihre H\u00e4nde trocken sind.<\/li>\n<li>Legen Sie die Masse auf das Mobiltelefon und dr\u00fccken diese fest auf, damit Cyber Clean alle Zwischenr\u00e4ume erreicht.<\/li>\n<li>Ziehen Sie die Masse ab. Falten Sie die Masse \u00fcber der benutzten Stelle zusammen, um Schmutzpartikel und Bakterien im Membransystem einzuschlie\u00dfen. Wiederholen Sie den Reinigungsvorgang bei Bedarf.<\/li>\n<li>Legen Sie die Masse zur\u00fcck in die wiederverschlie\u00dfbare Verpackung und verschlie\u00dfen diese sorgf\u00e4ltig, um zu verhindern, dass die Masse austrocknet. Lagern Sie das Produkt an einem k\u00fchlen und trockenen Ort, sch\u00fctzen Sie es vor direkter Sonneneinstrahlung.<\/li>\n<\/ol>\n<p>[\/vc_column_text][\/vc_accordion_tab][\/vc_accordion][\/vc_column][vc_column width=&#8220;1\/3&#8243;][vc_column_text]<br \/>\n[\/vc_column_text][\/vc_column][\/vc_row][vc_row][vc_column width=&#8220;1\/3&#8243;][vc_accordion collapsible=&#8220;yes&#8220;][vc_accordion_tab title=&#8220;Wie reinige ich meinen Computer von innen?&#8220; title_tag=&#8220;h2&#8243;][vc_single_image image=&#8220;17080&#8243; alignment=&#8220;center&#8220;][vc_column_text]Staub und Schmutz, die sich im Inneren des Computers ansammeln, k\u00f6nnen das System verlangsamen und zu \u00dcberhitzung f\u00fchren. Doch mit herk\u00f6mmlichen Reinigungsmitteln kann sich die Reinigung des Computers von innen als sehr kompliziert oder gar unm\u00f6glich erweisen. Die Reinigungsmasse <a href=\"\/produkte\/home-office?lang=de\">Cyber Clean Home &amp; Office<\/a> hinterl\u00e4sst keine R\u00fcckst\u00e4nde und gew\u00e4hrleistet somit sogar f\u00fcr empfindlichste elektronische Ger\u00e4te eine sichere Reinigung. Verwenden Sie stets eine neue Cyber Clean Home &amp; Office-Reinigungsmasse, wenn Sie einen Computer von innen reinigen.<\/p>\n<ol>\n<li>Nehmen Sie die Masse aus der Verpackung und kneten diese etwa 10<br \/>\nSekunden lang durch. Dadurch gleicht sich die Masse dem pH-Wert der Haut an. Achten Sie bei der Verwendung der Masse darauf, dass Ihre H\u00e4nde trocken sind.<\/li>\n<li>Legen Sie die Masse auf das Mobiltelefon und dr\u00fccken diese fest auf, damit Cyber Clean alle Zwischenr\u00e4ume erreicht.<\/li>\n<li>Ziehen Sie die Masse ab. Falten Sie die Masse \u00fcber der benutzten Stelle zusammen, um Schmutzpartikel und Bakterien im Membransystem einzuschlie\u00dfen. Wiederholen Sie den Reinigungsvorgang bei Bedarf.<\/li>\n<li>Legen Sie die Masse zur\u00fcck in die wiederverschlie\u00dfbare Verpackung und verschlie\u00dfen diese sorgf\u00e4ltig, um zu verhindern, dass die Masse austrocknet. Lagern Sie das Produkt an einem k\u00fchlen und trockenen Ort, sch\u00fctzen Sie es vor direkter Sonneneinstrahlung.<\/li>\n<\/ol>\n<p>[\/vc_column_text][\/vc_accordion_tab][\/vc_accordion][\/vc_column][vc_column width=&#8220;1\/3&#8243;][vc_accordion collapsible=&#8220;yes&#8220;][vc_accordion_tab title=&#8220;Wie reinige ich meinen Haartrockner?&#8220; title_tag=&#8220;h2&#8243;][vc_single_image image=&#8220;17082&#8243; alignment=&#8220;center&#8220;][vc_column_text]Staub, Schmutz und Haare sammeln sich w\u00e4hrend der Verwendung und Aufbewahrung des Haartrockners in diesem an. Dies kann zur \u00dcberhitzung des Haartrockners f\u00fchren. Mit <a href=\"\/produkte\/home-office?lang=de\">Cyber Clean Home &amp; Office<\/a> k\u00f6nnen Staub- und Schmutzpartikel aus den Zwischenr\u00e4umen des Haartrockners entfernt werden.<\/p>\n<ol>\n<li>Nehmen Sie die Masse aus der Verpackung und kneten diese etwa 10<br \/>\nSekunden lang durch. Dadurch gleicht sich die Masse dem pH-Wert der Haut an. Achten Sie bei der Verwendung der Masse darauf, dass Ihre H\u00e4nde trocken sind.<\/li>\n<li>Legen Sie die Masse auf das Mobiltelefon und dr\u00fccken diese fest auf, damit Cyber Clean alle Zwischenr\u00e4ume erreicht.<\/li>\n<li>Ziehen Sie die Masse ab. Falten Sie die Masse \u00fcber der benutzten Stelle zusammen, um Schmutzpartikel und Bakterien im Membransystem einzuschlie\u00dfen. Wiederholen Sie den Reinigungsvorgang bei Bedarf.<\/li>\n<li>Legen Sie die Masse zur\u00fcck in die wiederverschlie\u00dfbare Verpackung und verschlie\u00dfen diese sorgf\u00e4ltig, um zu verhindern, dass die Masse austrocknet. Lagern Sie das Produkt an einem k\u00fchlen und trockenen Ort, sch\u00fctzen Sie es vor direkter Sonneneinstrahlung.<\/li>\n<\/ol>\n<p>[\/vc_column_text][\/vc_accordion_tab][\/vc_accordion][\/vc_column][vc_column width=&#8220;1\/3&#8243;][vc_column_text]<br \/>\n[\/vc_column_text][\/vc_column][\/vc_row][vc_row][vc_column width=&#8220;1\/3&#8243;][vc_accordion collapsible=&#8220;yes&#8220;][vc_accordion_tab title=&#8220;Wie reinige ich meinen Rasierapparat?&#8220; title_tag=&#8220;h2&#8243;][vc_single_image image=&#8220;17084&#8243; alignment=&#8220;center&#8220;][vc_column_text]In elektrischen Rasierapparaten sammeln sich neben Staub und feinsten Haarpartikel vor allem auch Bakterien an, die mit der Zeit die Leistung der Ger\u00e4te beeintr\u00e4chtigen und zu Hautirritationen f\u00fchren k\u00f6nnen. Mit Cyber <a href=\"\/produkte\/home-office?lang=de\">Clean Home &amp; Office<\/a> k\u00f6nnen Sie sowohl Schmutzpartikel als auch Bakterien beseitigen, die sich im Rasierapparat verbergen.<\/p>\n<ol>\n<li>Nehmen Sie die Masse aus der Verpackung und kneten diese etwa 10<br \/>\nSekunden lang durch. Dadurch gleicht sich die Masse dem pH-Wert der Haut an. Achten Sie bei der Verwendung der Masse darauf, dass Ihre H\u00e4nde trocken sind.<\/li>\n<li>Legen Sie die Masse auf den Rasierapparat und dr\u00fccken diese fest auf, damit Cyber Clean alle Zwischenr\u00e4ume erreicht.<\/li>\n<li>Ziehen<br \/>\nSie die Masse ab. Falten Sie die Masse \u00fcber der benutzten Stelle zusammen, um Schmutzpartikel und Bakterien im Membransystem einzuschlie\u00dfen. Wiederholen Sie den Reinigungsvorgang bei Bedarf.<\/li>\n<li>Legen Sie die Masse zur\u00fcck in die wiederverschlie\u00dfbare Verpackung und verschlie\u00dfen diese sorgf\u00e4ltig, um zu verhindern, dass die Masse austrocknet. Lagern Sie das Produkt an einem k\u00fchlen und trockenen Ort, sch\u00fctzen Sie es vor direkter Sonneneinstrahlung.<\/li>\n<\/ol>\n<p>[\/vc_column_text][\/vc_accordion_tab][\/vc_accordion][\/vc_column][vc_column width=&#8220;1\/3&#8243;][vc_accordion collapsible=&#8220;yes&#8220;][vc_accordion_tab title=&#8220;Wie reinige ich meine Klimaanlage?&#8220; title_tag=&#8220;h2&#8243;][vc_single_image image=&#8220;17083&#8243; alignment=&#8220;center&#8220;][vc_column_text]Klimager\u00e4te haben oftmals kleine L\u00fccken und Ritzen, wo sich Staub und Schmutz ansammeln \u2013 eine effiziente Reinigung kann problematisch sein. Mit <a href=\"https:\/\/cyberclean.net\/produkte\/home-office\/?lang=de\">Cyber Clean Home &amp; Office<\/a> erreichen Sie m\u00fchelos schwer zug\u00e4ngliche Stellen und k\u00f6nnen diese von Schmutz und Bakterien befreien. Unabh\u00e4ngigen Studien zufolge eliminiert Cyber Clean Car 96 Prozent der in der Klimaanlage angesammelten Bakterien und 97 Prozent der Schimmelpilze, wenn es auf die L\u00fcftungslamellen gedr\u00fcckt wird.<\/p>\n<ol>\n<li>Nehmen Sie die Masse aus der Verpackung und kneten diese etwa 10 Sekunden lang durch. Dadurch gleicht sich die Masse dem pH-Wert der Haut an. Achten Sie bei der Verwendung der Masse darauf, dass Ihre H\u00e4nde trocken sind.<\/li>\n<li>Dr\u00fccken Sie die Masse fest auf die Klimaanlagen\u00f6ffnung , sodass Cyber Clean in alle Ritzen und L\u00fccken eindringen kann.<\/li>\n<li>Ziehen Sie die Masse ab. Falten Sie die Masse \u00fcber der benutzten Stelle zusammen, um Schmutzpartikel und Bakterien im Membransystem einzuschlie\u00dfen. Wiederholen Sie den Reinigungsvorgang bei Bedarf.<\/li>\n<li>Legen Sie die Masse zur\u00fcck in die wiederverschlie\u00dfbare Verpackung und verschlie\u00dfen diese sorgf\u00e4ltig, um zu verhindern, dass die Masse austrocknet. Lagern Sie das Produkt an einem k\u00fchlen und trockenen Ort, sch\u00fctzen Sie es vor direkter Sonneneinstrahlung.<\/li>\n<\/ol>\n<p>[\/vc_column_text][\/vc_accordion_tab][\/vc_accordion][\/vc_column][vc_column width=&#8220;1\/3&#8243;][vc_column_text]<br \/>\n[\/vc_column_text][\/vc_column][\/vc_row][vc_row][vc_column width=&#8220;1\/3&#8243;][vc_accordion collapsible=&#8220;yes&#8220;][vc_accordion_tab title=&#8220;Wie reinige ich mein Fernsehger\u00e4t?&#8220; title_tag=&#8220;h2&#8243;][vc_single_image image=&#8220;17086&#8243; alignment=&#8220;center&#8220;][vc_column_text]Die <a href=\"\/screen-cleaning-solutions\/?lang=de\">Cyber Clean Screen Cleaning Solutions<\/a> umfassen Produkte f\u00fcr die Reinigung und Desinfektion von Bildschirmen verschiedener Gr\u00f6\u00dfen. HomeScree-Pro ist ideal f\u00fcr die Reinigung gro\u00dfer Fernsehbildschirme geeignet und hinterl\u00e4sst ein klares, staub- und fleckenfreies Bild. Die alkoholfreie, antiseptische Reinigungsl\u00f6sung und das spezielle hoch<br \/>\nsaugf\u00e4hige Mikrofasergewebe sorgen f\u00fcr gereinigte und desinfizierte Oberfl\u00e4chen ohne R\u00fcckst\u00e4nde.<\/p>\n<p>Spr\u00fchen Sie aus 10 bis 15cm Entfernung zwei bis vier Mal auf die Bildschirmoberfl\u00e4che. Wischen Sie mit dem Mikrofasergewebe auf der R\u00fcckseite \u00fcber den Bildschirm, bis die Oberfl\u00e4che vollst\u00e4ndig trocken ist.[\/vc_column_text][\/vc_accordion_tab][\/vc_accordion][\/vc_column][vc_column width=&#8220;1\/3&#8243;][vc_accordion collapsible=&#8220;yes&#8220;][vc_accordion_tab title=&#8220;Wie reinige ich meine Stereoanlage?&#8220; title_tag=&#8220;h2&#8243;][vc_single_image image=&#8220;17085&#8243; alignment=&#8220;center&#8220;][vc_column_text]Stereoanlagen verf\u00fcgen oft \u00fcber viele Tasten und Anschl\u00fcsse. Schmutz, Staub und Bakterien sammeln sich in den Zwischenr\u00e4umen der Stereoanlage an. Oft werden Stereoanlagen von mehreren Personen verwendet, wodurch Keime von einer Person auf eine andere \u00fcbertragen werden k\u00f6nnen. Mit <a href=\"\/produkte\/home-office?lang=de\">Cyber Clean Home &amp; Office<\/a> k\u00f6nnen Sie sowohl Schmutzpartikel als auch Keime beseitigen, die sich zwischen den Tasten der Stereoanlage verbergen.<\/p>\n<ol>\n<li>Nehmen Sie die Masse aus der Verpackung und kneten diese etwa 10<br \/>\nSekunden lang durch. Dadurch gleicht sich die Masse dem pH-Wert der Haut an. Achten Sie bei der Verwendung der Masse darauf, dass Ihre H\u00e4nde trocken sind.<\/li>\n<li>Legen Sie die Masse auf die Stereoanlage und dr\u00fccken diese fest auf, damit Cyber Clean alle Zwischenr\u00e4ume erreicht.<\/li>\n<li>Ziehen<br \/>\nSie die Masse ab. Falten Sie die Masse \u00fcber der benutzten Stelle zusammen, um Schmutzpartikel und Bakterien im Membransystem einzuschlie\u00dfen. Wiederholen Sie den Reinigungsvorgang bei Bedarf.<\/li>\n<li>Legen Sie die Masse zur\u00fcck in die wiederverschlie\u00dfbare Verpackung und verschlie\u00dfen diese sorgf\u00e4ltig, um zu verhindern, dass die Masse austrocknet. Lagern Sie das Produkt an einem k\u00fchlen und trockenen Ort, sch\u00fctzen Sie es vor direkter Sonneneinstrahlung.<\/li>\n<\/ol>\n<p>[\/vc_column_text][\/vc_accordion_tab][\/vc_accordion][\/vc_column][vc_column width=&#8220;1\/3&#8243;][vc_column_text]<br \/>\n[\/vc_column_text][\/vc_column][\/vc_row][vc_row][vc_column width=&#8220;1\/3&#8243;][vc_accordion collapsible=&#8220;yes&#8220;][vc_accordion_tab title=&#8220;Wie reinige ich meine Sammlerst\u00fccke?&#8220; title_tag=&#8220;h2&#8243;][vc_single_image image=&#8220;17088&#8243; alignment=&#8220;center&#8220;][vc_column_text]Sehr kleine Gegenst\u00e4nde zu reinigen, wie zum Beispiel Einzelteile von Modelleisenbahnen oder andere Sammlerst\u00fccke, kann l\u00e4stig und schwierig sein. Dennoch w\u00fcnscht sich jeder Sammler, dass seine Sammlerst\u00fccke in einem guten Zustand bleiben. <a href=\"\/produkte\/home-office?lang=de\">Cyber Clean Home &amp; Office<\/a> passt sich an die jeweilige Oberfl\u00e4che an und erreicht sogar die kleinsten Zwischenr\u00e4ume, um Schmutzpartikel zu absorbieren und Bakterien zu beseitigen. Die Masse gew\u00e4hrleistet eine sichere Reinigung f\u00fcr empfindlichste Oberfl\u00e4chen, denn sie hinterl\u00e4sst keine R\u00fcckst\u00e4nde.<\/p>\n<ol>\n<li>Nehmen Sie die Masse aus der Verpackung und kneten diese etwa 10<br \/>\nSekunden lang durch. Dadurch gleicht sich die Masse dem pH-Wert der Haut an. Achten Sie bei der Verwendung der Masse darauf, dass Ihre H\u00e4nde trocken sind.<\/li>\n<li>Legen Sie die Masse auf die Sammlerst\u00fccke und dr\u00fccken diese fest auf, damit Cyber Clean alle Zwischenr\u00e4ume erreicht.<\/li>\n<li>Ziehen<br \/>\nSie die Masse ab. Falten Sie die Masse \u00fcber der benutzten Stelle zusammen, um Schmutzpartikel und Bakterien im Membransystem einzuschlie\u00dfen. Wiederholen Sie den Reinigungsvorgang bei Bedarf.<\/li>\n<li>Legen Sie die Masse zur\u00fcck in die wiederverschlie\u00dfbare Verpackung und verschlie\u00dfen diese sorgf\u00e4ltig, um zu verhindern, dass die Masse austrocknet. Lagern Sie das Produkt an einem k\u00fchlen und trockenen Ort, sch\u00fctzen Sie es vor direkter Sonneneinstrahlung.<\/li>\n<\/ol>\n<p>[\/vc_column_text][\/vc_accordion_tab][\/vc_accordion][\/vc_column][vc_column width=&#8220;1\/3&#8243;][vc_column_text]<br \/>\n[\/vc_column_text][\/vc_column][vc_column width=&#8220;1\/3&#8243;][vc_column_text]<br \/>\n[\/vc_column_text][\/vc_column][\/vc_row][vc_row][vc_column width=&#8220;1\/3&#8243;][vc_accordion collapsible=&#8220;yes&#8220;][vc_accordion_tab title=&#8220;Wie reinige ich mein Werkzeug und Zubeh\u00f6r?&#8220; title_tag=&#8220;h2&#8243;][vc_single_image image=&#8220;17091&#8243; alignment=&#8220;center&#8220;][vc_column_text]Werkzeuge wie z.B. Bohrmaschinen und anderes Zubeh\u00f6r verf\u00fcgen oft \u00fcber schwer zu erreichende Zwischenr\u00e4ume, in denen sich nicht nur Schmutz, sondern auch Bakterien verbergen k\u00f6nnen. <a href=\"\/produkte\/home-office?lang=de\">Cyber Clean Home &amp; Office<\/a> passt sich an die jeweilige Oberfl\u00e4che an und erreicht sogar die kleinsten Zwischenr\u00e4ume, um Schmutzpartikel zu absorbieren und Bakterien zu beseitigen. Die Masse gew\u00e4hrleistet eine sichere Reinigung f\u00fcr empfindlichste Oberfl\u00e4chen, denn sie hinterl\u00e4sst keine R\u00fcckst\u00e4nde.<\/p>\n<ol>\n<li>Nehmen Sie die Masse aus der Verpackung und kneten diese etwa 10<br \/>\nSekunden lang durch. Dadurch gleicht sich die Masse dem pH-Wert der Haut an. Achten Sie bei der Verwendung der Masse darauf, dass Ihre H\u00e4nde trocken sind.<\/li>\n<li>Legen Sie die Masse auf das Werkzeug und dr\u00fccken diese fest auf, damit Cyber Clean alle Zwischenr\u00e4ume erreicht.<\/li>\n<li>Ziehen<br \/>\nSie die Masse ab. Falten Sie die Masse \u00fcber der benutzten Stelle zusammen, um Schmutzpartikel und Bakterien im Membransystem einzuschlie\u00dfen. Wiederholen Sie den Reinigungsvorgang bei Bedarf.<\/li>\n<li>Legen Sie die Masse zur\u00fcck in die wiederverschlie\u00dfbare Verpackung und verschlie\u00dfen diese sorgf\u00e4ltig, um zu verhindern, dass die Masse austrocknet. Lagern Sie das Produkt an einem k\u00fchlen und trockenen Ort, sch\u00fctzen Sie es vor direkter Sonneneinstrahlung.<\/li>\n<\/ol>\n<p>[\/vc_column_text][\/vc_accordion_tab][\/vc_accordion][\/vc_column][vc_column width=&#8220;1\/3&#8243;][vc_accordion collapsible=&#8220;yes&#8220;][vc_accordion_tab title=&#8220;Wie reinige ich Spielzeug?&#8220; title_tag=&#8220;h2&#8243;][vc_single_image image=&#8220;17089&#8243; alignment=&#8220;center&#8220;][vc_column_text]Oft teilen sich Kinder innerhalb einer Familie oder mit anderen Kindern auf dem Spielplatz oder im Kindergarten das Spielzeug. Keime k\u00f6nnen auf der Oberfl\u00e4che von Spielzeug weiterleben und so auf Kinder \u00fcbertragen werden. Daher ist es sehr wichtig, Spielzeug sorgf\u00e4ltig zu reinigen und zu desinfizieren, damit die Verbreitung von Krankheiten vermieden wird. <a href=\"\/produkte\/home-office?lang=de\">Cyber Clean Home &amp; Office<\/a> gew\u00e4hrleistet eine sichere Reinigung von Kinderspielzeug, da die Masse haupts\u00e4chlich aus nat\u00fcrlichen Materialien besteht und biologisch abbaubar ist. Die Masse hinterl\u00e4sst keinerlei R\u00fcckst\u00e4nde auf den behandelten Oberfl\u00e4chen und kann daher sogar auf Spielzeug mit elektronischen Bauteilen angewendet werden. Cyber Clean ist nicht f\u00fcr die Reinigung von Stofftieren geeignet.<\/p>\n<ol>\n<li>Nehmen Sie die Masse aus der Verpackung und kneten diese etwa 10<br \/>\nSekunden lang durch. Dadurch gleicht sich die Masse dem pH-Wert der Haut an. Achten Sie bei der Verwendung der Masse darauf, dass Ihre H\u00e4nde trocken sind.<\/li>\n<li>Legen Sie die Masse auf das Spielzeug und dr\u00fccken diese fest auf, damit Cyber Clean alle Zwischenr\u00e4ume erreicht.<\/li>\n<li>Ziehen<br \/>\nSie die Masse ab. Falten Sie die Masse \u00fcber der benutzten Stelle zusammen, um Schmutzpartikel und Bakterien im Membransystem einzuschlie\u00dfen. Wiederholen Sie den Reinigungsvorgang bei Bedarf.<\/li>\n<li>Legen Sie die Masse zur\u00fcck in die wiederverschlie\u00dfbare Verpackung und verschlie\u00dfen diese sorgf\u00e4ltig, um zu verhindern, dass die Masse austrocknet. Lagern Sie das Produkt an einem k\u00fchlen und trockenen Ort, sch\u00fctzen Sie es vor direkter Sonneneinstrahlung.<\/li>\n<\/ol>\n<p>[\/vc_column_text][\/vc_accordion_tab][\/vc_accordion][\/vc_column][vc_column width=&#8220;1\/3&#8243;][vc_column_text]<br \/>\n[\/vc_column_text][\/vc_column][\/vc_row]<\/p>\n<\/div>","protected":false},"excerpt":{"rendered":"<p>[vc_row][vc_column width=&#8220;3\/4&#8243;][vc_column_text] Tipps f\u00fcr einen gesunden Haushalt [\/vc_column_text][vc_empty_space height=&#8220;20px&#8220;][vc_column_text] Ohne auch nur dar\u00fcber nachzudenken, kommen wir im Haushalt tagt\u00e4glich mit Keimen in Ber\u00fchrung. Durch effektives Reinigen und Desinfizieren des Lebensumfelds kann vermieden werden, dass sich Krankheiten verbreiten. Besuchen Sie unseren Bereich zum Thema \u201eGesund bleiben\u201c,&#8230;<\/p>\n","protected":false},"author":1,"featured_media":0,"parent":0,"menu_order":0,"comment_status":"closed","ping_status":"closed","template":"","meta":{"footnotes":""},"class_list":["post-18050","page","type-page","status-publish","hentry"],"_links":{"self":[{"href":"https:\/\/cyberclean.net\/de\/wp-json\/wp\/v2\/pages\/18050","targetHints":{"allow":["GET"]}}],"collection":[{"href":"https:\/\/cyberclean.net\/de\/wp-json\/wp\/v2\/pages"}],"about":[{"href":"https:\/\/cyberclean.net\/de\/wp-json\/wp\/v2\/types\/page"}],"author":[{"embeddable":true,"href":"https:\/\/cyberclean.net\/de\/wp-json\/wp\/v2\/users\/1"}],"replies":[{"embeddable":true,"href":"https:\/\/cyberclean.net\/de\/wp-json\/wp\/v2\/comments?post=18050"}],"version-history":[{"count":19,"href":"https:\/\/cyberclean.net\/de\/wp-json\/wp\/v2\/pages\/18050\/revisions"}],"predecessor-version":[{"id":19776,"href":"https:\/\/cyberclean.net\/de\/wp-json\/wp\/v2\/pages\/18050\/revisions\/19776"}],"wp:attachment":[{"href":"https:\/\/cyberclean.net\/de\/wp-json\/wp\/v2\/media?parent=18050"}],"curies":[{"name":"wp","href":"https:\/\/api.w.org\/{rel}","templated":true}]}}