{"id":18053,"date":"2015-11-16T23:45:43","date_gmt":"2015-11-16T23:45:43","guid":{"rendered":"http:\/\/cyberclean.weiter.ch\/?page_id=18053"},"modified":"2017-03-11T11:57:06","modified_gmt":"2017-03-11T11:57:06","slug":"screen-cleaning-solutions-2","status":"publish","type":"page","link":"https:\/\/cyberclean.net\/de\/produkte\/screen-cleaning-solutions-2\/","title":{"rendered":"Screen Cleaning Solutions"},"content":{"rendered":"<div class=\"wpb-content-wrapper\"><p>[vc_row][vc_column width=&#8220;3\/4&#8243;][vc_row_inner][vc_column_inner][vc_column_text]<\/p>\n<h1>Bildschirmreinigung mit Stil<\/h1>\n<p>[\/vc_column_text][vc_empty_space height=&#8220;20px&#8220;][vc_column_text]<\/p>\n<h4>Klingt das vertraut: Der Tablet Computer wird von der ganzen Familie bearbeitet, bis er aussieht wie die Fingerabdruckkartei einer mittleren Polizeistation. Das Gleiche mit dem Smartphone, bei dem durch das Abwischen mit der \u00c4rmelr\u00fcckseite das Hemd zwar schmutzig, der Bildschirm aber nicht wirklich sauber wird. Und im B\u00fcro: tappt ein Kollege beim Durchgehen des letzten Reports st\u00e4ndig mit den Fingern auf den m\u00fchevoll gereinigten Bildschirm?<\/h4>\n<p>[\/vc_column_text][vc_empty_space height=&#8220;20px&#8220;][\/vc_column_inner][\/vc_row_inner][vc_row_inner][vc_column_inner width=&#8220;1\/2&#8243;][vc_column_text]<\/p>\n<p><iframe loading=\"lazy\" src=\"https:\/\/www.youtube.com\/embed\/XLCTtFCTlYY\" width=\"374\" height=\"249\" frameborder=\"0\" allowfullscreen=\"allowfullscreen\"><\/iframe><\/p>\n<p>[\/vc_column_text][\/vc_column_inner][vc_column_inner width=&#8220;1\/2&#8243;][vc_single_image image=&#8220;18514&#8243; img_size=&#8220;full&#8220;][\/vc_column_inner][\/vc_row_inner][vc_empty_space][vc_row_inner][vc_column_inner width=&#8220;1\/4&#8243;][vc_single_image image=&#8220;18517&#8243; img_size=&#8220;full&#8220;][\/vc_column_inner][vc_column_inner width=&#8220;1\/4&#8243;][vc_single_image image=&#8220;18520&#8243; img_size=&#8220;full&#8220;][\/vc_column_inner][vc_column_inner width=&#8220;1\/4&#8243;][vc_single_image image=&#8220;18534&#8243; img_size=&#8220;full&#8220;][\/vc_column_inner][vc_column_inner width=&#8220;1\/4&#8243;][vc_single_image image=&#8220;18518&#8243; img_size=&#8220;full&#8220;][\/vc_column_inner][\/vc_row_inner][vc_row_inner][vc_column_inner][vc_empty_space height=&#8220;50px&#8220;][vc_column_text]<\/p>\n<h2>L\u00f6sungen f\u00fcr Bildschirme aller Art<\/h2>\n<p>[\/vc_column_text][vc_empty_space height=&#8220;20px&#8220;][\/vc_column_inner][\/vc_row_inner][vc_row_inner][vc_column_inner width=&#8220;1\/2&#8243;][vc_column_text]<strong>Desk-Pro \u2013 f\u00fcr die schnelle und einfache Bildschirmreinigung am Schreibtisch<\/strong><br \/>\nZur Reinigung der Bildschirme von Tablet-PCs, Desktopcomputern und Smartphones. Inklusive Dockingstation zur praktischen Aufbewahrung.[\/vc_column_text][\/vc_column_inner][vc_column_inner width=&#8220;1\/2&#8243;][vc_column_text]<strong>Stylus-Pro \u2013 Schicke Bildschirmreinigung f\u00fcr unterwegs<\/strong><br \/>\nF\u00fcr die Reinigung von Smartphones und Tablet-PCs und gleichzeitig ein hervorragender und ergonomischer Eingabestift. Schreibger\u00e4t f\u00fcr Touchscreens; nachf\u00fcllbar; verschlie\u00dfbar, um ein Auslaufen w\u00e4hrend des Transports zu vermeiden; mit praktischem Clip zur Befestigung an der H\u00fclle des Tablet-PC.[\/vc_column_text][\/vc_column_inner][\/vc_row_inner][vc_row_inner][vc_column_inner width=&#8220;1\/2&#8243;][vc_empty_space height=&#8220;16px&#8220;][vc_single_image image=&#8220;18741&#8243;][\/vc_column_inner][vc_column_inner width=&#8220;1\/2&#8243;][vc_empty_space height=&#8220;16px&#8220;][vc_single_image image=&#8220;18743&#8243;][\/vc_column_inner][\/vc_row_inner][vc_row_inner][vc_column_inner][vc_empty_space height=&#8220;50px&#8220;][\/vc_column_inner][\/vc_row_inner][vc_row_inner][vc_column_inner width=&#8220;1\/3&#8243;][vc_column_text]<\/p>\n<h2 style=\"text-align: center;\">Produkt<\/h2>\n<p>[\/vc_column_text][\/vc_column_inner][vc_column_inner width=&#8220;1\/3&#8243;][vc_column_text]<\/p>\n<h2 style=\"text-align: center;\">Anwendung<\/h2>\n<p>[\/vc_column_text][\/vc_column_inner][vc_column_inner width=&#8220;1\/3&#8243;][vc_column_text]<\/p>\n<h2 style=\"text-align: center;\">Red dot award<\/h2>\n<p>[\/vc_column_text][\/vc_column_inner][\/vc_row_inner][vc_row_inner][vc_column_inner width=&#8220;1\/3&#8243;][vc_single_image image=&#8220;18521&#8243; img_size=&#8220;full&#8220; alignment=&#8220;center&#8220;][vc_empty_space height=&#8220;20px&#8220;][vc_column_text]<strong>Spr\u00fchen, wischen, erleben!<\/strong><\/p>\n<p>Die Vielzahl von Flecken und Fingerabdr\u00fccken auf dem Smartphone, Tablet oder Computer Bildschirm sieht nicht nur unsch\u00f6n aus sondern belastet auch die Augen und kann Kopfschmerzen verursachen. Die empfindlichen Bildschirme sollten daher regelm\u00e4\u00dfig gereinigt werden \u2013 aber richtig. Cyber Clean Screen Cleaning Solutions entfernen schonend alle Schlieren und Abdr\u00fccke und desinfizieren gleichzeitig zuverl\u00e4ssig.[\/vc_column_text][vc_empty_space height=&#8220;20px&#8220;][vc_column_text]<strong><a href=\"https:\/\/www.cybercleanshop.de\/screen-cleaning-solutions\/\" target=\"_blank\">Cyber Clean Screen Cleaning Solutions kaufen<\/a><\/strong>[\/vc_column_text][vc_empty_space height=&#8220;10px&#8220;][vc_column_text]<strong><a href=\"https:\/\/cyberclean.net\/wp-content\/uploads\/2017\/02\/CYBER-CLEAN-Brochure-2016-2017-.pdf\" target=\"_blank\">Cyber Clean Produktbrosch\u00fcre herunterladen<\/a><\/strong>[\/vc_column_text][\/vc_column_inner][vc_column_inner width=&#8220;1\/3&#8243;][vc_single_image image=&#8220;18522&#8243; img_size=&#8220;full&#8220; alignment=&#8220;center&#8220;][vc_empty_space height=&#8220;20px&#8220;][vc_column_text]<strong>Einfache Schritte f\u00fcr <\/strong><strong>saubere Bildschirme<\/strong><\/p>\n<ol start=\"1\">\n<li>Spr\u00fchen Sie aus 10 bis 15 cm Entfernung zwei- bis viermal (bei Smartphones ein- bis zweimal) auf die Bildschirmoberfl\u00e4che.<\/li>\n<li>Drehen Sie den Bildschirmreiniger um, und wischen Sie mit dem auf der R\u00fcckseite befindlichen, hydrophilen Reinigungsgewebe \u00fcber den Bildschirm, bis dieser vollst\u00e4ndig trocken ist.<\/li>\n<\/ol>\n<p>Alle Cyber Clean Screen Cleaning Solutions verf\u00fcgen \u00fcber ein hydrophiles, mehrlagiges Reinigungsgewebe und eine von JOKER Technologies entwickelte Reinigungsl\u00f6sung. Das hoch saugf\u00e4hige Mikrofaser Vlies hat durch die Behandlung mit Silber-Ionen antiseptische Eigenschaften, die spezielle alkoholfreie Reinigungsl\u00f6sung verz\u00f6gert die Bildung neue Fettabdr\u00fccke und hinterl\u00e4sst einen frisch duftenden Bildschirm.[\/vc_column_text][\/vc_column_inner][vc_column_inner width=&#8220;1\/3&#8243;][vc_single_image image=&#8220;18523&#8243; img_size=&#8220;full&#8220; alignment=&#8220;center&#8220;][vc_empty_space height=&#8220;20px&#8220;][vc_column_text]<strong>Cyber Clean Stylus-Pro erh\u00e4lt den renommierten red dot design award<\/strong><\/p>\n<p>Der <em>red dot design award<\/em> ist eine Auszeichnung f\u00fcr h\u00f6chste Leistung im Produktdesign und wird j\u00e4hrlich vom Design Zentrum Nordrhein-Westfalen verliehen. Der Cyber Clean Stylus-Pro konnte mit seinem innovativen und durchdachten Design \u00fcberzeugen. Bewertungskriterien wie Originalit\u00e4t, Wiedererkennungswert, Gestaltungsqualit\u00e4t sowie \u00c4sthetik und Haptik standen bei der Beurteilung im Vordergrund. \u00dcber 4,600 Arbeiten aus 54 L\u00e4ndern wurden zur Bewertung eingereicht, aber nur die besten Produkte wurden mit dem begehrten Preis f\u00fcr \u00e4sthetische Formen und nachhaltige Trends ausgezeichnet.<\/p>\n<p>&nbsp;<\/p>\n<p>Stylus-Pro wurde speziell f\u00fcr die Reinigung ber\u00fchrungsempfindlicher Bildschirme von Tablet-PCs und Smartphones entwickelt. Stylus-Pro ist nicht nur ein schicker Eingabestift sondern zugleich ein praktischer und einfach anzuwendender Bildschirmreiniger. Er beseitigt Schmutz, Staub und Flecken und sorgt f\u00fcr eine unkomplizierte hygienische Reinigung sensibler Oberfl\u00e4chen. Stylus-Pro integriert eine von JOKER Technologies eigens entwickelte, alkoholfreie Reinigungsl\u00f6sung, einen besonders fein zerst\u00e4ubenden Spr\u00fchkopf, sowie ein hydrophiles Reinigungsvlies. Die Reinigungsl\u00f6sung und das spezielle mehrlagige Reinigungsgewebe mit Silberionen sorgen daf\u00fcr, dass auch krankheitserregende Keime auf Bildschirmen effektiv beseitigt werden. Das Produkt ist in vielen Farben erh\u00e4ltlich, auch Sonderfarben sind auf Wunsch m\u00f6glich. Mit Hilfe des mitgelieferten Clips l\u00e4sst sich der Stylus-Pro bequem an jedem Tablet Cover befestigen.[\/vc_column_text][\/vc_column_inner][\/vc_row_inner][\/vc_column][vc_column width=&#8220;1\/4&#8243;][\/vc_column][\/vc_row][vc_row][vc_column][vc_empty_space][\/vc_column][\/vc_row]<\/p>\n<\/div>","protected":false},"excerpt":{"rendered":"<p>[vc_row][vc_column width=&#8220;3\/4&#8243;][vc_row_inner][vc_column_inner][vc_column_text] Bildschirmreinigung mit Stil [\/vc_column_text][vc_empty_space height=&#8220;20px&#8220;][vc_column_text] Klingt das vertraut: Der Tablet Computer wird von der ganzen Familie bearbeitet, bis er aussieht wie die Fingerabdruckkartei einer mittleren Polizeistation. Das Gleiche mit dem Smartphone, bei dem durch das Abwischen mit der \u00c4rmelr\u00fcckseite das Hemd zwar schmutzig,&#8230;<\/p>\n","protected":false},"author":1,"featured_media":0,"parent":18022,"menu_order":0,"comment_status":"open","ping_status":"closed","template":"","meta":{"footnotes":""},"class_list":["post-18053","page","type-page","status-publish","hentry"],"_links":{"self":[{"href":"https:\/\/cyberclean.net\/de\/wp-json\/wp\/v2\/pages\/18053","targetHints":{"allow":["GET"]}}],"collection":[{"href":"https:\/\/cyberclean.net\/de\/wp-json\/wp\/v2\/pages"}],"about":[{"href":"https:\/\/cyberclean.net\/de\/wp-json\/wp\/v2\/types\/page"}],"author":[{"embeddable":true,"href":"https:\/\/cyberclean.net\/de\/wp-json\/wp\/v2\/users\/1"}],"replies":[{"embeddable":true,"href":"https:\/\/cyberclean.net\/de\/wp-json\/wp\/v2\/comments?post=18053"}],"version-history":[{"count":43,"href":"https:\/\/cyberclean.net\/de\/wp-json\/wp\/v2\/pages\/18053\/revisions"}],"predecessor-version":[{"id":19807,"href":"https:\/\/cyberclean.net\/de\/wp-json\/wp\/v2\/pages\/18053\/revisions\/19807"}],"up":[{"embeddable":true,"href":"https:\/\/cyberclean.net\/de\/wp-json\/wp\/v2\/pages\/18022"}],"wp:attachment":[{"href":"https:\/\/cyberclean.net\/de\/wp-json\/wp\/v2\/media?parent=18053"}],"curies":[{"name":"wp","href":"https:\/\/api.w.org\/{rel}","templated":true}]}}