{"id":18062,"date":"2015-11-16T23:50:31","date_gmt":"2015-11-16T23:50:31","guid":{"rendered":"http:\/\/cyberclean.weiter.ch\/?page_id=18062"},"modified":"2016-08-24T11:53:03","modified_gmt":"2016-08-24T11:53:03","slug":"informationen-uber-keime","status":"publish","type":"page","link":"https:\/\/cyberclean.net\/de\/informationen-uber-keime\/","title":{"rendered":"Informationen \u00fcber Keime"},"content":{"rendered":"<div class=\"wpb-content-wrapper\"><p>[vc_row][vc_column width=&#8220;1\/2&#8243;][vc_single_image image=&#8220;17855&#8243; img_size=&#8220;full&#8220;][\/vc_column][vc_column width=&#8220;1\/2&#8243;][vc_column_text]<\/p>\n<h1>Wie kann ich mich vor gef\u00e4hrlichen Bakterien sch\u00fctzen?<\/h1>\n<p>[\/vc_column_text][vc_empty_space height=&#8220;20px&#8220;][vc_column_text el_class=&#8220;leadtxt&#8220;]<\/p>\n<h4>Keime sind mikroskopisch kleine Organismen und ein nat\u00fcrlicher Teil unserer Lebensumwelt. Viele Bakterien sind n\u00fctzlich und auch kein Problem f\u00fcr ein gesundes Immunsystem. Es besteht daher kein Grund f\u00fcr unn\u00f6tige Beunruhigung. Allerdings k\u00f6nnen einige Keime extrem gef\u00e4hrlich sein und schwere Krankheiten verursachen. Auch eine zu hohe Keimkonzentration kann das Immunsystem \u00fcberfordern. Erfreulicherweise kann man sich mit einfachen Ma\u00dfnahmen sehr weitgehend vor diesen Keimen und Bakterien zu sch\u00fctzen. Ein st\u00e4ndiges Desinfizieren aller Oberfl\u00e4chen ist dabei nicht notwendig. Vielmehr geht es um das Bewusstsein um die Risiken im Zusammenhang mit der \u00dcbertragung von Keimen sowie eine vern\u00fcnftige und effektive Hygiene.<\/h4>\n<p>[\/vc_column_text][vc_empty_space height=&#8220;20px&#8220;][\/vc_column][\/vc_row][vc_row][vc_column][vc_accordion collapsible=&#8220;yes&#8220; style=&#8220;toggle&#8220;][vc_accordion_tab title=&#8220;Kannten Sie diese Faktoren \u00fcber Keime?&#8220; title_tag=&#8220;h2&#8243;][vc_row_inner][vc_column_inner][vc_column_text el_class=&#8220;leadtxt&#8220;]<\/p>\n<h4>Der Kontakt mit Bakterien in Ma\u00dfen ist zur St\u00e4rkung des Immunsystems hilfreich, doch eine hohe Konzentration von Keimen an Stellen, mit denen Sie regelm\u00e4\u00dfig in Kontakt kommen, kann Ihrer Gesundheit schaden. Dies gilt vor allem f\u00fcr Phasen, in denen Sie erh\u00f6htem Stress ausgesetzt sind, oder in denen Ihre Immunabwehr aus anderen Gr\u00fcnden geschw\u00e4cht ist. Regelm\u00e4\u00dfiges H\u00e4ndewaschen ist die wirksamste Ma\u00dfnahme, um Keime an der Ausbreitung zu hindern. Falls Oberfl\u00e4chen und Gebrauchsgegenst\u00e4nde nicht gr\u00fcndlich gereinigt und desinfiziert werden, ist dies allerdings eine sehr kurzfristige Ma\u00dfnahme. Schwer erreichbare Stellen und Zwischenr\u00e4ume stellen einen idealen N\u00e4hrboden f\u00fcr Keime dar.<\/h4>\n<p>[\/vc_column_text][\/vc_column_inner][\/vc_row_inner][vc_row_inner][vc_column_inner][vc_empty_space height=&#8220;20px&#8220;][vc_column_text]<\/p>\n<ul>\n<li>Einer Untersuchung der University of Arizona zufolge kann die Keimkonzentration auf Computertastaturen bis zu 70 Mal h\u00f6her liegen als bei einem Toilettensitz. Bei Telefonen liegt die Zahl noch h\u00f6her \u2013 sie erreichen das 500-Fache der Keimbelastung.<\/li>\n<li>64 % aller Amerikaner glauben, dass sich auf den T\u00fcrgriffen \u00f6ffentlicher Toiletten mehr Keime als an Geldautomaten befinden. Tats\u00e4chlich hat sich aber gezeigt, dass die durchschnittliche Keimkonzentration an Geldautomaten h\u00f6her ist \u2013 aufgrund der Anzahl der Ber\u00fchrungen und der schwierigen Reinigung von Tastenzwischenr\u00e4umen und kleinteiligen Oberfl\u00e4chen.<\/li>\n<li>Die K\u00fcchensp\u00fcle z\u00e4hlt zu den Stellen mit der h\u00f6chsten Keimbelastung im Haushalt. Sie enth\u00e4lt mehr Keime als Bad und Toilette. Im Allgemeinen sind die Stellen am st\u00e4rksten belastet, die in der Regel feucht bleiben.<\/li>\n<li>Doch auch trockene Stellen k\u00f6nnen stark mit Keimen belastet sein. Telefonh\u00f6rer zuhause und im B\u00fcro k\u00f6nnen st\u00e4rker mit Keimen belastet sein, als jede andere Oberfl\u00e4che. Schreibtische, Tastaturen, Bedienkn\u00f6pfe im Aufzug und \u00fcberhaupt alle elektronischen Bedienfelder sind ebenfalls auf der Liste der am st\u00e4rksten verkeimten Stellen zu finden.<\/li>\n<li>In \u00f6ffentlichen Bereichen werden die meisten Keime von Handl\u00e4ufen in Aufz\u00fcgen und Treppenh\u00e4usern, Griffen von Einkaufswagen, Haltegriffen in \u00f6ffentlichen Verkehrsmitteln, aber auch von Spielger\u00e4ten auf Kinderspielpl\u00e4tzen \u00fcbertragen. Von dort werden Bakterien und Viren an Stellen weitergegeben, die h\u00e4ufig ber\u00fchrt werden: Schalter und Kn\u00f6pfe an elektrischen Bedienfeldern, Autoschl\u00fcssel, Computertastaturen, Mobil- und Festnetztelefone, Lenkr\u00e4der usw. Alle diese Stellen weisen schwer erreichbare Zwischenr\u00e4ume auf und werden meist weniger h\u00e4ufig gereinigt.<\/li>\n<\/ul>\n<p>[\/vc_column_text][\/vc_column_inner][\/vc_row_inner][\/vc_accordion_tab][\/vc_accordion][vc_accordion collapsible=&#8220;yes&#8220; style=&#8220;toggle&#8220;][vc_accordion_tab title=&#8220;Kennen Sie die Keime in Ihrer Umgebung?&#8220; title_tag=&#8220;h2&#8243;][vc_row_inner][vc_column_inner][vc_column_text]<\/p>\n<h4>Keime k\u00f6nnen in vier Gruppen unterteilt werden: Bakterien, Pilze, Viren und Protozoen.<\/h4>\n<p>[\/vc_column_text][\/vc_column_inner][\/vc_row_inner][vc_row_inner][vc_column_inner][vc_empty_space height=&#8220;20px&#8220;][vc_column_text]<strong>Bakterien<\/strong><br \/>\nBakterien sind Einzeller. Sobald ein Bakterium in den K\u00f6rper eindringt, vermehrt es sich im Wirtsorganismus und l\u00f6st Infektionen aus, die zu verschiedenen Erkrankungen f\u00fchren. Nicht alle Bakterien sind sch\u00e4dlich. Einige von ihnen leben beispielsweise in den Verdauungsorganen, sind f\u00fcr das Wohlbefinden unentbehrlich und an der Verwertung der N\u00e4hrstoffe in Nahrungsmitteln beteiligt.<\/p>\n<p>Bakterien k\u00f6nnen sich in der Regel schnell ausbreiten und ihre Umgebung kontaminieren. Sie k\u00f6nnen l\u00e4ngere Zeit auf verschiedenen Oberfl\u00e4chen \u00fcberleben. Deshalb ist es wichtig, die Alltagsumgebung Ihrer Familie regelm\u00e4\u00dfig zu reinigen und zu desinfizieren, um Bakterien an der Ausbreitung zu hindern und gesundheitliche Probleme zu vermeiden. <strong><br \/>\n<\/strong> <strong><br \/>\n<\/strong> <strong>Viren<\/strong><br \/>\nViren sind deutlich kleiner als Bakterien. Sie sind auf einen Wirt angewiesen, um \u00fcberleben zu k\u00f6nnen. Die meisten Viren k\u00f6nnen allerdings auch au\u00dferhalb des Wirtsorganismus lange genug \u00fcberleben, um von einem Wirt auf einen anderen \u00fcbertragen zu werden, zum Beispiel \u00fcber Oberfl\u00e4chen oder Gegenst\u00e4nde wie T\u00fcrgriffe oder Telefonh\u00f6rer.<\/p>\n<p>Viren greifen Zellen an, ver\u00e4ndern deren genetischen Code und Funktion und vermehren sich. Sie verursachen eine Vielzahl von Krankheiten, sind aber schwer zu bek\u00e4mpfen, da Antibiotika gegen sie wirkungslos sind. Viren k\u00f6nnen sich leicht in Zwischenr\u00e4umen oder auf unebenen Oberfl\u00e4chen ablagern, die schwer zu reinigen sind. Die Wirksamkeit von Cyber Clean bei der Beseitigung bestimmter Viren wurde von akkreditierten Pr\u00fcflaboren best\u00e4tigt. Erfahren Sie, wie Sie mit <a href=\"\/produkte?lang=de\">Cyber Clean<\/a> schwer erreichbare Stellen desinfizieren und Viren an der Ausbreitung hindern k\u00f6nnen. Bedenken Sie au\u00dferdem, dass der Kontakt mit anderen Menschen der h\u00e4ufigste \u00dcbertragungsweg f\u00fcr Viren ist. Waschen Sie deshalb regelm\u00e4\u00dfig Ihre H\u00e4nde, und verwenden Sie ein Desinfektionsmittel f\u00fcr die H\u00e4nde.<\/p>\n<p><strong>Pilze<\/strong><br \/>\nPilze sind manchmal mit dem blo\u00dfen Auge erkennbar, da sie aus mehreren Zellen bestehen. Der Aufbau von Pilzen ist dem von Pflanzen \u00e4hnlich. Auch wenn Pilze weniger sch\u00e4dlich sind als Bakterien und Viren, k\u00f6nnen diese Mikroorganismen dennoch Unwohlsein, Juckreiz und sogar Infektionen verursachen.<\/p>\n<p>Pilze gedeihen besonders in einer feuchten und dunklen Umgebung. Sie wachsen deshalb an Stellen wie Badewannen, unter Sp\u00fclen und in Schuhen. Die Vermeidung von Pilzen ist nicht schwer: Desinfizieren Sie regelm\u00e4\u00dfig Ihre Umgebung, vor allem Orte und Stellen die l\u00e4nger feucht sind. Achten Sie au\u00dferdem auf einen sauberen und trockenen K\u00f6rper. <strong><br \/>\n<\/strong> <strong><br \/>\n<\/strong> <strong>Protozoen<\/strong><br \/>\nProtozoen sind Parasiten, die starke Beschwerden und ernsthafte Infektionen verursachen. Diese Mikroorganismen entwickeln und vermehren sich in verschmutztem Wasser. G\u00e4ngige Beispiele f\u00fcr Protozoen sind Bandw\u00fcrmer und Fadenw\u00fcrmer. Die Parasiten k\u00f6nnen sich \u00fcber Jahren hinweg unbemerkt im menschlichen K\u00f6rper aufhalten, ohne eine sch\u00e4dliche Wirkung zu haben. Im K\u00f6rper verwerten die Parasiten die N\u00e4hrstoffe und Energie des Wirtsorganismus, um gesundheitssch\u00e4dliche Giftstoffe zu produzieren.<\/p>\n<p>Um eine Infektion durch derartige Keime zu vermeiden, achten Sie darauf, dass das Wasser, das Sie nutzen und trinken, nicht verunreinigt ist.[\/vc_column_text][\/vc_column_inner][\/vc_row_inner][\/vc_accordion_tab][\/vc_accordion][\/vc_column][\/vc_row][vc_row][vc_column][vc_accordion collapsible=&#8220;yes&#8220; style=&#8220;toggle&#8220;][vc_accordion_tab title=&#8220;Einfache Schritte zum Selbstschutz&#8220; title_tag=&#8220;h2&#8243;][vc_row_inner][vc_column_inner][vc_column_text]Nicht alle Keime und Bakterien sind sch\u00e4dlich, aber einige k\u00f6nnen extrem gef\u00e4hrlich sein. F\u00fcr Ihr Wohlbefinden und Ihre Gesundheit ist es wichtig, sich vor Keimen zu sch\u00fctzen. \u00c4ltere Menschen und Kinder sind oft anf\u00e4lliger f\u00fcr Infektionen, die durch Bakterien verursacht werden. Trotzdem besteht f\u00fcr jeden ein Risiko, wenn keine angemessenen Sicherheitsvorkehrungen getroffen werden.<\/p>\n<p>Die meisten Krankheiten und Beschwerden k\u00f6nnten vermieden werden, wenn die folgenden einfachen Ratschl\u00e4ge befolgt w\u00fcrden:<\/p>\n<ol>\n<li><strong>Waschen Sie sich regelm\u00e4\u00dfig die H\u00e4nde,<\/strong> vor allem nach dem Benutzen der Toilette. Tragen Sie ein H\u00e4ndedesinfektionsmittel bei sich, um Ihre H\u00e4nde auch unterwegs zwischendurch reinigen zu k\u00f6nnen.<\/li>\n<li><strong>Vermeiden Sie den engen Kontakt zu kranken Menschen,<\/strong> und bleiben Sie zu Hause, wenn Sie sich unwohl f\u00fchlen. Keime werden durch K\u00f6rperkontakt verbreitet. <a href=\"\/erkaltungszeit?lang=de\">Lesen Sie mehr dar\u00fcber, wie sich eine Grippe vermeiden l\u00e4sst.<\/a><\/li>\n<li><strong>Reinigen Sie Ihre Umgebung regelm\u00e4\u00dfig.<\/strong> Egal ob zu Hause oder im B\u00fcro, durch Reinigen Ihrer unmittelbaren Umgebung k\u00f6nnen Sie Bakterien bek\u00e4mpfen und vermeiden, dass sich Krankheiten verbreiten. Reduzieren Sie das Risiko von Infektionen, indem Sie Gegenst\u00e4nde, die oft ber\u00fchrt werden, regelm\u00e4\u00dfig desinfizieren. Dazu geh\u00f6ren beispielsweise , T\u00fcrklinken, Fernsteuerungen und Tastaturen. <a href=\"\/produkte?lang=de\">Cyber Clean<\/a> ist die effizienteste Methode zur Reinigung von Gegenst\u00e4nden und Oberfl\u00e4chen mit schwer zu erreichenden Zwischenr\u00e4umen, in denen sich oft gef\u00e4hrliche Bakterien verbergen.<\/li>\n<\/ol>\n<p>[\/vc_column_text][\/vc_column_inner][\/vc_row_inner][\/vc_accordion_tab][\/vc_accordion][\/vc_column][\/vc_row][vc_column width=&#8220;1\/3&#8243;][vc_column_text]<br \/>\n[\/vc_column_text][\/vc_column][vc_row][vc_column][vc_empty_space][\/vc_column][\/vc_row]<\/p>\n<\/div>","protected":false},"excerpt":{"rendered":"<p>[vc_row][vc_column width=&#8220;1\/2&#8243;][vc_single_image image=&#8220;17855&#8243; img_size=&#8220;full&#8220;][\/vc_column][vc_column width=&#8220;1\/2&#8243;][vc_column_text] Wie kann ich mich vor gef\u00e4hrlichen Bakterien sch\u00fctzen? [\/vc_column_text][vc_empty_space height=&#8220;20px&#8220;][vc_column_text el_class=&#8220;leadtxt&#8220;] Keime sind mikroskopisch kleine Organismen und ein nat\u00fcrlicher Teil unserer Lebensumwelt. Viele Bakterien sind n\u00fctzlich und auch kein Problem f\u00fcr ein gesundes Immunsystem. Es besteht daher kein Grund f\u00fcr&#8230;<\/p>\n","protected":false},"author":1,"featured_media":0,"parent":0,"menu_order":0,"comment_status":"open","ping_status":"closed","template":"","meta":{"footnotes":""},"class_list":["post-18062","page","type-page","status-publish","hentry"],"_links":{"self":[{"href":"https:\/\/cyberclean.net\/de\/wp-json\/wp\/v2\/pages\/18062","targetHints":{"allow":["GET"]}}],"collection":[{"href":"https:\/\/cyberclean.net\/de\/wp-json\/wp\/v2\/pages"}],"about":[{"href":"https:\/\/cyberclean.net\/de\/wp-json\/wp\/v2\/types\/page"}],"author":[{"embeddable":true,"href":"https:\/\/cyberclean.net\/de\/wp-json\/wp\/v2\/users\/1"}],"replies":[{"embeddable":true,"href":"https:\/\/cyberclean.net\/de\/wp-json\/wp\/v2\/comments?post=18062"}],"version-history":[{"count":8,"href":"https:\/\/cyberclean.net\/de\/wp-json\/wp\/v2\/pages\/18062\/revisions"}],"predecessor-version":[{"id":19251,"href":"https:\/\/cyberclean.net\/de\/wp-json\/wp\/v2\/pages\/18062\/revisions\/19251"}],"wp:attachment":[{"href":"https:\/\/cyberclean.net\/de\/wp-json\/wp\/v2\/media?parent=18062"}],"curies":[{"name":"wp","href":"https:\/\/api.w.org\/{rel}","templated":true}]}}