{"id":18068,"date":"2015-11-16T23:54:34","date_gmt":"2015-11-16T23:54:34","guid":{"rendered":"http:\/\/cyberclean.weiter.ch\/?page_id=18068"},"modified":"2016-08-24T11:55:38","modified_gmt":"2016-08-24T11:55:38","slug":"healthy-home-family","status":"publish","type":"page","link":"https:\/\/cyberclean.net\/de\/healthy-home-family\/","title":{"rendered":"Gesundheit f\u00fcr Haus und Familie"},"content":{"rendered":"<div class=\"wpb-content-wrapper\"><p>[vc_row][vc_column width=&#8220;3\/4&#8243;][vc_row_inner][vc_column_inner width=&#8220;1\/2&#8243;][vc_single_image image=&#8220;18350&#8243; img_size=&#8220;full&#8220;][\/vc_column_inner][vc_column_inner width=&#8220;1\/2&#8243;][vc_column_text]<\/p>\n<h1>Leben Sie in einem Haus mit Keimherden?<\/h1>\n<p>[\/vc_column_text][vc_empty_space height=&#8220;20px&#8220;][vc_column_text]<\/p>\n<h4>Ohne dar\u00fcber nachzudenken, kommen wir im Haushalt tagt\u00e4glich mit Keimen und Bakterien in Ber\u00fchrung. An den folgenden Stellen besteht ein besonders hohes Risiko, Keimen und m\u00f6glichen Krankheiten ausgesetzt zu werden. <strong><br \/>\n<\/strong><\/h4>\n<p>[\/vc_column_text][\/vc_column_inner][\/vc_row_inner][\/vc_column][\/vc_row][vc_row][vc_column][vc_empty_space height=&#8220;20px&#8220;][\/vc_column][\/vc_row][vc_row][vc_column width=&#8220;3\/4&#8243;][vc_accordion style=&#8220;toggle&#8220;][vc_accordion_tab title=&#8220;Allgemeine Gesundheitstipps&#8220; title_tag=&#8220;h2&#8243;][vc_row_inner][vc_column_inner][vc_column_text]<strong>1. Lassen Sie sich impfen.<\/strong> Gegen die Grippe ist eine Schutzimpfung m\u00f6glich. Die Impfung muss jedes Jahr erneuert werden. Allerdings gibt es verschiedene Grippeviren und die Impfung sch\u00fctzt nur vor den drei g\u00e4ngigsten. Eine Impfung ist daher nur der erste Schritt zu einem wirksamen Grippenschutz.<\/p>\n<p>&nbsp;<\/p>\n<p><strong>2. Waschen Sie Ihre H\u00e4nde.<\/strong> Diese einfache Regel wird h\u00e4ufig nicht beachtet. Um Viren an der Ausbreitung zu hindern, waschen Sie sorgf\u00e4ltig Ihre H\u00e4nde, vor allem nach dem Benutzen der Toilette. Die Punkte, an denen Viren am h\u00e4ufigsten in den K\u00f6rper eindringen, sind Augen, Mund und Nase. Vermeiden Sie es, Ihr Gesicht mit den H\u00e4nden zu ber\u00fchren. Dies gilt insbesondere, nachdem Sie Gegenst\u00e4nde wie T\u00fcrgriffe, Tastaturen und Bedienfelder in \u00f6ffentlichen R\u00e4umen ber\u00fchrt haben. Sie k\u00f6nnen das Infektionsrisiko weiter reduzieren, indem Sie ein Desinfektionsmittel f\u00fcr die H\u00e4nde verwenden.<\/p>\n<p>&nbsp;<\/p>\n<p><strong>3. Bleiben Sie zu Hause, wenn Sie krank sind.\u00a0<\/strong>Viren werden in der Regel direkt von Mensch zu Mensch \u00fcbertragen. K\u00f6rperkontakt und Unterhaltungen k\u00f6nnen zur Ausbreitung der Keime f\u00fchren. Wenn Sie die ersten Anzeichen einer Grippe sp\u00fcren, bleiben Sie zu Hause, damit sie andere nicht anstecken.<\/p>\n<p>&nbsp;<\/p>\n<p><strong>4. Beseitigen Sie die Keime.\u00a0<\/strong>Viren sind die widerstandsf\u00e4higste Art von Keimen. Nach einer Infektion ist es schwierig, sie zu bek\u00e4mpfen. Der beste Weg zur Vermeidung einer Erkrankung besteht darin, die Viren zu entfernen, bevor sie in den K\u00f6rper eindringen k\u00f6nnen. Deshalb ist es wichtig, Ihre Umgebung regelm\u00e4ssig zu reinigen und zu desinfizieren, um Keime an der Ausbreitung zu hindern.<\/p>\n<p>&nbsp;<\/p>\n<p><strong>5. Achten Sie auf Ihre Gesundheit.\u00a0<\/strong>Ihr K\u00f6rper setzt sich gegen Bakterien und Viren zur Wehr. Ihren K\u00f6rper zu st\u00e4rken ist wichtig, um diesen Kampf zu gewinnen. Eine ausgeglichene und vitaminreiche Ern\u00e4hrung (vor allem Vitamin C), ausreichend Schlaf und regelm\u00e4ssige k\u00f6rperliche Bet\u00e4tigung verleihen Ihren K\u00f6rper Kraft im Kampf gegen Keime.[\/vc_column_text][\/vc_column_inner][\/vc_row_inner][\/vc_accordion_tab][\/vc_accordion][vc_column_text]<br \/>\n[\/vc_column_text][\/vc_column][vc_column width=&#8220;1\/4&#8243;][vc_column_text]<br \/>\n[\/vc_column_text][\/vc_column][\/vc_row][vc_row][vc_column width=&#8220;3\/4&#8243;][vc_accordion style=&#8220;toggle&#8220;][vc_accordion_tab title=&#8220;Wie vermeidet man Allergien?&#8220; title_tag=&#8220;h2&#8243;][vc_row_inner][vc_column_inner width=&#8220;1\/2&#8243;][vc_single_image image=&#8220;18654&#8243; img_size=&#8220;full&#8220;][\/vc_column_inner][vc_column_inner width=&#8220;1\/2&#8243;][vc_column_text]<\/p>\n<h4>Sie kennen die Situation: Mit laufender Nase oder juckenden Augen ist es schwer, sich zu konzentrieren, und st\u00e4ndiges Niesen st\u00f6rt nicht nur Sie selbst, sondern auch die Menschen in Ihrer Umgebung. Neben der Beeintr\u00e4chtigung der Konzentration k\u00f6nnen Allergien ernsthafte Risiken f\u00fcr Sie darstellen. Eine Studie der Academy of Allergy, Asthma &amp; Immunology (2002) hat gezeigt, dass bei unter Allergien leidenden Menschen das Risiko um 30 % erh\u00f6ht ist, einen Autounfall zu verursachen.<\/h4>\n<p>[\/vc_column_text][\/vc_column_inner][\/vc_row_inner][vc_row_inner][vc_column_inner][vc_empty_space height=&#8220;20px&#8220;][vc_column_text]<\/p>\n<p>Das zugrunde liegende Prinzip einer Allergie besteht darin, dass der K\u00f6rper auf k\u00f6rperfremde Partikel reagiert und sie mit den \u00fcblichen Allergiesymptomen bek\u00e4mpft. Als Allergen bezeichnet man eine Substanz, die eine Allergie ausl\u00f6sen kann. Zu den Substanzen, die am h\u00e4ufigsten allergische Reaktionen ausl\u00f6sen, z\u00e4hlen Pollen, Tierhaare und Milben.<\/p>\n<p>[\/vc_column_text][vc_empty_space height=&#8220;20px&#8220;][vc_column_text]<\/p>\n<h2>Milben, Tierhaare und Pollen beseitigen<\/h2>\n<p>[\/vc_column_text][vc_empty_space height=&#8220;20px&#8220;][vc_column_text]Milben sind Mikroorganismen, die gut unter einem Mikroskop zu beobachten sind. Ein Gramm Hausstaub kann bis zu 500 Staubmilben enthalten. Diese Mikroorganismen leben in allen Arten von Textilien, zum Beispiel in Kopfkissen, Bettdecken und Autositzen. Eine Matratze enth\u00e4lt im Schnitt 10.000 bis 100.000 Staubmilben. Milben finden sich vor allem auch an Stellen, die schwer zu erreichen sind und daher h\u00e4ufig nicht sorgf\u00e4ltig gereinigt werden, wie zum Beispiel in den Falten von Polsterm\u00f6beln und Autositzen. Das gleiche gilt auch f\u00fcr Tierhaare und Pollen. Die gr\u00fcndliche und regelm\u00e4\u00dfige Beseitigung von potentiellen Allergieausl\u00f6sern ist aber der Schl\u00fcssel zur Vermeidung und Milderung von \u00dcberempfindlichkeiten.<\/p>\n<p><a href=\"\/produkte\/auto?lang=de\">Cyber Clean Car<\/a> wurde speziell f\u00fcr die hygienische Reinigung des Fahrzeuginnenraumes entwickelt. Es entfernt Staub, Milben und Keime, die sich in den Sitzenfalten sowie in allen Ritzen und Spalten des Fahrzeugsinnenraumes befinden.[\/vc_column_text][\/vc_column_inner][\/vc_row_inner][\/vc_accordion_tab][\/vc_accordion][vc_column_text]<br \/>\n[\/vc_column_text][\/vc_column][vc_column width=&#8220;1\/4&#8243;][vc_column_text]<br \/>\n[\/vc_column_text][\/vc_column][\/vc_row][vc_row][vc_column width=&#8220;3\/4&#8243;][vc_accordion style=&#8220;toggle&#8220;][vc_accordion_tab title=&#8220;Wie reinigt und desinfiziert man Schuhe?&#8220; title_tag=&#8220;h2&#8243;][vc_row_inner][vc_column_inner][vc_column_text]<\/p>\n<h4>Wann haben Sie Ihre Schuhe zum letzten Mal von innen gereinigt und desinfiziert? Falls Sie geschlossene Schuhe wie normale Business-Schuhe tragen, lautet die Antwort wahrscheinlich: noch nie.<\/h4>\n<p>[\/vc_column_text][vc_empty_space height=&#8220;20px&#8220;][vc_column_text]<\/p>\n<p>Eine Reinigung mit Wasser kann die Schuhe besch\u00e4digen, Schuhsprays \u00fcberdecken lediglich unangenehme Ger\u00fcche, ohne die Schuhe zu reinigen, und UV-Lichtsysteme t\u00f6ten Keime nur ab, ohne R\u00fcckst\u00e4nde und Schmutzpartikel zu entfernen. Die Reinigung der Schuhe von innen bek\u00e4mpft krankheitserregende Bakterien und Pilze und wirkt so Erkrankungen wie Fu\u00df- und Nagelpilz entgegen.<\/p>\n<p>[\/vc_column_text][\/vc_column_inner][\/vc_row_inner][vc_row_inner][vc_column_inner][vc_empty_space height=&#8220;20px&#8220;][vc_column_text]<\/p>\n<h3>Unangenehme Ger\u00fcche werden von Bakterien verursacht<\/h3>\n<p>[\/vc_column_text][vc_empty_space height=&#8220;16px&#8220;][vc_column_text]<\/p>\n<p>Einem weit verbreiteten Irrglauben zufolge werden Ger\u00fcche in Schuhen durch Schwei\u00df verursacht. Tats\u00e4chlich sind Bakterien in den Schuhen f\u00fcr den unangenehmen Geruch verantwortlich. Staub und Schmutz k\u00f6nnen sich in Schuhen ansammeln und einen idealen N\u00e4hrboden f\u00fcr Bakterien und Pilze bilden. Je nach Aktivit\u00e4t kann die Schwei\u00dfmenge in den Schuhen bis zu 0,2 Liter pro Tag betragen. Diese Feuchtigkeit kann in Verbindung mit Bakterien verschiedene Fu\u00dferkrankungen wie Fu\u00df- und Nagelpilz sowie unangenehme Ger\u00fcche verursachen. Der einzige Weg zu einer deutlichen und dauerhaften Minderung von unangenehmen Ger\u00fcchen besteht darin, Ablagerungen und Bakterien wirksam aus den Schuhen zu entfernen.<\/p>\n<p>[\/vc_column_text][vc_empty_space height=&#8220;20px&#8220;][vc_column_text]<\/p>\n<h2>Wie vermeidet man unangenehme Ger\u00fcche und Fu\u00dferkrankungen?<\/h2>\n<p>[\/vc_column_text][vc_empty_space height=&#8220;16px&#8220;][vc_column_text]Den Tag mit unbequemen Schuhen oder schmerzenden F\u00fc\u00dfen zu beginnen, ist immer unangenehm.<\/p>\n<p>Mit den folgenden Tipps k\u00f6nnen Sie das Wohlbefinden Ihrer F\u00fc\u00dfe steigern. <strong><br \/>\n<\/strong> <strong><br \/>\n<\/strong> <strong>1. <\/strong><strong>Reinigen Sie Schuhe regelm\u00e4\u00dfig von innen<\/strong><br \/>\nSchuhe sollten regelm\u00e4\u00dfig von innen gereinigt werden, um Ihre F\u00fc\u00dfe vor chronischen Fu\u00dferkrankungen zu sch\u00fctzen. Die Reinigungsmasse Cyber Clean For Inside Shoes sch\u00fctzt Ihre F\u00fc\u00dfe vor verschiedenen Erkrankungen wie Fu\u00df- und Nagelpilz, indem sie krankheitserregende Bakterien und Pilzsporen entfernt, und verleiht den Schuhen einen frischen Geruch.<\/p>\n<p>W\u00e4hrend herk\u00f6mmliche Sprays und Hygieneprodukte den unangenehmen Geruch lediglich \u00fcberdecken, bindet das innovative Membransystem von Cyber Clean For Inside Shoes effektiv den Schmutz und entfernt wirksam Bakterien sowie Pilzsporen. <strong><br \/>\n<\/strong> <strong><br \/>\n<\/strong> <strong>2. <\/strong><strong>Putzen Sie Ihre Schuhe regelm\u00e4\u00dfig<\/strong><br \/>\nVerwenden Sie Schuhcreme, um Lederschuhe zu putzen und zu pflegen. Tragen Sie die Creme mit einem weichen Tuch auf. Wildlederschuhe hingegen sehen am besten aus, wenn Sie mit einer B\u00fcrste behandelt werden. Sie k\u00f6nnen Ihre Schuhe auch vor Wasser und Flecken sch\u00fctzen, indem Sie sie von au\u00dfen mit einem Impr\u00e4gnier Spray behandeln<strong>.<\/strong> <strong><br \/>\n<\/strong> <strong><br \/>\n<\/strong> <strong>3. <\/strong><strong>Bewahren Sie Ihre Schuhe an einem trockenen und gut bel\u00fcfteten Ort auf.<\/strong><br \/>\nWenn Sie Ihre Schuhe nicht tragen, bewahren Sie sie an einem gut bel\u00fcfteten Ort auf. Es ist empfehlenswert, ein Paar Schuhe maximal zwei Tage in Folge zu tragen, damit die Schuhe vollst\u00e4ndig trocknen k\u00f6nnen.[\/vc_column_text][\/vc_column_inner][\/vc_row_inner][\/vc_accordion_tab][\/vc_accordion][vc_column_text]<br \/>\n[\/vc_column_text][\/vc_column][vc_column width=&#8220;1\/4&#8243;][vc_column_text]<br \/>\n[\/vc_column_text][\/vc_column][\/vc_row][vc_row][vc_column][vc_empty_space][\/vc_column][\/vc_row]<\/p>\n<\/div>","protected":false},"excerpt":{"rendered":"<p>[vc_row][vc_column width=&#8220;3\/4&#8243;][vc_row_inner][vc_column_inner width=&#8220;1\/2&#8243;][vc_single_image image=&#8220;18350&#8243; img_size=&#8220;full&#8220;][\/vc_column_inner][vc_column_inner width=&#8220;1\/2&#8243;][vc_column_text] Leben Sie in einem Haus mit Keimherden? [\/vc_column_text][vc_empty_space height=&#8220;20px&#8220;][vc_column_text] Ohne dar\u00fcber nachzudenken, kommen wir im Haushalt tagt\u00e4glich mit Keimen und Bakterien in Ber\u00fchrung. An den folgenden Stellen besteht ein besonders hohes Risiko, Keimen und m\u00f6glichen Krankheiten ausgesetzt zu werden&#8230;.<\/p>\n","protected":false},"author":1,"featured_media":0,"parent":0,"menu_order":0,"comment_status":"open","ping_status":"open","template":"","meta":{"footnotes":""},"class_list":["post-18068","page","type-page","status-publish","hentry"],"_links":{"self":[{"href":"https:\/\/cyberclean.net\/de\/wp-json\/wp\/v2\/pages\/18068","targetHints":{"allow":["GET"]}}],"collection":[{"href":"https:\/\/cyberclean.net\/de\/wp-json\/wp\/v2\/pages"}],"about":[{"href":"https:\/\/cyberclean.net\/de\/wp-json\/wp\/v2\/types\/page"}],"author":[{"embeddable":true,"href":"https:\/\/cyberclean.net\/de\/wp-json\/wp\/v2\/users\/1"}],"replies":[{"embeddable":true,"href":"https:\/\/cyberclean.net\/de\/wp-json\/wp\/v2\/comments?post=18068"}],"version-history":[{"count":10,"href":"https:\/\/cyberclean.net\/de\/wp-json\/wp\/v2\/pages\/18068\/revisions"}],"predecessor-version":[{"id":19257,"href":"https:\/\/cyberclean.net\/de\/wp-json\/wp\/v2\/pages\/18068\/revisions\/19257"}],"wp:attachment":[{"href":"https:\/\/cyberclean.net\/de\/wp-json\/wp\/v2\/media?parent=18068"}],"curies":[{"name":"wp","href":"https:\/\/api.w.org\/{rel}","templated":true}]}}