{"id":18074,"date":"2015-11-16T23:57:10","date_gmt":"2015-11-16T23:57:10","guid":{"rendered":"http:\/\/cyberclean.weiter.ch\/?page_id=18074"},"modified":"2016-08-24T11:59:28","modified_gmt":"2016-08-24T11:59:28","slug":"arbeitsleben","status":"publish","type":"page","link":"https:\/\/cyberclean.net\/de\/arbeitsleben\/","title":{"rendered":"Arbeitsleben"},"content":{"rendered":"<div class=\"wpb-content-wrapper\"><p>[vc_row][vc_column width=&#8220;3\/4&#8243;][vc_row_inner][vc_column_inner width=&#8220;1\/2&#8243;][vc_single_image image=&#8220;18477&#8243; img_size=&#8220;full&#8220;][\/vc_column_inner][vc_column_inner width=&#8220;1\/2&#8243;][vc_column_text]<\/p>\n<h1>Wie senkt man den Krankenstand und verbessert die Effizienz?<\/h1>\n<p>[\/vc_column_text][vc_empty_space height=&#8220;20px&#8220;][vc_column_text]<\/p>\n<h4>Vor allem in der Grippezeit fallen Mitarbeiter h\u00e4ufig krankheitsbedingt aus. Doch jeder Krankheitstag bedeutet Kosten f\u00fcr das Unternehmen und eine entsprechend h\u00f6here Arbeitsbelastung der verbleibenden Mitarbeiter. Eine bessere B\u00fcrohygiene tr\u00e4gt zur Reduzierung des Krankenstands bei und steigert so die Produktivit\u00e4t.<\/h4>\n<p>[\/vc_column_text][\/vc_column_inner][\/vc_row_inner][vc_row_inner][vc_column_inner][vc_empty_space height=&#8220;20px&#8220;][vc_column_text]<\/p>\n<p>Erkrankungen sind f\u00fcr die betroffenen Mitarbeiter und ihren Arbeitgeber unerfreulich. In Gro\u00dfbritannien zum Beispiel f\u00fchren Erkrankungen jedes Jahr zum Ausfall von 63 Millionen Arbeitstagen. In einer B\u00fcroumgebung, in dem IT-Ger\u00e4te meist von mehreren Mitarbeitern benutzt werden, breiten sich Krankheiten rasch aus. Mit verbesserter Hygiene im B\u00fcro k\u00f6nnen Unternehmen die Zahl der Krankheitstage reduzieren und so die Kosten durch Fehlzeiten reduzieren.<\/p>\n<p>[\/vc_column_text][vc_empty_space height=&#8220;20px&#8220;][vc_separator color=&#8220;#c1c1c1&#8243; thickness=&#8220;1px&#8220; up=&#8220;20px&#8220; down=&#8220;20px&#8220;][vc_empty_space height=&#8220;30px&#8220;][\/vc_column_inner][\/vc_row_inner][vc_row_inner][vc_column_inner width=&#8220;1\/2&#8243;][vc_single_image image=&#8220;18479&#8243; img_size=&#8220;full&#8220;][\/vc_column_inner][vc_column_inner width=&#8220;1\/2&#8243;][vc_column_text]<\/p>\n<h1>Wie verbessert man die Hygiene am Arbeitsplatz?<\/h1>\n<p>[\/vc_column_text][vc_empty_space height=&#8220;20px&#8220;][vc_column_text]<\/p>\n<h4>Leistung und Wohlbefinden am Arbeitsplatz h\u00e4ngen von verschiedenen Kriterien wie Arbeitsbelastung, Arbeitsatmosph\u00e4re und Interaktion mit anderen ab. Ein entscheidender Aspekt der Produktivit\u00e4t sind Wohlbefinden und Hygiene am Arbeitsplatz. Mitarbeiter, die in einem gesunden und angenehmen Umfeld arbeiten, sind motivierter und leiden weniger unter Stress.<\/h4>\n<p>[\/vc_column_text][\/vc_column_inner][\/vc_row_inner][vc_row_inner][vc_column_inner][vc_empty_space height=&#8220;20px&#8220;][vc_column_text]F\u00fcr den Mitarbeiter bedeutet bessere Hygiene am Arbeitsplatz mehr Lebensqualit\u00e4t und verbessertes Wohlbefinden. F\u00fcr den Arbeitgeber gew\u00e4hrleistet sie Produktivit\u00e4t und verringert Fehlzeiten.<\/p>\n<p>Wie verbessert man nun die Hygiene im B\u00fcro? <strong><br \/>\n<\/strong>[\/vc_column_text][vc_empty_space height=&#8220;20px&#8220;][vc_column_text]<strong>Schritt 1 \u2013 Regelm\u00e4\u00dfig desinfizieren<\/strong><br \/>\nIn einem B\u00fcro kommen Menschen auf vielf\u00e4ltige Weise miteinander in Kontakt. Computertastaturen, Drucker, Kopierger\u00e4te und Telefone werden von mehreren Mitarbeitern verwendet. Krankheitserregende Bakterien k\u00f6nnen \u00fcber die Oberfl\u00e4che gemeinsam genutzter Gegenst\u00e4nde \u00fcbertragen werden. B\u00fcrohygiene ist der Schl\u00fcssel zur Vermeidung von Krankheiten: Indem Sie Keime an der Ausbreitung hindern, k\u00f6nnen Sie das Ansteckungsrisiko deutlich reduzieren.<\/p>\n<p>Es ist wichtig, das gesamte B\u00fcro regelm\u00e4\u00dfig zu reinigen und desinfizieren. Die Anwendung von <a href=\"\/produkte?lang=de\">Cyber Clean<\/a> auf schwierig zu reinigenden Oberfl\u00e4chen wie Computertastaturen oder Bedienfelder von Druckern und anderen gemeinsam genutzten Ger\u00e4ten gew\u00e4hrleistet wirksame Hygiene und senkt das Ansteckungsrisiko. <strong><br \/>\n<\/strong> <strong><br \/>\n<\/strong> <strong>Schritt 2 \u2013 Stellen Sie Mittel f\u00fcr die K\u00f6rperhygiene bereit<\/strong><br \/>\nEin weiterer, wichtiger Faktor zur Verbesserung der Hygiene am Arbeitsplatz sind Mittel f\u00fcr die Handhygiene von Mitarbeitern. Auf den Toiletten sollten die Seifenspender keimfrei und immer gef\u00fcllt sein. Allen Mitarbeiter sollten Desinfektionsgels und -t\u00fccher zur Verf\u00fcgung stehen. Die regelm\u00e4\u00dfige Reinigung der H\u00e4nde mit Seife oder einem guten Desinfektionsmittel ist wichtig, um Krankheiten an der Ausbreitung zu hindern.[\/vc_column_text][\/vc_column_inner][\/vc_row_inner][\/vc_column][\/vc_row][vc_row][vc_column][vc_empty_space][\/vc_column][\/vc_row]<\/p>\n<\/div>","protected":false},"excerpt":{"rendered":"<p>[vc_row][vc_column width=&#8220;3\/4&#8243;][vc_row_inner][vc_column_inner width=&#8220;1\/2&#8243;][vc_single_image image=&#8220;18477&#8243; img_size=&#8220;full&#8220;][\/vc_column_inner][vc_column_inner width=&#8220;1\/2&#8243;][vc_column_text] Wie senkt man den Krankenstand und verbessert die Effizienz? [\/vc_column_text][vc_empty_space height=&#8220;20px&#8220;][vc_column_text] Vor allem in der Grippezeit fallen Mitarbeiter h\u00e4ufig krankheitsbedingt aus. Doch jeder Krankheitstag bedeutet Kosten f\u00fcr das Unternehmen und eine entsprechend h\u00f6here Arbeitsbelastung der verbleibenden Mitarbeiter. Eine bessere&#8230;<\/p>\n","protected":false},"author":1,"featured_media":0,"parent":0,"menu_order":0,"comment_status":"open","ping_status":"open","template":"","meta":{"footnotes":""},"class_list":["post-18074","page","type-page","status-publish","hentry"],"_links":{"self":[{"href":"https:\/\/cyberclean.net\/de\/wp-json\/wp\/v2\/pages\/18074","targetHints":{"allow":["GET"]}}],"collection":[{"href":"https:\/\/cyberclean.net\/de\/wp-json\/wp\/v2\/pages"}],"about":[{"href":"https:\/\/cyberclean.net\/de\/wp-json\/wp\/v2\/types\/page"}],"author":[{"embeddable":true,"href":"https:\/\/cyberclean.net\/de\/wp-json\/wp\/v2\/users\/1"}],"replies":[{"embeddable":true,"href":"https:\/\/cyberclean.net\/de\/wp-json\/wp\/v2\/comments?post=18074"}],"version-history":[{"count":6,"href":"https:\/\/cyberclean.net\/de\/wp-json\/wp\/v2\/pages\/18074\/revisions"}],"predecessor-version":[{"id":19260,"href":"https:\/\/cyberclean.net\/de\/wp-json\/wp\/v2\/pages\/18074\/revisions\/19260"}],"wp:attachment":[{"href":"https:\/\/cyberclean.net\/de\/wp-json\/wp\/v2\/media?parent=18074"}],"curies":[{"name":"wp","href":"https:\/\/api.w.org\/{rel}","templated":true}]}}