{"id":18085,"date":"2015-11-17T00:07:23","date_gmt":"2015-11-17T00:07:23","guid":{"rendered":"http:\/\/cyberclean.weiter.ch\/?page_id=18085"},"modified":"2017-03-06T14:14:06","modified_gmt":"2017-03-06T14:14:06","slug":"buro","status":"publish","type":"page","link":"https:\/\/cyberclean.net\/de\/buro\/","title":{"rendered":"B\u00fcro"},"content":{"rendered":"<div class=\"wpb-content-wrapper\"><p>[vc_row][vc_column width=&#8220;3\/4&#8243;][vc_row_inner][vc_column_inner][vc_column_text]<\/p>\n<h1>Keime am Arbeitsplatz eliminieren<\/h1>\n<p>[\/vc_column_text][vc_empty_space height=&#8220;20px&#8220;][vc_column_text]<\/p>\n<h4>B\u00fcroarbeiter nutzen heutzutage stark auch Computerger\u00e4te, die auch von vielen anderen Kollegen genutzt werden. Tastaturen von Computern und Telefonen und andere B\u00fcroger\u00e4te werden im Laufe des Tages von etlichen Personen ber\u00fchrt. Dadurch werden allerlei Bakterien auf diese Ger\u00e4te \u00fcbertragen. Das stressige Arbeitsleben von heute f\u00fchrt oft dazu, dass man sein Mittagessen oder eine Zwischenmahlzeit am Computer einnimmt. Kr\u00fcmel, Reste versch\u00fctteter Getr\u00e4nke und Staub, die sich den Zwischenr\u00e4umen von beispielsweise Computertastaturen ablagern, bilden einen idealen N\u00e4hrboden f\u00fcr Mikroben.<\/h4>\n<p>[\/vc_column_text][\/vc_column_inner][\/vc_row_inner][vc_empty_space height=&#8220;20px&#8220;][vc_row_inner css=&#8220;.vc_custom_1443305389086{padding: 0px !important;}&#8220;][vc_column_inner width=&#8220;1\/2&#8243;][vc_single_image image=&#8220;18543&#8243; img_size=&#8220;full&#8220; css=&#8220;.vc_custom_1450341752759{padding-right: 0px !important;}&#8220;][\/vc_column_inner][vc_column_inner width=&#8220;1\/2&#8243;][vc_single_image image=&#8220;18481&#8243; img_size=&#8220;full&#8220; css=&#8220;.vc_custom_1450360833346{padding-left: 0px !important;}&#8220;][\/vc_column_inner][\/vc_row_inner][vc_empty_space height=&#8220;20px&#8220;][vc_accordion collapsible=&#8220;yes&#8220;][vc_accordion_tab title=&#8220;Wie reinige ich meine Tastatur?&#8220; title_tag=&#8220;h2&#8243;][vc_single_image image=&#8220;16847&#8243; alignment=&#8220;center&#8220;][vc_column_text]Schmutzpartikel und Bakterien sammeln sich vor allem an schwer zu erreichenden Stellen an, wie zum Beispiel in den Zwischenr\u00e4umen von Computertastaturen. Untersuchungen haben gezeigt, dass Tastaturen meist st\u00e4rker verschmutzt sind als \u00f6ffentliche Toiletten. Viele Menschen nehmen ihr Mittagessen oder eine Zwischenmahlzeit am Computer ein. Dabei lagern sich Kr\u00fcmel, Reste versch\u00fctteter Getr\u00e4nke und Staub in den Zwischenr\u00e4umen ab und bilden einen idealen N\u00e4hrboden f\u00fcr Mikroben. Mit <a href=\"\/produkte\/home-office?lang=de\">Cyber Clean Home &amp; Office<\/a> k\u00f6nnen Sie sowohl Keime als auch Staub von der Tastatur beseitigen.<\/p>\n<ol>\n<li>Nehmen Sie die Masse aus der Verpackung und kneten diese etwa 10<br \/>\nSekunden lang durch. Dadurch nimmt die Masse den pH-Wert der Haut an. Achten Sie bei der Verwendung der Masse darauf, dass Ihre H\u00e4nde trocken sind.<\/li>\n<li>Legen Sie die Masse auf die Tastatur und dr\u00fccken diese fest an, damit Cyber Clean alle Zwischenr\u00e4ume erreicht.<\/li>\n<li>Nehmen Sie die Masse ab. Falten Sie die Masse zusammen, um Schmutzpartikel und Bakterien durch das Membransystem einzufangen. Wiederholen Sie den Reinigungsvorgang bei Bedarf.<\/li>\n<li>Legen Sie die Masse zur\u00fcck in die wiederverschlie\u00dfbare Verpackung und verschlie\u00dfen diese sorgf\u00e4ltig, um zu verhindern, dass die Masse austrocknet. Lagern Sie das Produkt an einem k\u00fchlen und trockenen Ort, sch\u00fctzen Sie es vor direkter Sonneneinstrahlung.<\/li>\n<\/ol>\n<p>[\/vc_column_text][\/vc_accordion_tab][\/vc_accordion][vc_accordion collapsible=&#8220;yes&#8220;][vc_accordion_tab title=&#8220;Wie reinige ich meinen Computerbildschirm?&#8220; title_tag=&#8220;h2&#8243;][vc_single_image image=&#8220;16849&#8243; alignment=&#8220;center&#8220;][vc_column_text]Die <a href=\"\/screen-cleaning-solutions?lang=de\">Cyber Clean Screen Cleaning Solutions<\/a> umfassen Produkte f\u00fcr die Reinigung und Desinfektion von Bildschirmen verschiedener Gr\u00f6\u00dfen. Desk-Pro ist ideal f\u00fcr die Reinigung von Computerbildschirmen geeignet und hinterl\u00e4sst ein klares, staub- und fleckenfreies Bild. Die alkoholfreie, antiseptische Reinigungsl\u00f6sung und das zugeh\u00f6rige stark saugf\u00e4hige Mikrofasertuch sorgen f\u00fcr gereinigte und desinfizierte Oberfl\u00e4chen ohne R\u00fcckst\u00e4nde. Spr\u00fchen Sie aus 10 bis 15<br \/>\ncm Entfernung zwei bis vier Mal auf die Bildschirmoberfl\u00e4che. Wischen Sie mit dem Mikrofasertuch \u00fcber den Bildschirm, bis die Oberfl\u00e4che vollst\u00e4ndig trocken ist.[\/vc_column_text][\/vc_accordion_tab][\/vc_accordion][vc_accordion collapsible=&#8220;yes&#8220;][vc_accordion_tab title=&#8220;Wie reinige ich meinen Drucker?&#8220; title_tag=&#8220;h2&#8243;][vc_single_image image=&#8220;16851&#8243; alignment=&#8220;center&#8220;][vc_column_text]In der Regel teilen sich mehrere B\u00fcrokollegen einen Drucker. Auf den unebenen Oberfl\u00e4chen und etlichen Tasten und Kn\u00f6pfen von Druckern k\u00f6nnen sich Keime befinden, die unter Umst\u00e4nden gesundheitssch\u00e4dlich sind. <a href=\"\/produkte\/home-office?lang=de\">Cyber Clean Home &amp; Office<\/a> passt sich an die jeweilige Oberfl\u00e4chenform an, absorbiert Schmutzpartikel und beseitigt Keime.<\/p>\n<ol>\n<li>Nehmen Sie die Masse aus der Verpackung und kneten diese etwa 10<br \/>\nSekunden lang durch. Dadurch nimmt die Masse den pH-Wert der Haut an. Achten Sie bei der Verwendung der Masse darauf, dass Ihre H\u00e4nde trocken sind.<\/li>\n<li>Legen Sie die Masse auf den Drucker und dr\u00fccken diese fest an, damit Cyber Clean alle Zwischenr\u00e4ume erreicht.<\/li>\n<li>Nehmen Sie die Masse ab. Falten Sie die Masse zusammen, um Schmutzpartikel und Bakterien durch das Membransystem einzufangen. Wiederholen Sie den Reinigungsvorgang bei Bedarf.<\/li>\n<li>Legen Sie die Masse zur\u00fcck in die wiederverschlie\u00dfbare Verpackung und verschlie\u00dfen diese sorgf\u00e4ltig, um zu verhindern, dass die Masse austrocknet. Lagern Sie das Produkt an einem k\u00fchlen und trockenen Ort, sch\u00fctzen Sie es vor direkter Sonneneinstrahlung.<\/li>\n<\/ol>\n<p>[\/vc_column_text][\/vc_accordion_tab][\/vc_accordion][vc_accordion collapsible=&#8220;yes&#8220;][vc_accordion_tab title=&#8220;Wie reinige ich meinen Taschenrechner?&#8220; title_tag=&#8220;h2&#8243;][vc_single_image image=&#8220;16850&#8243; alignment=&#8220;center&#8220;][vc_column_text]Taschenrechner verf\u00fcgen \u00fcber etliche Tasten und Kn\u00f6pfe, auf denen sich Keime befinden k\u00f6nnen, die unter Umst\u00e4nden gesundheitssch\u00e4dlich sind. Insbesondere wenn Taschenrechner von verschiedenen Personen im B\u00fcro verwendet werden, k\u00f6nnen sie Keime auf andere Menschen \u00fcbertragen. <a href=\"\/produkte\/home-office?lang=de\">Cyber Clean Home &amp; Office<\/a> passt sich an die jeweilige Oberfl\u00e4chenform an, absorbiert Schmutzpartikel und beseitigt Keime.<\/p>\n<ol>\n<li>Nehmen Sie die Masse aus der Verpackung und kneten diese etwa 10<br \/>\nSekunden lang durch. Dadurch nimmt die Masse den pH-Wert der Haut an. Achten Sie bei der Verwendung der Masse darauf, dass Ihre H\u00e4nde trocken sind.<\/li>\n<li>Legen Sie die Masse auf den Taschenrechner und dr\u00fccken diese fest an, damit Cyber Clean alle Zwischenr\u00e4ume erreicht.<\/li>\n<li>Nehmen Sie die Masse ab. Falten Sie die Masse zusammen, um Schmutzpartikel und Bakterien durch das Membransystem einzufangen. Wiederholen Sie den Reinigungsvorgang bei Bedarf.<\/li>\n<li>Legen Sie die Masse zur\u00fcck in die wiederverschlie\u00dfbare Verpackung und verschlie\u00dfen diese sorgf\u00e4ltig, um zu verhindern, dass die Masse austrocknet. Lagern Sie das Produkt an einem k\u00fchlen und trockenen Ort, sch\u00fctzen Sie es vor direkter Sonneneinstrahlung.<\/li>\n<\/ol>\n<p>[\/vc_column_text][\/vc_accordion_tab][\/vc_accordion][vc_accordion collapsible=&#8220;yes&#8220;][vc_accordion_tab title=&#8220;Wie reinige ich mein Telefon?&#8220; title_tag=&#8220;h2&#8243;][vc_single_image image=&#8220;16848&#8243; alignment=&#8220;center&#8220;][vc_column_text]In einem B\u00fcro werden Festnetztelefone oft von mehreren Kollegen benutzt. \u00dcber zahlreiche Kontaktpunkte werden Keime auf das Telefon \u00fcbertragen. Auf unebenen Oberfl\u00e4chen und etlichen Tasten und Kn\u00f6pfen k\u00f6nnen sich Keime befinden, die unter Umst\u00e4nden gesundheitssch\u00e4dlich sind. <a href=\"\/produkte\/home-office?lang=de\">Cyber Clean Home &amp; Office<\/a> passt sich an die jeweilige Oberfl\u00e4chenform an, absorbiert Schmutzpartikel und beseitigt Keime.<\/p>\n<ol>\n<li>Nehmen Sie die Masse aus der Verpackung und kneten diese etwa 10<br \/>\nSekunden lang durch. Dadurch nimmt die Masse den pH-Wert der Haut an. Achten Sie bei der Verwendung der Masse darauf, dass Ihre H\u00e4nde trocken sind.<\/li>\n<li>Legen Sie die Masse auf das Telefon und dr\u00fccken diese fest an, damit Cyber Clean alle Zwischenr\u00e4ume erreicht.<\/li>\n<li>Nehmen Sie die Masse ab. Falten Sie die Masse zusammen, um Schmutzpartikel und Bakterien durch das Membransystem einzufangen. Wiederholen Sie den Reinigungsvorgang bei Bedarf.<\/li>\n<li>Legen Sie die Masse zur\u00fcck in die wiederverschlie\u00dfbare Verpackung und verschlie\u00dfen diese sorgf\u00e4ltig, um zu verhindern, dass die Masse austrocknet. Lagern Sie das Produkt an einem k\u00fchlen und trockenen Ort, sch\u00fctzen Sie es vor direkter Sonneneinstrahlung.<\/li>\n<\/ol>\n<p>[\/vc_column_text][\/vc_accordion_tab][\/vc_accordion][\/vc_column][vc_column width=&#8220;1\/4&#8243;][vc_column_text]<\/p>\n<h5>WEITERE INFORMATIONEN<\/h5>\n<p>[\/vc_column_text][vc_empty_space height=&#8220;20px&#8220;][vc_single_image image=&#8220;18482&#8243; img_size=&#8220;full&#8220;][vc_empty_space height=&#8220;20px&#8220;][vc_column_text]<\/p>\n<div class=\"column_borders\">\n<div class=\"column_text column_title\"><strong>Wie verwende ich Cyber Clean:<br \/>\n<\/strong><\/div>\n<div class=\"column_text\">\n<ul>\n<li><a href=\"\/cleaning-tips-home?lang=de\">im Haus?<\/a><\/li>\n<li><a href=\"\/reisen?lang=de\">auf Reisen?<\/a><\/li>\n<\/ul>\n<\/div>\n<\/div>\n<p>[\/vc_column_text][\/vc_column][\/vc_row]<\/p>\n<\/div>","protected":false},"excerpt":{"rendered":"<p>[vc_row][vc_column width=&#8220;3\/4&#8243;][vc_row_inner][vc_column_inner][vc_column_text] Keime am Arbeitsplatz eliminieren [\/vc_column_text][vc_empty_space height=&#8220;20px&#8220;][vc_column_text] B\u00fcroarbeiter nutzen heutzutage stark auch Computerger\u00e4te, die auch von vielen anderen Kollegen genutzt werden. Tastaturen von Computern und Telefonen und andere B\u00fcroger\u00e4te werden im Laufe des Tages von etlichen Personen ber\u00fchrt. Dadurch werden allerlei Bakterien auf diese&#8230;<\/p>\n","protected":false},"author":1,"featured_media":0,"parent":0,"menu_order":0,"comment_status":"open","ping_status":"open","template":"","meta":{"footnotes":""},"class_list":["post-18085","page","type-page","status-publish","hentry"],"_links":{"self":[{"href":"https:\/\/cyberclean.net\/de\/wp-json\/wp\/v2\/pages\/18085","targetHints":{"allow":["GET"]}}],"collection":[{"href":"https:\/\/cyberclean.net\/de\/wp-json\/wp\/v2\/pages"}],"about":[{"href":"https:\/\/cyberclean.net\/de\/wp-json\/wp\/v2\/types\/page"}],"author":[{"embeddable":true,"href":"https:\/\/cyberclean.net\/de\/wp-json\/wp\/v2\/users\/1"}],"replies":[{"embeddable":true,"href":"https:\/\/cyberclean.net\/de\/wp-json\/wp\/v2\/comments?post=18085"}],"version-history":[{"count":10,"href":"https:\/\/cyberclean.net\/de\/wp-json\/wp\/v2\/pages\/18085\/revisions"}],"predecessor-version":[{"id":19754,"href":"https:\/\/cyberclean.net\/de\/wp-json\/wp\/v2\/pages\/18085\/revisions\/19754"}],"wp:attachment":[{"href":"https:\/\/cyberclean.net\/de\/wp-json\/wp\/v2\/media?parent=18085"}],"curies":[{"name":"wp","href":"https:\/\/api.w.org\/{rel}","templated":true}]}}