{"id":18088,"date":"2015-11-17T00:08:47","date_gmt":"2015-11-17T00:08:47","guid":{"rendered":"http:\/\/cyberclean.weiter.ch\/?page_id=18088"},"modified":"2016-09-08T14:50:37","modified_gmt":"2016-09-08T14:50:37","slug":"reisen","status":"publish","type":"page","link":"https:\/\/cyberclean.net\/de\/reisen\/","title":{"rendered":"Reisen"},"content":{"rendered":"<div class=\"wpb-content-wrapper\"><p>[vc_row][vc_column width=&#8220;3\/4&#8243;][vc_row_inner][vc_column_inner][vc_column_text]<\/p>\n<h1>Lassen Sie keine Keime mitfahren<\/h1>\n<p>[\/vc_column_text][vc_empty_space height=&#8220;20px&#8220;][vc_column_text]<\/p>\n<h4>Auf Reisen ist man meist einer anderen Umgebung ausgesetzt, verbringt den Tag mit anderen Aktivit\u00e4ten und trifft neue Leute. Egal ob Sie neue Orte bereisen oder lediglich Freunde treffen, die Sie lange nicht gesehen haben: Sie sind unter Umst\u00e4nden neuen Keimen und Bakterien und damit m\u00f6glichen Infektionen ausgesetzt. Unabh\u00e4ngig davon, ob Sie mit dem Auto oder \u00f6ffentlichen Verkehrsmitteln unterwegs sind, ob Sie bei Verwandten oder im Hotel \u00fcbernachten \u2013 es gibt \u00fcberall etliche Kontaktpunkte, \u00fcber die Bakterien \u00fcbertragen werden.<\/h4>\n<p>[\/vc_column_text][vc_empty_space height=&#8220;20px&#8220;][\/vc_column_inner][\/vc_row_inner][vc_row_inner][vc_column_inner width=&#8220;1\/2&#8243;][vc_single_image image=&#8220;18474&#8243; img_size=&#8220;full&#8220;][\/vc_column_inner][vc_column_inner width=&#8220;1\/2&#8243;][vc_single_image image=&#8220;18507&#8243; img_size=&#8220;full&#8220;][\/vc_column_inner][\/vc_row_inner][vc_empty_space height=&#8220;20px&#8220;][\/vc_column][vc_column width=&#8220;1\/4&#8243;][vc_column_text]<\/p>\n<h5>WEITERE INFORMATIONEN<\/h5>\n<p>[\/vc_column_text][vc_empty_space height=&#8220;20px&#8220;][vc_single_image image=&#8220;18475&#8243; img_size=&#8220;full&#8220;][vc_empty_space height=&#8220;20px&#8220;][vc_column_text]<\/p>\n<div class=\"column_borders\">\n<div class=\"column_text column_title\"><strong>Wie verwende ich Cyber Clean:<br \/>\n<\/strong><\/div>\n<div class=\"column_text\">\n<ul>\n<li><a href=\"\/cleaning-tips-home?lang=de\">im Haus?<\/a><\/li>\n<li><a href=\"\/buro?lang=de\">im B\u00fcro?<\/a><\/li>\n<\/ul>\n<\/div>\n<\/div>\n<p>[\/vc_column_text][\/vc_column][\/vc_row][vc_row][vc_column width=&#8220;1\/3&#8243;][vc_accordion collapsible=&#8220;yes&#8220;][vc_accordion_tab title=&#8220;Wie reinige ich mein Hotelzimmer?&#8220; title_tag=&#8220;h2&#8243;][vc_column_text]Wenn Sie im Hotel \u00fcbernachten, benutzen Sie Ger\u00e4te, die vor Ihnen schon viele andere G\u00e4ste benutzt haben, so zum Beispiel das Telefon, die Fernbedienung oder den Haartrockner. Trotz der regelm\u00e4\u00dfigen Reinigung k\u00f6nnen sich in Hotelzimmern und auf der darin befindlichen Einrichtung Keime befinden, die unter Umst\u00e4nden gef\u00e4hrlich sind. Schwer zu erreichende Zwischenr\u00e4ume, wie die Zwischenr\u00e4ume von Telefon- und Fernbedienungstasten, sind besonders anf\u00e4llig daf\u00fcr, dass sich Bakterien und Schmutzpartikel in ihnen ansammeln. Verwenden Sie <a href=\"\/produkte\/home-office?lang=de\">Cyber Clean Home &amp; Office<\/a>, um Schmutzpartikel zu absorbieren und Keime zu beseitigen.<\/p>\n<ol>\n<li>Nehmen Sie die Masse aus der Verpackung und kneten Sie diese etwa 10<br \/>\nSekunden lang durch. Dadurch kann sich die Masse dem pH-Wert der Haut angleichen. Achten Sie bei der Verwendung der Masse darauf, dass Ihre H\u00e4nde trocken sind.<\/li>\n<li>Legen Sie die Masse auf die zu reinigende Oberfl\u00e4che und dr\u00fccken Sie diese fest auf, damit Cyber Clean in alle Zwischenr\u00e4ume eindringen kann.<\/li>\n<li>Ziehen Sie die Masse ab. Falten Sie Ihr<br \/>\nCyber Clean \u00fcber der benutzen Stelle zusammen um Schmutzpartikel und Bakterien durch die Membranfunktion in der Masse einzuschlie\u00dfen. Wiederholen Sie den Reinigungsvorgang bei Bedarf.<\/li>\n<li>Legen Sie die Masse zur\u00fcck in die wiederverschlie\u00dfbare Verpackung und verschlie\u00dfen Sie diese sorgf\u00e4ltig um zu verhindern, dass die Masse austrocknet. Lagern Sie das Produkt an einem k\u00fchlen und trockenen Ort, sch\u00fctzen Sie es vor direkter Sonneneinstrahlung.<\/li>\n<\/ol>\n<p>[\/vc_column_text][\/vc_accordion_tab][\/vc_accordion][\/vc_column][vc_column width=&#8220;1\/3&#8243;][vc_accordion collapsible=&#8220;yes&#8220;][vc_accordion_tab title=&#8220;Wie reinige ich mein Tresorfach?&#8220; title_tag=&#8220;h2&#8243;][vc_column_text]<\/p>\n<div>\n<p><img loading=\"lazy\" decoding=\"async\" class=\"size-full wp-image-19219 alignleft\" src=\"https:\/\/cyberclean.net\/wp-content\/uploads\/2015\/06\/deposit_box.png\" alt=\"deposit_box\" width=\"140\" height=\"140\" \/>Tresorf\u00e4cher in Hotelzimmern haben vor Ihnen schon viele andere G\u00e4ste benutzt. Schmutz und Keime verbergen sich zwischen den Einstellr\u00e4dern des Tresorfachs und werden durch Ber\u00fchrung mit den Fingern \u00fcber diese \u00fcbertragen. <a href=\"\/produkte\/home-office?lang=de\">Cyber Clean Home &amp; Office<\/a> erreicht s\u00e4mtliche Ecken eines Tresorfachs und beseitigt Keime, Staub und Schmutz.<\/p>\n<ol>\n<li>Nehmen Sie die Masse aus der Verpackung und kneten Sie diese etwa 10<br \/>\nSekunden lang durch. Dadurch kann sich die Masse dem pH-Wert der Haut angleichen. Achten Sie bei der Verwendung der Masse darauf, dass Ihre H\u00e4nde trocken sind.<\/li>\n<li>Legen Sie die Masse auf die zu reinigende Oberfl\u00e4che und dr\u00fccken Sie diese fest auf, damit Cyber Clean in alle Zwischenr\u00e4ume eindringen kann.<\/li>\n<li>Ziehen Sie die Masse ab. Falten Sie Ihr<br \/>\nCyber Clean \u00fcber der benutzen Stelle zusammen um Schmutzpartikel und Bakterien durch die Membranfunktion in der Masse einzuschlie\u00dfen. Wiederholen Sie den Reinigungsvorgang bei Bedarf.<\/li>\n<li>Legen Sie die Masse zur\u00fcck in die wiederverschlie\u00dfbare Verpackung und verschlie\u00dfen Sie diese sorgf\u00e4ltig um zu verhindern, dass die Masse austrocknet. Lagern Sie das Produkt an einem k\u00fchlen und trockenen Ort, sch\u00fctzen Sie es vor direkter Sonneneinstrahlung.<\/li>\n<\/ol>\n<\/div>\n<p>[\/vc_column_text][\/vc_accordion_tab][\/vc_accordion][\/vc_column][vc_column width=&#8220;1\/3&#8243;][vc_column_text]<br \/>\n[\/vc_column_text][\/vc_column][\/vc_row][vc_row][vc_column width=&#8220;1\/3&#8243;][vc_accordion collapsible=&#8220;yes&#8220;][vc_accordion_tab title=&#8220;Wie reinite ich PIN-Pads?&#8220; title_tag=&#8220;h2&#8243;][vc_column_text]<img loading=\"lazy\" decoding=\"async\" class=\"size-full wp-image-19222 alignleft\" src=\"https:\/\/cyberclean.net\/wp-content\/uploads\/2015\/06\/pin_station.png\" alt=\"pin_station\" width=\"140\" height=\"140\" \/> PIN-Pads, sei es an Geldautomaten oder Tankstellen, werden im Laufe des Tages von unz\u00e4hligen Menschen ber\u00fchrt. Jede dieser Personen hinterl\u00e4sst Schmutzpartikel und Keime auf den Tasten, weshalb es auch nicht verwunderlich ist, dass sich auf \u00f6ffentlichen PIN-Pads oft mehr Keime befinden als auf \u00f6ffentlichen Toiletten. Wenn Sie die Reinigungsmasse <a href=\"\/produkte\/home-office?lang=de\">Cyber Clean Home &amp; Office<\/a> zur Hand haben, k\u00f6nnen Sie die Zwischenr\u00e4ume von PIN-Pad-Tastaturen reinigen und desinfizieren und so vermeiden, dass sich krankheitserregende Keime verbreiten.<\/p>\n<ol>\n<li>Nehmen Sie die Masse aus der Verpackung und kneten Sie diese etwa 10<br \/>\nSekunden lang durch. Dadurch kann sich die Masse dem pH-Wert der Haut angleichen. Achten Sie bei der Verwendung der Masse darauf, dass Ihre H\u00e4nde trocken sind.<\/li>\n<li>Legen Sie die Masse auf die zu reinigende Oberfl\u00e4che und dr\u00fccken Sie diese fest auf, damit Cyber Clean in alle Zwischenr\u00e4ume eindringen kann.<\/li>\n<li>Ziehen Sie die Masse ab. Falten Sie Ihr<br \/>\nCyber Clean \u00fcber der benutzen Stelle zusammen um Schmutzpartikel und Bakterien durch die Membranfunktion in der Masse einzuschlie\u00dfen. Wiederholen Sie den Reinigungsvorgang bei Bedarf.<\/li>\n<li>Legen Sie die Masse zur\u00fcck in die wiederverschlie\u00dfbare Verpackung und verschlie\u00dfen Sie diese sorgf\u00e4ltig um zu verhindern, dass die Masse austrocknet. Lagern Sie das Produkt an einem k\u00fchlen und trockenen Ort, sch\u00fctzen Sie es vor direkter Sonneneinstrahlung.<\/li>\n<\/ol>\n<p>[\/vc_column_text][\/vc_accordion_tab][\/vc_accordion][\/vc_column][vc_column width=&#8220;1\/3&#8243;][vc_accordion collapsible=&#8220;yes&#8220;][vc_accordion_tab title=&#8220;Wie reinige ich das Armaturenbrett meines Autos?&#8220; title_tag=&#8220;h2&#8243;][vc_column_text]<\/p>\n<div>\n<p><img loading=\"lazy\" decoding=\"async\" class=\"size-full wp-image-19223 alignleft\" src=\"https:\/\/cyberclean.net\/wp-content\/uploads\/2015\/06\/dashboard.png\" alt=\"dashboard\" width=\"140\" height=\"140\" \/>\u00a0Forschungen haben ergeben, dass sich im Autoinneren oft mehr Keime befinden als auf \u00f6ffentlichen Toiletten. Leute essen und trinken h\u00e4ufig im Auto, wodurch sich Kr\u00fcmel, Staub und Reste von versch\u00fctteten Getr\u00e4nken in den Zwischenr\u00e4umen des Fahrzeuginnenraums ansammeln. Armaturenbretter verf\u00fcgen in der Regel \u00fcber zahlreiche Tasten, Kn\u00f6pfe und Navigationsbildschirme. Verwenden Sie <a href=\"\/produkte\/home-office?lang=de\">Cyber Clean Home &amp; Office<\/a>, um die unebenen Oberfl\u00e4chen und Tastenzwischenr\u00e4ume von Armaturenbrettern effizient zu reinigen und zu desinfizieren.<\/p>\n<ol>\n<li>Nehmen Sie die Masse aus der Verpackung und kneten Sie diese etwa 10<br \/>\nSekunden lang durch. Dadurch kann sich die Masse dem pH-Wert der Haut angleichen. Achten Sie bei der Verwendung der Masse darauf, dass Ihre H\u00e4nde trocken sind.<\/li>\n<li>Legen Sie die Masse auf die zu reinigende Oberfl\u00e4che und dr\u00fccken Sie diese fest auf, damit Cyber Clean in alle Zwischenr\u00e4ume eindringen kann.<\/li>\n<li>Ziehen Sie die Masse ab. Falten Sie Ihr<br \/>\nCyber Clean \u00fcber der benutzen Stelle zusammen um Schmutzpartikel und Bakterien durch die Membranfunktion in der Masse einzuschlie\u00dfen. Wiederholen Sie den Reinigungsvorgang bei Bedarf.<\/li>\n<li>Legen Sie die Masse zur\u00fcck in die wiederverschlie\u00dfbare Verpackung und verschlie\u00dfen Sie diese sorgf\u00e4ltig um zu verhindern, dass die Masse austrocknet. Lagern Sie das Produkt an einem k\u00fchlen und trockenen Ort, sch\u00fctzen Sie es vor direkter Sonneneinstrahlung.<\/li>\n<\/ol>\n<\/div>\n<p>[\/vc_column_text][\/vc_accordion_tab][\/vc_accordion][\/vc_column][vc_column width=&#8220;1\/3&#8243;][vc_column_text]<br \/>\n[\/vc_column_text][\/vc_column][\/vc_row][vc_row][vc_column width=&#8220;1\/3&#8243;][vc_accordion collapsible=&#8220;yes&#8220;][vc_accordion_tab title=&#8220;Wie reinige ich das Lenkrad meines Autos?&#8220; title_tag=&#8220;h2&#8243;][vc_column_text]<img loading=\"lazy\" decoding=\"async\" class=\"size-full wp-image-19224 alignleft\" src=\"https:\/\/cyberclean.net\/wp-content\/uploads\/2015\/06\/steering_wheel.png\" alt=\"steering_wheel\" width=\"140\" height=\"140\" \/> Forschungen haben ergeben, dass das Lenkrad in der Regel die schmutzigste Stelle in einem Auto ist und mehr Keime beherbergt als \u00f6ffentliche Toiletten. Insbesondere wenn sich mehrere Familienmitglieder ein Auto teilen oder im Fall von Mietw\u00e4gen, k\u00f6nnen sich Keime leicht \u00fcber das Lenkrad verbreiten. Mit <a href=\"\/produkte\/car?lang=de\">Cyber Clean Car<\/a> k\u00f6nnen Sie das Lenkrad Ihres Autos effizient reinigen und desinfizieren.<\/p>\n<ol>\n<li>Nehmen Sie die Masse aus der Verpackung und kneten Sie diese etwa 10<br \/>\nSekunden lang durch. Dadurch kann sich die Masse dem pH-Wert der Haut angleichen. Achten Sie bei der Verwendung der Masse darauf, dass Ihre H\u00e4nde trocken sind.<\/li>\n<li>Legen Sie die Masse auf die zu reinigende Oberfl\u00e4che und dr\u00fccken Sie diese fest auf, damit Cyber Clean in alle Zwischenr\u00e4ume eindringen kann.<\/li>\n<li>Ziehen Sie die Masse ab. Falten Sie Ihr<br \/>\nCyber Clean \u00fcber der benutzen Stelle zusammen um Schmutzpartikel und Bakterien durch die Membranfunktion in der Masse einzuschlie\u00dfen. Wiederholen Sie den Reinigungsvorgang bei Bedarf.<\/li>\n<li>Legen Sie die Masse zur\u00fcck in die wiederverschlie\u00dfbare Verpackung und verschlie\u00dfen Sie diese sorgf\u00e4ltig um zu verhindern, dass die Masse austrocknet. Lagern Sie das Produkt an einem k\u00fchlen und trockenen Ort, sch\u00fctzen Sie es vor direkter Sonneneinstrahlung.<\/li>\n<\/ol>\n<p>[\/vc_column_text][\/vc_accordion_tab][\/vc_accordion][\/vc_column][vc_column width=&#8220;1\/3&#8243;][vc_accordion collapsible=&#8220;yes&#8220;][vc_accordion_tab title=&#8220;Wie reinige ich den Schaltehebel meines Autos?&#8220; title_tag=&#8220;h2&#8243;][vc_column_text]<\/p>\n<div><img loading=\"lazy\" decoding=\"async\" class=\"size-full wp-image-19225 alignleft\" src=\"https:\/\/cyberclean.net\/wp-content\/uploads\/2015\/06\/gear_shifter.png\" alt=\"gear_shifter\" width=\"140\" height=\"140\" \/>\u00a0Der Schalthebel wird w\u00e4hrend der Fahrt st\u00e4ndig ber\u00fchrt<br \/>\n\u2013 und dies h\u00e4ufig mit ungewaschenen H\u00e4nden. Krankheitserreger k\u00f6nnen sich darauf ablagern. Zudem sammel sich Staub, Kr\u00fcmel und Keime in den Zwischenr\u00e4umen der Schaltkulisse. Mit <a href=\"\/produkte\/car?lang=de\">Cyber Clean Car<\/a> k\u00f6nnen Sie den Schalthebel und die Schaltkulisse Ihres Autos effizient reinigen und desinfizieren.<\/div>\n<ol>\n<li>Nehmen Sie die Masse aus der Verpackung und kneten Sie diese etwa 10<br \/>\nSekunden lang durch. Dadurch kann sich die Masse dem pH-Wert der Haut angleichen. Achten Sie bei der Verwendung der Masse darauf, dass Ihre H\u00e4nde trocken sind.<\/li>\n<li>Legen Sie die Masse auf die zu reinigende Oberfl\u00e4che und dr\u00fccken Sie diese fest auf, damit Cyber Clean in alle Zwischenr\u00e4ume eindringen kann.<\/li>\n<li>Ziehen Sie die Masse ab. Falten Sie Ihr<br \/>\nCyber Clean \u00fcber der benutzen Stelle zusammen um Schmutzpartikel und Bakterien durch die Membranfunktion in der Masse einzuschlie\u00dfen. Wiederholen Sie den Reinigungsvorgang bei Bedarf.<\/li>\n<li>Legen Sie die Masse zur\u00fcck in die wiederverschlie\u00dfbare Verpackung und verschlie\u00dfen Sie diese sorgf\u00e4ltig um zu verhindern, dass die Masse austrocknet. Lagern Sie das Produkt an einem k\u00fchlen und trockenen Ort, sch\u00fctzen Sie es vor direkter Sonneneinstrahlung.<\/li>\n<\/ol>\n<p>[\/vc_column_text][\/vc_accordion_tab][\/vc_accordion][\/vc_column][vc_column width=&#8220;1\/3&#8243;][vc_column_text]<br \/>\n[\/vc_column_text][\/vc_column][\/vc_row][vc_row][vc_column width=&#8220;1\/3&#8243;][vc_accordion collapsible=&#8220;yes&#8220;][vc_accordion_tab title=&#8220;Wie reinige ich die T\u00fcren und Ablagen meines Autos?&#8220; title_tag=&#8220;h2&#8243;][vc_column_text]<\/p>\n<div>\n<div id=\"CollapsiblePanel26\" class=\"CollapsiblePanel CollapsiblePanelOpen\">\n<div class=\"CollapsiblePanelContent\">\n<p><img loading=\"lazy\" decoding=\"async\" class=\"size-full wp-image-19226 alignleft\" src=\"https:\/\/cyberclean.net\/wp-content\/uploads\/2015\/06\/car_door.png\" alt=\"car_door\" width=\"140\" height=\"140\" \/> T\u00fcren und Ablagen von Autos verf\u00fcgen oft \u00fcber schwer zu erreichende Ecken und Winkel, in denen sich Staub, Schmutz und Keime ansammeln k\u00f6nnen. Fahrzeuginnenr\u00e4ume sind h\u00e4ufig schmutziger als \u00f6ffentliche Toiletten. Daher sollte der Fahrzeuginnenraum wirksam gereinigt und desinfiziert werden, damit Mitreisende vor Infektionen gesch\u00fctzt sind. Mit <a href=\"\/produkte\/car?lang=de\">Cyber Clean Car<\/a> k\u00f6nnen Sie s\u00e4mtliche Zwischenr\u00e4ume erreichen, die krankheitserregende Bakterien beherbergen k\u00f6nnten.<\/p>\n<ol>\n<li>Nehmen Sie die Masse aus der Verpackung und kneten Sie diese etwa 10<br \/>\nSekunden lang durch. Dadurch kann sich die Masse dem pH-Wert der Haut angleichen. Achten Sie bei der Verwendung der Masse darauf, dass Ihre H\u00e4nde trocken sind.<\/li>\n<li>Legen Sie die Masse auf die zu reinigende Oberfl\u00e4che und dr\u00fccken Sie diese fest auf, damit Cyber Clean in alle Zwischenr\u00e4ume eindringen kann.<\/li>\n<li>Ziehen Sie die Masse ab. Falten Sie Ihr<br \/>\nCyber Clean \u00fcber der benutzen Stelle zusammen um Schmutzpartikel und Bakterien durch die Membranfunktion in der Masse einzuschlie\u00dfen. Wiederholen Sie den Reinigungsvorgang bei Bedarf.<\/li>\n<li>Legen Sie die Masse zur\u00fcck in die wiederverschlie\u00dfbare Verpackung und verschlie\u00dfen Sie diese sorgf\u00e4ltig um zu verhindern, dass die Masse austrocknet. Lagern Sie das Produkt an einem k\u00fchlen und trockenen Ort, sch\u00fctzen Sie es vor direkter Sonneneinstrahlung.<\/li>\n<\/ol>\n<\/div>\n<\/div>\n<\/div>\n<p>[\/vc_column_text][\/vc_accordion_tab][\/vc_accordion][\/vc_column][vc_column width=&#8220;1\/3&#8243;][vc_accordion collapsible=&#8220;yes&#8220;][vc_accordion_tab title=&#8220;Wie reinige ich meinen Kofferraum?&#8220; title_tag=&#8220;h2&#8243;][vc_column_text]<\/p>\n<div>\n<div>\n<div id=\"CollapsiblePanel29\" class=\"CollapsiblePanel CollapsiblePanelOpen\">\n<div class=\"CollapsiblePanelContent\">\n<p><img loading=\"lazy\" decoding=\"async\" class=\"size-full wp-image-19227 alignleft\" src=\"https:\/\/cyberclean.net\/wp-content\/uploads\/2015\/06\/car_trunk.png\" alt=\"car_trunk\" width=\"140\" height=\"140\" \/> Im Kofferraum werden oft Gegenst\u00e4nde aller Art gelagert \u2013 nicht nur Gep\u00e4ck sondern auch Werkzeuge, Lebensmittel oder Getr\u00e4nke. Kein Wunder dass der Kofferraum h\u00e4ufig einer der schmutzigsten Stellen im Auto ist \u2013 durchschnittlich st\u00e4rker keimbelastet als eine \u00f6ffentliche Toilette. <a href=\"\/produkte\/car?lang=de\">Cyber Clean Car<\/a> reinigt in den engsten Zwischenr\u00e4ume \u2013 oft unerreichbar mit einem Staubsauger \u2013 in denen sich auch krankheitserregende Bakterien verstecken k\u00f6nnen.<\/p>\n<ol>\n<li>Nehmen Sie die Masse aus der Verpackung und kneten Sie diese etwa 10<br \/>\nSekunden lang durch. Dadurch kann sich die Masse dem pH-Wert der Haut angleichen. Achten Sie bei der Verwendung der Masse darauf, dass Ihre H\u00e4nde trocken sind.<\/li>\n<li>Legen Sie die Masse auf die zu reinigende Oberfl\u00e4che und dr\u00fccken Sie diese fest auf, damit Cyber Clean in alle Zwischenr\u00e4ume eindringen kann.<\/li>\n<li>Ziehen Sie die Masse ab. Falten Sie Ihr<br \/>\nCyber Clean \u00fcber der benutzen Stelle zusammen um Schmutzpartikel und Bakterien durch die Membranfunktion in der Masse einzuschlie\u00dfen. Wiederholen Sie den Reinigungsvorgang bei Bedarf.<\/li>\n<li>Legen Sie die Masse zur\u00fcck in die wiederverschlie\u00dfbare Verpackung und verschlie\u00dfen Sie diese sorgf\u00e4ltig um zu verhindern, dass die Masse austrocknet. Lagern Sie das Produkt an einem k\u00fchlen und trockenen Ort, sch\u00fctzen Sie es vor direkter Sonneneinstrahlung.<\/li>\n<\/ol>\n<p>&nbsp;<\/p>\n<\/div>\n<\/div>\n<\/div>\n<\/div>\n<p>[\/vc_column_text][\/vc_accordion_tab][\/vc_accordion][\/vc_column][vc_column width=&#8220;1\/3&#8243;][vc_column_text]<br \/>\n[\/vc_column_text][\/vc_column][\/vc_row]<\/p>\n<\/div>","protected":false},"excerpt":{"rendered":"<p>[vc_row][vc_column width=&#8220;3\/4&#8243;][vc_row_inner][vc_column_inner][vc_column_text] Lassen Sie keine Keime mitfahren [\/vc_column_text][vc_empty_space height=&#8220;20px&#8220;][vc_column_text] Auf Reisen ist man meist einer anderen Umgebung ausgesetzt, verbringt den Tag mit anderen Aktivit\u00e4ten und trifft neue Leute. Egal ob Sie neue Orte bereisen oder lediglich Freunde treffen, die Sie lange nicht gesehen haben: Sie&#8230;<\/p>\n","protected":false},"author":1,"featured_media":0,"parent":0,"menu_order":0,"comment_status":"open","ping_status":"open","template":"","meta":{"footnotes":""},"class_list":["post-18088","page","type-page","status-publish","hentry"],"_links":{"self":[{"href":"https:\/\/cyberclean.net\/de\/wp-json\/wp\/v2\/pages\/18088","targetHints":{"allow":["GET"]}}],"collection":[{"href":"https:\/\/cyberclean.net\/de\/wp-json\/wp\/v2\/pages"}],"about":[{"href":"https:\/\/cyberclean.net\/de\/wp-json\/wp\/v2\/types\/page"}],"author":[{"embeddable":true,"href":"https:\/\/cyberclean.net\/de\/wp-json\/wp\/v2\/users\/1"}],"replies":[{"embeddable":true,"href":"https:\/\/cyberclean.net\/de\/wp-json\/wp\/v2\/comments?post=18088"}],"version-history":[{"count":14,"href":"https:\/\/cyberclean.net\/de\/wp-json\/wp\/v2\/pages\/18088\/revisions"}],"predecessor-version":[{"id":19296,"href":"https:\/\/cyberclean.net\/de\/wp-json\/wp\/v2\/pages\/18088\/revisions\/19296"}],"wp:attachment":[{"href":"https:\/\/cyberclean.net\/de\/wp-json\/wp\/v2\/media?parent=18088"}],"curies":[{"name":"wp","href":"https:\/\/api.w.org\/{rel}","templated":true}]}}