{"id":18091,"date":"2015-11-17T00:10:08","date_gmt":"2015-11-17T00:10:08","guid":{"rendered":"http:\/\/cyberclean.weiter.ch\/?page_id=18091"},"modified":"2017-02-17T11:04:33","modified_gmt":"2017-02-17T11:04:33","slug":"faq","status":"publish","type":"page","link":"https:\/\/cyberclean.net\/de\/faq\/","title":{"rendered":"FAQ"},"content":{"rendered":"<div class=\"wpb-content-wrapper\"><p>[vc_row][vc_column width=&#8220;3\/4&#8243;][vc_column_text]<\/p>\n<h1>Mehr \u00fcber unsere Produkte erfahren<\/h1>\n<p>[\/vc_column_text][vc_empty_space height=&#8220;20px&#8220;][vc_column_text]<\/p>\n<h4>Auf dieser Seite finden Sie die h\u00e4ufig gestelle Fragen \u00fcber Cyber Clean. Falls Sie keine Antwort zu Ihrer Frage finden, <a href=\"#\">bitte kontaktieren Sie uns<\/a>.<\/h4>\n<p>[\/vc_column_text][\/vc_column][\/vc_row][vc_row][vc_column][vc_empty_space height=&#8220;20px&#8220;][\/vc_column][\/vc_row][vc_row][vc_column width=&#8220;1\/2&#8243;][vc_accordion collapsible=&#8220;yes&#8220;][vc_accordion_tab title=&#8220;Was ist Cyber Clean?&#8220; title_tag=&#8220;h2&#8243;][vc_column_text]<\/p>\n<p>Nach einem Jahrzehnt intensiver Forschung und Pr\u00fcfung hat die JOKER Group die Reinigungsmasse <strong>Cyber Clean<\/strong> 2007 auf den Markt gebracht. Cyber Clean ist eine einzigartige Reinigungsmasse zur Reinigung und Desinfektion von Zwischenr\u00e4umen an schwer erreichbaren Stellen und Oberfl\u00e4chen. Es sch\u00fctzt vor gef\u00e4hrlichen Bakterien und schafft ein gesundes Lebensumfeld. Cyber Clean ist eine nat\u00fcrliche, biologisch abbaubare Reinigungsmasse, die erwiesenerma\u00dfen \u00fcber 99 Prozent aller h\u00e4ufig auf Oberfl\u00e4chen zu findenden Keime entfernt.<\/p>\n<p>[\/vc_column_text][\/vc_accordion_tab][\/vc_accordion][\/vc_column][vc_column width=&#8220;1\/2&#8243;][vc_accordion collapsible=&#8220;yes&#8220;][vc_accordion_tab title=&#8220;Ist Cyber Clean unbedenklich in der Anwendung?&#8220; title_tag=&#8220;h2&#8243;][vc_column_text]Cyber Clean wurde von unabh\u00e4ngigen Forschungsinstituten im Hinblick auf Sicherheit und Wirksamkeit getestet. Jedes Cyber Clean-Produkt wurde f\u00fcr einen bestimmten Anwendungsbereich entwickelt und ist bei der Anwendung auf der entsprechenden Oberfl\u00e4che absolut unbedenklich. Es hinterl\u00e4sst keine R\u00fcckst\u00e4nde und eignet sich deshalb auch f\u00fcr empfindliche Oberfl\u00e4chen von Elektroger\u00e4ten, Computern oder USB-Anschl\u00fcssen. Cyber Clean besteht zum Gro\u00dfteil aus nat\u00fcrlichen Inhaltsstoffen und ist unbedenklich f\u00fcr die Haut.<\/p>\n<p>Wir raten davon ab, bereits verf\u00e4rbtes Cyber Clean an USB-, AV- und Monitoranschl\u00fcssen, Ausg\u00e4ngen oder feinen Rissen zu verwenden. Verwenden Sie in diesen Bereichen ein noch unbenutztes Cyber Clean.[\/vc_column_text][\/vc_accordion_tab][\/vc_accordion][\/vc_column][\/vc_row][vc_row][vc_column width=&#8220;1\/2&#8243;][vc_accordion collapsible=&#8220;yes&#8220;][vc_accordion_tab title=&#8220;Welche Auswirkungen hat Cyber Clean auf die Umwelt?&#8220; title_tag=&#8220;h2&#8243;][vc_column_text]<\/p>\n<p>Die Reinigungsmasse Cyber Clean besteht \u00fcberwiegend aus nat\u00fcrlichen Inhaltsstoffen wie Wasser, Ethanol und Guarkernmehl. Da die Reinigungsmasse biologisch abbaubar ist und mehrfach verwendet werden kann, ist sie eine umweltbewusste Reinigungsl\u00f6sung. Erfahren Sie mehr \u00fcber die Inhaltsstoffe von Cyber Clean.<\/p>\n<p>[\/vc_column_text][\/vc_accordion_tab][\/vc_accordion][\/vc_column][vc_column width=&#8220;1\/2&#8243;][vc_accordion collapsible=&#8220;yes&#8220;][vc_accordion_tab title=&#8220;Wie wende ich Cyber Clean richtig an?&#8220; title_tag=&#8220;h2&#8243;][vc_column_text]<\/p>\n<p>Cyber Clean ist ganz einfach anzuwenden. Nehmen Sie die Masse aus der Packung, und kneten Sie sie etwa 10 Sekunden lang durch. Dadurch kann die Masse den pH-Wert der Haut annehmen. Achten Sie darauf, dass Ihre H\u00e4nde trocken sind. Legen Sie die Masse auf die zu reinigende Oberfl\u00e4che, und dr\u00fccken Sie sie fest an, damit Cyber Clean alle Zwischenr\u00e4ume erreichen kann. Entfernen Sie die Masse, und falten Sie sie zusammen, um Schmutzpartikel und Bakterien im Membransystem einzuschlie\u00dfen. Wiederholen Sie den Reinigungsvorgang bei Bedarf. Eine ausf\u00fchrliche Anleitung finden Sie auf unseren <a href=\"\/produkte?lang=de\">Produktseiten<\/a>. Tipps zu den Anwendungsbereichen von Cyber Clean finden Sie im Abschnitt <a href=\"\/reinigungs-tips?lang=de\">\u201eReinigungstipps\u201c<\/a>.<\/p>\n<p>[\/vc_column_text][\/vc_accordion_tab][\/vc_accordion][\/vc_column][\/vc_row][vc_row][vc_column width=&#8220;1\/2&#8243;][vc_accordion collapsible=&#8220;yes&#8220;][vc_accordion_tab title=&#8220;Wo kann ich Cyber Clean verwenden?&#8220; title_tag=&#8220;h2&#8243;][vc_column_text]<\/p>\n<p>Jedes Cyber Clean-Produkt wurde f\u00fcr einen bestimmten Anwendungsbereich entwickelt. Bitte lesen Sie die Hinweise auf der Packung. Tipps zu den Anwendungsbereichen von Cyber Clean finden Sie im Abschnitt <a href=\"\/reinigungs-tips?lang=de\">\u201eReinigungstipps\u201c<\/a>.<\/p>\n<p>[\/vc_column_text][\/vc_accordion_tab][\/vc_accordion][\/vc_column][vc_column width=&#8220;1\/2&#8243;][vc_accordion collapsible=&#8220;yes&#8220;][vc_accordion_tab title=&#8220;Entfernt Cyber Clean Keime?&#8220; title_tag=&#8220;h2&#8243;][vc_column_text]<\/p>\n<p>Cyber Clean entfernt erwiesenerma\u00dfen mehr als 99 Prozent aller h\u00e4ufig auf Oberfl\u00e4chen zu findenden Keime.<\/p>\n<p>[\/vc_column_text][\/vc_accordion_tab][\/vc_accordion][\/vc_column][\/vc_row][vc_row][vc_column width=&#8220;1\/2&#8243;][vc_accordion collapsible=&#8220;yes&#8220;][vc_accordion_tab title=&#8220;Eignet sich Cyber Clean zur Entfernung von Flecken?&#8220; title_tag=&#8220;h2&#8243;][vc_column_text]<\/p>\n<p>Nein. Cyber Clean ist nur zur Entfernung von Bakterien und Schmutz an schwer erreichbaren Stellen bestimmt und nicht zur Entfernung von Flecken geeignet. Zur Entfernung von Flecken auf Computerbildschirmen, Touchscreens und Smartphones empfehlen wir unsere <a href=\"\/screen-cleaning-solutions?lang=de\">Cyber Clean Screen Cleaning Solutions<\/a> Produktreihe.<\/p>\n<p>[\/vc_column_text][\/vc_accordion_tab][\/vc_accordion][\/vc_column][vc_column width=&#8220;1\/2&#8243;][vc_accordion collapsible=&#8220;yes&#8220;][vc_accordion_tab title=&#8220;Wo soll ich Cyber Clean lagern?&#8220; title_tag=&#8220;h2&#8243;][vc_column_text]<\/p>\n<p>Legen Sie die Cyber Clean-Masse nach der Anwendung zur\u00fcck in die Packung, und verschlie\u00dfen Sie diese sorgf\u00e4ltig, damit die Masse nicht austrocknet. Lagern Sie das Produkt an einem k\u00fchlen und trockenen Ort, und sch\u00fctzen Sie es vor direkter Sonneneinstrahlung.<\/p>\n<p>[\/vc_column_text][\/vc_accordion_tab][\/vc_accordion][\/vc_column][\/vc_row][vc_row][vc_column width=&#8220;1\/2&#8243;][vc_accordion collapsible=&#8220;yes&#8220;][vc_accordion_tab title=&#8220;WOHER WEISS ICH, WANN CYBER CLEAN ERSETZT WERDEN MUSS? WIE H\u00c4UFIG KANN ICH CYBER CLEAN VERWENDEN?&#8220; title_tag=&#8220;h2&#8243;][vc_column_text]<\/p>\n<p>Je nach der aufgenommenen Menge an Schmutz kann Cyber Clean mehrfach verwendet werden. Wenn sich die Farbe der Reinigungsmasse ver\u00e4ndert (siehe Farbskala auf der Packung), muss sie ersetzt werden.<\/p>\n<p>[\/vc_column_text][\/vc_accordion_tab][\/vc_accordion][\/vc_column][vc_column width=&#8220;1\/2&#8243;][\/vc_column][\/vc_row]<\/p>\n<\/div>","protected":false},"excerpt":{"rendered":"<p>[vc_row][vc_column width=&#8220;3\/4&#8243;][vc_column_text] Mehr \u00fcber unsere Produkte erfahren [\/vc_column_text][vc_empty_space height=&#8220;20px&#8220;][vc_column_text] Auf dieser Seite finden Sie die h\u00e4ufig gestelle Fragen \u00fcber Cyber Clean. Falls Sie keine Antwort zu Ihrer Frage finden, bitte kontaktieren Sie uns. [\/vc_column_text][\/vc_column][\/vc_row][vc_row][vc_column][vc_empty_space height=&#8220;20px&#8220;][\/vc_column][\/vc_row][vc_row][vc_column width=&#8220;1\/2&#8243;][vc_accordion collapsible=&#8220;yes&#8220;][vc_accordion_tab title=&#8220;Was ist Cyber Clean?&#8220; title_tag=&#8220;h2&#8243;][vc_column_text] Nach einem Jahrzehnt&#8230;<\/p>\n","protected":false},"author":1,"featured_media":0,"parent":0,"menu_order":0,"comment_status":"open","ping_status":"closed","template":"","meta":{"footnotes":""},"class_list":["post-18091","page","type-page","status-publish","hentry"],"_links":{"self":[{"href":"https:\/\/cyberclean.net\/de\/wp-json\/wp\/v2\/pages\/18091","targetHints":{"allow":["GET"]}}],"collection":[{"href":"https:\/\/cyberclean.net\/de\/wp-json\/wp\/v2\/pages"}],"about":[{"href":"https:\/\/cyberclean.net\/de\/wp-json\/wp\/v2\/types\/page"}],"author":[{"embeddable":true,"href":"https:\/\/cyberclean.net\/de\/wp-json\/wp\/v2\/users\/1"}],"replies":[{"embeddable":true,"href":"https:\/\/cyberclean.net\/de\/wp-json\/wp\/v2\/comments?post=18091"}],"version-history":[{"count":6,"href":"https:\/\/cyberclean.net\/de\/wp-json\/wp\/v2\/pages\/18091\/revisions"}],"predecessor-version":[{"id":19610,"href":"https:\/\/cyberclean.net\/de\/wp-json\/wp\/v2\/pages\/18091\/revisions\/19610"}],"wp:attachment":[{"href":"https:\/\/cyberclean.net\/de\/wp-json\/wp\/v2\/media?parent=18091"}],"curies":[{"name":"wp","href":"https:\/\/api.w.org\/{rel}","templated":true}]}}