{"id":18094,"date":"2015-11-17T00:11:46","date_gmt":"2015-11-17T00:11:46","guid":{"rendered":"http:\/\/cyberclean.weiter.ch\/?page_id=18094"},"modified":"2016-08-24T12:04:48","modified_gmt":"2016-08-24T12:04:48","slug":"inhaltsstoffe","status":"publish","type":"page","link":"https:\/\/cyberclean.net\/de\/inhaltsstoffe\/","title":{"rendered":"Inhaltsstoffe"},"content":{"rendered":"<div class=\"wpb-content-wrapper\"><p>[vc_row][vc_column width=&#8220;3\/4&#8243;][vc_row_inner][vc_column_inner width=&#8220;1\/2&#8243;][vc_single_image image=&#8220;17956&#8243; img_size=&#8220;large&#8220;][\/vc_column_inner][vc_column_inner width=&#8220;1\/2&#8243;][vc_column_text]<\/p>\n<h1>Cyber Clean basiert auf<br \/>\nnat\u00fcrlichen Inhaltsstoffen<\/h1>\n<p>[\/vc_column_text][vc_empty_space height=&#8220;20px&#8220;][vc_column_text]<\/p>\n<h4>Cyber Clean ist eine Reinigungsmasse, die \u00fcberwiegend aus nat\u00fcrlichen Inhaltsstoffen wie Wasser, Ethanol und Guarkernmehl besteht. Das Produkt wurde von unabh\u00e4ngigen Laboren gr\u00fcndlich getestet. F\u00fcr die Herstellung von Cyber Clean werden ausschlie\u00dflich Ausgangsmaterialien von h\u00f6chster Qualit\u00e4t verwendet. Zudem verbessern wir die Produkte fortw\u00e4hrend durch Forschung und Tests.<\/h4>\n<p>[\/vc_column_text][\/vc_column_inner][\/vc_row_inner][vc_row_inner][vc_column_inner][vc_empty_space height=&#8220;20px&#8220;][\/vc_column_inner][\/vc_row_inner][vc_row_inner][vc_column_inner][vc_column_text]<\/p>\n<p><strong>Inhaltsstoffe \u2013 Gel enth\u00e4lt: Ethanol (150g\/kg); unter 5% anionische Tenside (Hydroxypropylguar), Konservierungsmittel (Diazolidinyl urea), Duftstoffe. Weitere Inhaltsstoffe: Wasser, Glyzerin, Bors\u00e4ure, Farbstoffe, Methylparaben, Propylparaben.<\/strong><\/p>\n<p>[\/vc_column_text][vc_empty_space height=&#8220;20px&#8220;][vc_column_text]<strong>Diazolidinyl-Harnstoff<br \/>\n<\/strong>Diazolidinyl-Harnstoff wird h\u00e4ufig als Konservierungsmittel in Kosmetika, Hautpflegeprodukten, Shampoos und Haarsp\u00fclungen verwendet. <strong><strong><br \/>\n<\/strong> <strong><br \/>\n<\/strong> <strong>Parabene<\/strong><br \/>\n<\/strong>Parabene sind ebenfalls in einer Vielzahl von Produkten und Konsumg\u00fctern enthalten, beispielsweise in Kosmetika (Cremes, Lotionen, Lippenstifte), Medikamenten (zur inneren und \u00e4u\u00dferen Anwendung) oder Lebensmitteln (Gelatine\u00fcberzug von Fleischprodukten, Kekse, S\u00fc\u00dfigkeiten), und dienen der Konservierung.<\/p>\n<p>&nbsp;<\/p>\n<p><strong>Sicherheits &#8211; und Anwendungshinweis: Biozide vorsichtig verwenden. Vor Gebrauch stets Etikett und Produktinformationen lesen.<\/strong>[\/vc_column_text][\/vc_column_inner][\/vc_row_inner][\/vc_column][vc_column width=&#8220;1\/4&#8243;][vc_column_text]<\/p>\n<h5>WEITERE INFORMATIONEN<\/h5>\n<p>[\/vc_column_text][vc_empty_space height=&#8220;20px&#8220;][vc_single_image image=&#8220;18615&#8243; img_size=&#8220;full&#8220;][vc_empty_space height=&#8220;20px&#8220;][vc_column_text]<\/p>\n<div class=\"column_text\"><span class=\"column_title\"><strong>Cyber Clean ist ein patentiertes Reinigungsprodukt<\/strong><\/span><\/div>\n<div class=\"column_text\"><\/div>\n<div class=\"column_text\"><\/div>\n<p><a href=\"https:\/\/cyberclean.net\/wp-content\/uploads\/2015\/09\/European_Patent.pdf\" target=\"_blank\">Europ\u00e4isches Patent herunterladen<\/a><\/p>\n<p><a href=\"https:\/\/cyberclean.net\/wp-content\/uploads\/2015\/09\/American_Patent.pdf\" target=\"_blank\">Amerikanisches Patent herunterladen<\/a>[\/vc_column_text][\/vc_column][\/vc_row][vc_row][vc_column][vc_empty_space][\/vc_column][\/vc_row]<\/p>\n<\/div>","protected":false},"excerpt":{"rendered":"<p>[vc_row][vc_column width=&#8220;3\/4&#8243;][vc_row_inner][vc_column_inner width=&#8220;1\/2&#8243;][vc_single_image image=&#8220;17956&#8243; img_size=&#8220;large&#8220;][\/vc_column_inner][vc_column_inner width=&#8220;1\/2&#8243;][vc_column_text] Cyber Clean basiert auf nat\u00fcrlichen Inhaltsstoffen [\/vc_column_text][vc_empty_space height=&#8220;20px&#8220;][vc_column_text] Cyber Clean ist eine Reinigungsmasse, die \u00fcberwiegend aus nat\u00fcrlichen Inhaltsstoffen wie Wasser, Ethanol und Guarkernmehl besteht. Das Produkt wurde von unabh\u00e4ngigen Laboren gr\u00fcndlich getestet. F\u00fcr die Herstellung von Cyber Clean werden&#8230;<\/p>\n","protected":false},"author":1,"featured_media":0,"parent":0,"menu_order":0,"comment_status":"open","ping_status":"closed","template":"","meta":{"footnotes":""},"class_list":["post-18094","page","type-page","status-publish","hentry"],"_links":{"self":[{"href":"https:\/\/cyberclean.net\/de\/wp-json\/wp\/v2\/pages\/18094","targetHints":{"allow":["GET"]}}],"collection":[{"href":"https:\/\/cyberclean.net\/de\/wp-json\/wp\/v2\/pages"}],"about":[{"href":"https:\/\/cyberclean.net\/de\/wp-json\/wp\/v2\/types\/page"}],"author":[{"embeddable":true,"href":"https:\/\/cyberclean.net\/de\/wp-json\/wp\/v2\/users\/1"}],"replies":[{"embeddable":true,"href":"https:\/\/cyberclean.net\/de\/wp-json\/wp\/v2\/comments?post=18094"}],"version-history":[{"count":9,"href":"https:\/\/cyberclean.net\/de\/wp-json\/wp\/v2\/pages\/18094\/revisions"}],"predecessor-version":[{"id":19266,"href":"https:\/\/cyberclean.net\/de\/wp-json\/wp\/v2\/pages\/18094\/revisions\/19266"}],"wp:attachment":[{"href":"https:\/\/cyberclean.net\/de\/wp-json\/wp\/v2\/media?parent=18094"}],"curies":[{"name":"wp","href":"https:\/\/api.w.org\/{rel}","templated":true}]}}