{"id":18097,"date":"2015-11-17T00:13:00","date_gmt":"2015-11-17T00:13:00","guid":{"rendered":"http:\/\/cyberclean.weiter.ch\/?page_id=18097"},"modified":"2016-04-03T17:15:52","modified_gmt":"2016-04-03T17:15:52","slug":"original-cyber-clean","status":"publish","type":"page","link":"https:\/\/cyberclean.net\/de\/original-cyber-clean\/","title":{"rendered":"Original Cyber Clean"},"content":{"rendered":"<div class=\"wpb-content-wrapper\"><p>[vc_row][vc_column width=&#8220;3\/4&#8243;][vc_row_inner][vc_column_inner width=&#8220;1\/2&#8243;][vc_single_image border_color=&#8220;grey&#8220; img_link_target=&#8220;_self&#8220; image=&#8220;18350&#8243; img_size=&#8220;full&#8220;][\/vc_column_inner][vc_column_inner width=&#8220;1\/2&#8243;][vc_column_text]<\/p>\n<h1>Sch\u00fctzen Sie Ihre Gesundheit \u2013<br \/>\nverwenden Sie das Cyber Clean-Original<\/h1>\n<p>[\/vc_column_text][vc_empty_space height=&#8220;20px&#8220; image_repeat=&#8220;no-repeat&#8220;][vc_column_text]<\/p>\n<h4>Ob zu Hause, am Arbeitsplatz oder auf Reisen \u2013 die Produkte von Cyber Clean sch\u00fctzen Sie vor gef\u00e4hrlichen Bakterien und schaffen ein gesundes Lebensumfeld. Die Wirksamkeit der Cyber Clean-Reinigungsmasse bei der Beseitigung von Bakterien von Oberfl\u00e4chen und Ger\u00e4ten ist wissenschaftlich erwiesen.<\/h4>\n<p>[\/vc_column_text][vc_empty_space height=&#8220;20px&#8220; image_repeat=&#8220;no-repeat&#8220;][vc_column_text]Verschiedene Produktimitate der echten Cyber Clean-Reinigungsmasse sind im Umlauf, die eine vergleichbare Reinigungs- und Desinfektionswirkung versprechen. Tats\u00e4chlich ist eine desinfizierende Wirkung dieser Produkte aber nicht belegt, zudem k\u00f6nnen sie Gegenst\u00e4nde und Oberfl\u00e4chen durch R\u00fcckst\u00e4nde besch\u00e4digen. Labortests mit derartigen Produkten haben gezeigt, dass sie Bakterien nicht beseitigen und entsprechende Normen nicht erf\u00fcllen. Bei Produktimitaten besteht das Risiko, dass Sie Bakterien nicht eliminieren, sondern sie lediglich von einer Oberfl\u00e4che auf eine andere \u00fcbertragen.<\/p>\n<p>&nbsp;<\/p>\n<p><strong>Sicherheits &#8211; und Anwendungshinweis: Biozide vorsichtig verwenden. Vor Gebrauch stets Etikett und Produktinformationen lesen.<\/strong>[\/vc_column_text][\/vc_column_inner][\/vc_row_inner][\/vc_column][vc_column width=&#8220;1\/4&#8243;][vc_column_text]<\/p>\n<h5>WEITERE INFORMATIONEN<\/h5>\n<p>[\/vc_column_text][vc_empty_space height=&#8220;20px&#8220; image_repeat=&#8220;no-repeat&#8220;][vc_column_text]<\/p>\n<div class=\"column_text\"><span class=\"column_title\"><strong>Cyber Clean ist ein patentiertes Reinigungsprodukt<\/strong><\/span><\/div>\n<div class=\"column_text\"><\/div>\n<div class=\"column_text\"><\/div>\n<p><a href=\"https:\/\/cyberclean.net\/wp-content\/uploads\/2015\/09\/European_Patent.pdf\" target=\"_blank\">Europ\u00e4isches Patent herunterladen<\/a><\/p>\n<p><a href=\"https:\/\/cyberclean.net\/wp-content\/uploads\/2015\/09\/American_Patent.pdf\" target=\"_blank\">Amerikanisches Patent herunterladen<\/a>[\/vc_column_text][\/vc_column][\/vc_row]<\/p>\n<\/div>","protected":false},"excerpt":{"rendered":"<p>[vc_row][vc_column width=&#8220;3\/4&#8243;][vc_row_inner][vc_column_inner width=&#8220;1\/2&#8243;][vc_single_image border_color=&#8220;grey&#8220; img_link_target=&#8220;_self&#8220; image=&#8220;18350&#8243; img_size=&#8220;full&#8220;][\/vc_column_inner][vc_column_inner width=&#8220;1\/2&#8243;][vc_column_text] Sch\u00fctzen Sie Ihre Gesundheit \u2013 verwenden Sie das Cyber Clean-Original [\/vc_column_text][vc_empty_space height=&#8220;20px&#8220; image_repeat=&#8220;no-repeat&#8220;][vc_column_text] Ob zu Hause, am Arbeitsplatz oder auf Reisen \u2013 die Produkte von Cyber Clean sch\u00fctzen Sie vor gef\u00e4hrlichen Bakterien und schaffen ein gesundes Lebensumfeld&#8230;.<\/p>\n","protected":false},"author":1,"featured_media":0,"parent":0,"menu_order":0,"comment_status":"open","ping_status":"closed","template":"","meta":{"footnotes":""},"class_list":["post-18097","page","type-page","status-publish","hentry"],"_links":{"self":[{"href":"https:\/\/cyberclean.net\/de\/wp-json\/wp\/v2\/pages\/18097","targetHints":{"allow":["GET"]}}],"collection":[{"href":"https:\/\/cyberclean.net\/de\/wp-json\/wp\/v2\/pages"}],"about":[{"href":"https:\/\/cyberclean.net\/de\/wp-json\/wp\/v2\/types\/page"}],"author":[{"embeddable":true,"href":"https:\/\/cyberclean.net\/de\/wp-json\/wp\/v2\/users\/1"}],"replies":[{"embeddable":true,"href":"https:\/\/cyberclean.net\/de\/wp-json\/wp\/v2\/comments?post=18097"}],"version-history":[{"count":10,"href":"https:\/\/cyberclean.net\/de\/wp-json\/wp\/v2\/pages\/18097\/revisions"}],"predecessor-version":[{"id":19001,"href":"https:\/\/cyberclean.net\/de\/wp-json\/wp\/v2\/pages\/18097\/revisions\/19001"}],"wp:attachment":[{"href":"https:\/\/cyberclean.net\/de\/wp-json\/wp\/v2\/media?parent=18097"}],"curies":[{"name":"wp","href":"https:\/\/api.w.org\/{rel}","templated":true}]}}