{"id":18100,"date":"2015-11-17T00:13:51","date_gmt":"2015-11-17T00:13:51","guid":{"rendered":"http:\/\/cyberclean.weiter.ch\/?page_id=18100"},"modified":"2016-08-24T12:05:50","modified_gmt":"2016-08-24T12:05:50","slug":"joker-foundation","status":"publish","type":"page","link":"https:\/\/cyberclean.net\/de\/joker-foundation\/","title":{"rendered":"JOKER Foundation"},"content":{"rendered":"<div class=\"wpb-content-wrapper\"><p>[vc_row][vc_column width=&#8220;3\/4&#8243;][vc_row_inner][vc_column_inner width=&#8220;1\/2&#8243;][vc_single_image image=&#8220;17852&#8243; img_size=&#8220;full&#8220;][\/vc_column_inner][vc_column_inner width=&#8220;1\/2&#8243;][vc_column_text]<\/p>\n<h1>JOKER Foundation \u2013<br \/>\nHilfe f\u00fcr bed\u00fcrftige Kinder<\/h1>\n<p>[\/vc_column_text][vc_empty_space][vc_column_text]<\/p>\n<h4>Getreu dem Ziel, mit den eigenen Produkten Gesundheit, Wohlbefinden und Freude im Alltag f\u00f6rdern, hat die JOKER Group im Jahr 2005 die JOKER Foundation gegr\u00fcndet. Die Stiftung f\u00f6rdert benachteiligte Kinder weltweit, indem sie ihnen bessere Bildungsm\u00f6glichkeiten verschafft.<\/h4>\n<p>[\/vc_column_text][vc_empty_space height=&#8220;16px&#8220;][vc_column_text]<\/p>\n<p>Die Stiftung f\u00f6rdert derzeit ein Projekt in Cusco in Peru. Dort haben bislang \u00fcber 2.500 Kinder Zugang zu Bildung, zwei warmen Mahlzeiten am Tag sowie Gesundheitsversorgung und Unterk\u00fcnften erhalten. Mehr \u00fcber das Projekt und die Stiftung erfahren Sie auf der <a href=\"http:\/\/www.joker-foundation.net\/\" target=\"_blank\">Website der JOKER Foundation<\/a>.<\/p>\n<p>[\/vc_column_text][\/vc_column_inner][\/vc_row_inner][vc_column_text]<br \/>\n[\/vc_column_text][\/vc_column][vc_column width=&#8220;1\/4&#8243;][vc_column_text]<br \/>\n[\/vc_column_text][\/vc_column][\/vc_row][vc_row][vc_column][vc_empty_space][\/vc_column][\/vc_row]<\/p>\n<\/div>","protected":false},"excerpt":{"rendered":"<p>[vc_row][vc_column width=&#8220;3\/4&#8243;][vc_row_inner][vc_column_inner width=&#8220;1\/2&#8243;][vc_single_image image=&#8220;17852&#8243; img_size=&#8220;full&#8220;][\/vc_column_inner][vc_column_inner width=&#8220;1\/2&#8243;][vc_column_text] JOKER Foundation \u2013 Hilfe f\u00fcr bed\u00fcrftige Kinder [\/vc_column_text][vc_empty_space][vc_column_text] Getreu dem Ziel, mit den eigenen Produkten Gesundheit, Wohlbefinden und Freude im Alltag f\u00f6rdern, hat die JOKER Group im Jahr 2005 die JOKER Foundation gegr\u00fcndet. Die Stiftung f\u00f6rdert benachteiligte Kinder weltweit,&#8230;<\/p>\n","protected":false},"author":1,"featured_media":0,"parent":0,"menu_order":0,"comment_status":"open","ping_status":"closed","template":"","meta":{"footnotes":""},"class_list":["post-18100","page","type-page","status-publish","hentry"],"_links":{"self":[{"href":"https:\/\/cyberclean.net\/de\/wp-json\/wp\/v2\/pages\/18100","targetHints":{"allow":["GET"]}}],"collection":[{"href":"https:\/\/cyberclean.net\/de\/wp-json\/wp\/v2\/pages"}],"about":[{"href":"https:\/\/cyberclean.net\/de\/wp-json\/wp\/v2\/types\/page"}],"author":[{"embeddable":true,"href":"https:\/\/cyberclean.net\/de\/wp-json\/wp\/v2\/users\/1"}],"replies":[{"embeddable":true,"href":"https:\/\/cyberclean.net\/de\/wp-json\/wp\/v2\/comments?post=18100"}],"version-history":[{"count":5,"href":"https:\/\/cyberclean.net\/de\/wp-json\/wp\/v2\/pages\/18100\/revisions"}],"predecessor-version":[{"id":19269,"href":"https:\/\/cyberclean.net\/de\/wp-json\/wp\/v2\/pages\/18100\/revisions\/19269"}],"wp:attachment":[{"href":"https:\/\/cyberclean.net\/de\/wp-json\/wp\/v2\/media?parent=18100"}],"curies":[{"name":"wp","href":"https:\/\/api.w.org\/{rel}","templated":true}]}}