{"id":18103,"date":"2015-11-17T00:14:34","date_gmt":"2015-11-17T00:14:34","guid":{"rendered":"http:\/\/cyberclean.weiter.ch\/?page_id=18103"},"modified":"2017-03-07T12:32:11","modified_gmt":"2017-03-07T12:32:11","slug":"cyber-clean-balloon","status":"publish","type":"page","link":"https:\/\/cyberclean.net\/de\/cyber-clean-balloon\/","title":{"rendered":"Cyber Clean Balloon"},"content":{"rendered":"<div class=\"wpb-content-wrapper\"><p>[vc_row][vc_column width=&#8220;3\/4&#8243;][vc_row_inner][vc_column_inner width=&#8220;1\/2&#8243;][vc_single_image image=&#8220;18489&#8243; img_size=&#8220;full&#8220;][\/vc_column_inner][vc_column_inner width=&#8220;1\/2&#8243;][vc_column_text]<\/p>\n<h1>Hoch \u00fcber den Alpen mit dem Cyber-Clean-Hei\u00dfluftballon<\/h1>\n<p>[\/vc_column_text][vc_empty_space][vc_column_text]Seit 2011 \u00fcberquert unser Cyber-Clean-Hei\u00dfluftballon regelm\u00e4\u00dfig die zentraleurop\u00e4ischen Alpen. Das europ\u00e4ische Gebirgsmassiv erstreckt sich von \u00d6sterreich und Slowenien im Osten \u00fcber Italien, die Schweiz, Liechtenstein und Deutschland bis Frankreich im Westen. Der leuchtendgelbe Ballon gleitet durch den Himmel unter der F\u00fchrung von Profi-Ballonfahrer und dreifachem Europameister Stefan Zeberli. Der geb\u00fcrtige Schweizer f\u00e4hrt bereits seit \u00fcber zehn Jahren Hei\u00dfluftballons und verbrachte mehr als 2000 Stunden als Luftfahrzeugf\u00fchrer in der Luft. Er f\u00fchrt j\u00e4hrlich \u00fcber hundert Fl\u00fcge durch, davon ca. 60 Prozent in Wettbewerben. Zeberli ist im Laufe seiner Karriere bereits \u00fcber 55-mal \u00fcber die Alpen geflogen: Unser Ballon bringt ihn in den Himmel \u00fcber der Schweiz, S\u00fcddeutschland, Ostfrankreich und West\u00f6sterreich. &#8222;Es gibt nur wenige Tage im Jahr, an denen die Wetterbedingungen f\u00fcr eine Alpen\u00fcberquerung von der Schweiz nach Italien optimal sind&#8220;, erkl\u00e4rt Stefan Zeberli. Da im Winter die Luftstr\u00f6mung f\u00fcr derartige Fl\u00fcge g\u00fcnstiger ist, ist dies auch die bevorzugte Jahreszeit. Der 31j\u00e4hrige Ballonf\u00fchrer hat bereits 35 L\u00e4nder \u00fcberflogen, aber sch\u00e4tzt die Schweiz wegen ihrer wundersch\u00f6nen Landschaft. &#8222;Die besten Aussichten hat man definitiv in der Schweiz&#8220;, bemerkt er abschlie\u00dfend mit einem L\u00e4cheln.<\/p>\n<p>&nbsp;<\/p>\n<p>Der Cyber-Clean-Ballon ist sowohl f\u00fcr Passagiere als auch Werbefahrten\/Events buchbar. Weitere Informationen zu Stefan Zeberli und seinem Team finden Sie auf seiner Webseite <a href=\"http:\/\/www.ballon-zeberli.ch\/\" target=\"_blank\">http:\/\/www.ballon-zeberli.ch\/<\/a>.[\/vc_column_text][\/vc_column_inner][\/vc_row_inner][\/vc_column][vc_column width=&#8220;1\/4&#8243;][\/vc_column][\/vc_row][vc_row][vc_column][vc_empty_space][\/vc_column][\/vc_row]<\/p>\n<\/div>","protected":false},"excerpt":{"rendered":"<p>[vc_row][vc_column width=&#8220;3\/4&#8243;][vc_row_inner][vc_column_inner width=&#8220;1\/2&#8243;][vc_single_image image=&#8220;18489&#8243; img_size=&#8220;full&#8220;][\/vc_column_inner][vc_column_inner width=&#8220;1\/2&#8243;][vc_column_text] Hoch \u00fcber den Alpen mit dem Cyber-Clean-Hei\u00dfluftballon [\/vc_column_text][vc_empty_space][vc_column_text]Seit 2011 \u00fcberquert unser Cyber-Clean-Hei\u00dfluftballon regelm\u00e4\u00dfig die zentraleurop\u00e4ischen Alpen. Das europ\u00e4ische Gebirgsmassiv erstreckt sich von \u00d6sterreich und Slowenien im Osten \u00fcber Italien, die Schweiz, Liechtenstein und Deutschland bis Frankreich im Westen. Der&#8230;<\/p>\n","protected":false},"author":1,"featured_media":0,"parent":0,"menu_order":0,"comment_status":"open","ping_status":"closed","template":"","meta":{"footnotes":""},"class_list":["post-18103","page","type-page","status-publish","hentry"],"_links":{"self":[{"href":"https:\/\/cyberclean.net\/de\/wp-json\/wp\/v2\/pages\/18103","targetHints":{"allow":["GET"]}}],"collection":[{"href":"https:\/\/cyberclean.net\/de\/wp-json\/wp\/v2\/pages"}],"about":[{"href":"https:\/\/cyberclean.net\/de\/wp-json\/wp\/v2\/types\/page"}],"author":[{"embeddable":true,"href":"https:\/\/cyberclean.net\/de\/wp-json\/wp\/v2\/users\/1"}],"replies":[{"embeddable":true,"href":"https:\/\/cyberclean.net\/de\/wp-json\/wp\/v2\/comments?post=18103"}],"version-history":[{"count":15,"href":"https:\/\/cyberclean.net\/de\/wp-json\/wp\/v2\/pages\/18103\/revisions"}],"predecessor-version":[{"id":19790,"href":"https:\/\/cyberclean.net\/de\/wp-json\/wp\/v2\/pages\/18103\/revisions\/19790"}],"wp:attachment":[{"href":"https:\/\/cyberclean.net\/de\/wp-json\/wp\/v2\/media?parent=18103"}],"curies":[{"name":"wp","href":"https:\/\/api.w.org\/{rel}","templated":true}]}}