{"id":18429,"date":"2015-12-11T12:10:25","date_gmt":"2015-12-11T12:10:25","guid":{"rendered":"http:\/\/cyberclean.weiter.ch\/?page_id=18429&#038;lang=de"},"modified":"2017-03-08T10:57:04","modified_gmt":"2017-03-08T10:57:04","slug":"camera-care-2-2","status":"publish","type":"page","link":"https:\/\/cyberclean.net\/de\/produkte\/camera-care-2-2\/","title":{"rendered":"Camera Care"},"content":{"rendered":"<div class=\"wpb-content-wrapper\"><p>[vc_row][vc_column width=&#8220;3\/4&#8243;][vc_column_text]<\/p>\n<h1>Universal Kamera-Wartungsset<\/h1>\n<p>[\/vc_column_text][vc_empty_space height=&#8220;20px&#8220;][vc_single_image image=&#8220;18451&#8243; img_size=&#8220;full&#8220; css=&#8220;.vc_custom_1450258612287{padding-right: 0px !important;}&#8220;][vc_empty_space height=&#8220;20px&#8220;][vc_column_text]<\/p>\n<h4>Das professionelle Universal Camera Wartungs- und Reinigungsset von Cyber Clean ist einzigartig. Es besitzt s\u00e4mtliche Tools, um die empfindliche Linse zu reinigen sowie\u00a0Staubpartikel zwischen Kn\u00f6pfen und Scharfeinstellringen zu entfernen und bietet zudem die optimale L\u00f6sung, um das Kamerageh\u00e4use von innen und au\u00dfen sauber zu halten. Mit seinem einzigartigen und ansprechenden Design ist Camera Care ein unentbehrliches Zubeh\u00f6r f\u00fcr jeden professionellen und Hobby-Fotografen.<\/h4>\n<p>[\/vc_column_text][vc_empty_space height=&#8220;20px&#8220;][vc_empty_space height=&#8220;20px&#8220;][vc_row_inner][vc_column_inner width=&#8220;1\/2&#8243;][vc_video link=&#8220;https:\/\/youtu.be\/qpSBSiB2og0&#8243;][vc_empty_space height=&#8220;20px&#8220;][vc_column_text]<\/p>\n<h2 style=\"text-align: left;\">Produkt<\/h2>\n<p>[\/vc_column_text][vc_column_text]<strong>Einzigartiges Design trifft einzigartige Funktionen = maximale Leistung!<br \/>\n<\/strong><\/p>\n<ul>\n<li>Brillantes Universal-Produkt<\/li>\n<li>Keine weiteren oder \u00e4hnlichen Produkte auf dem Markt<\/li>\n<li>Cyber Clean mit dem einzigartigen Reinigungs- und Desinfektionseffekt<\/li>\n<li>Kompakte Gr\u00f6\u00dfe, passt in s\u00e4mtliche Kamerageh\u00e4use, ideal f\u00fcr Reisen<\/li>\n<li>Durchdachtes\u00a0und attraktives Design<\/li>\n<li>Cyber Clan Ersatzbeutel mit Rei\u00dfverschluss erh\u00e4ltlich<\/li>\n<li>Ein einzigartiges Produkt, das die Probleme tats\u00e4chlich l\u00f6st<\/li>\n<li>Alle Abmessungen sind ungef\u00e4hre Werte!<\/li>\n<\/ul>\n<p>[\/vc_column_text][vc_empty_space height=&#8220;20px&#8220;][vc_column_text]<strong><a href=\"https:\/\/www.cybercleanshop.de\/cyber-clean\/cameracare\/\" target=\"_blank\">Cyber Clean Camera Care kaufen<\/a><\/strong>[\/vc_column_text][vc_empty_space height=&#8220;10px&#8220;][vc_column_text]<strong><a href=\"https:\/\/cyberclean.net\/wp-content\/uploads\/2017\/02\/CYBER-CLEAN-Brochure-2016-2017-.pdf\" target=\"_blank\">Cyber Clean Produktbrosch\u00fcre herunterladen<\/a><\/strong>[\/vc_column_text][\/vc_column_inner][vc_column_inner width=&#8220;1\/2&#8243;][vc_single_image image=&#8220;18780&#8243; img_size=&#8220;full&#8220; css=&#8220;.vc_custom_1453892255855{padding-right: 0px !important;}&#8220;][\/vc_column_inner][\/vc_row_inner][vc_empty_space height=&#8220;30px&#8220;][vc_row_inner el_id=&#8220;product_singleimg&#8220;][vc_column_inner width=&#8220;1\/4&#8243;][vc_single_image image=&#8220;19150&#8243; img_size=&#8220;full&#8220;][\/vc_column_inner][vc_column_inner width=&#8220;1\/4&#8243;][vc_single_image image=&#8220;19151&#8243; img_size=&#8220;full&#8220;][\/vc_column_inner][vc_column_inner width=&#8220;1\/4&#8243;][vc_single_image image=&#8220;19152&#8243; img_size=&#8220;full&#8220;][\/vc_column_inner][vc_column_inner width=&#8220;1\/4&#8243;][vc_single_image image=&#8220;19153&#8243; img_size=&#8220;full&#8220;][\/vc_column_inner][\/vc_row_inner][vc_empty_space height=&#8220;30px&#8220; el_class=&#8220;product_space&#8220;][vc_row_inner el_id=&#8220;product_singleimg&#8220;][vc_column_inner width=&#8220;1\/4&#8243;][vc_single_image image=&#8220;19154&#8243; img_size=&#8220;full&#8220;][\/vc_column_inner][vc_column_inner width=&#8220;1\/4&#8243;][vc_single_image image=&#8220;19155&#8243; img_size=&#8220;full&#8220;][\/vc_column_inner][vc_column_inner width=&#8220;1\/4&#8243;][vc_single_image image=&#8220;19156&#8243; img_size=&#8220;full&#8220;][\/vc_column_inner][vc_column_inner width=&#8220;1\/4&#8243;][vc_single_image image=&#8220;19157&#8243; img_size=&#8220;full&#8220;][\/vc_column_inner][\/vc_row_inner][vc_empty_space height=&#8220;30px&#8220;][vc_row_inner][vc_column_inner width=&#8220;1\/4&#8243;][vc_single_image image=&#8220;18444&#8243; img_size=&#8220;full&#8220; css=&#8220;.vc_custom_1450217654972{padding-right: 0px !important;}&#8220;][\/vc_column_inner][vc_column_inner width=&#8220;1\/4&#8243;][vc_column_text]<\/p>\n<p>Die weiche Reinigungsb\u00fcrste entfernt Staubpartikel von der Kamera sowie in deren Geh\u00e4use, ohne sie zu besch\u00e4digen.<\/p>\n<p>[\/vc_column_text][\/vc_column_inner][vc_column_inner width=&#8220;1\/4&#8243;][vc_single_image image=&#8220;18445&#8243; img_size=&#8220;full&#8220; css=&#8220;.vc_custom_1450217669451{padding-right: 0px !important;}&#8220;][\/vc_column_inner][vc_column_inner width=&#8220;1\/4&#8243;][vc_column_text]<\/p>\n<p>Der Linsenreinigungskopf aus Mikrofasergewebe entfernt Fingerabdr\u00fccke und Feuchtigkeitsr\u00fcckst\u00e4nde\/Wassertropfen von der Linse.<\/p>\n<p>[\/vc_column_text][\/vc_column_inner][\/vc_row_inner][vc_empty_space height=&#8220;30px&#8220;][vc_row_inner][vc_column_inner width=&#8220;1\/4&#8243;][vc_single_image image=&#8220;18756&#8243; img_size=&#8220;full&#8220; css=&#8220;.vc_custom_1451997925461{padding-left: 0px !important;}&#8220;][\/vc_column_inner][vc_column_inner width=&#8220;1\/4&#8243;][vc_column_text]<\/p>\n<p>Die Gebl\u00e4sepumpe entfernt Staubpartikel, ohne das Ger\u00e4t zu ber\u00fchren &#8211; die\u00a0optimale Reinigung f\u00fcr Linse und Kamerasensor.<\/p>\n<p>[\/vc_column_text][\/vc_column_inner][vc_column_inner width=&#8220;1\/4&#8243;][vc_single_image image=&#8220;18448&#8243; img_size=&#8220;full&#8220;][\/vc_column_inner][vc_column_inner width=&#8220;1\/4&#8243;][vc_column_text]<\/p>\n<p>Die revolution\u00e4re Cyber Clean Reinigungsmasse &#8211; perfekt\u00a0f\u00fcr die Reinigung des \u00e4u\u00dferen Kamerageh\u00e4uses und der Fototasche.<\/p>\n<p>[\/vc_column_text][\/vc_column_inner][\/vc_row_inner][vc_empty_space height=&#8220;50px&#8220;][\/vc_column][vc_column width=&#8220;1\/4&#8243;][vc_empty_space height=&#8220;20px&#8220;][vc_single_image image=&#8220;18871&#8243; img_size=&#8220;large&#8220;][vc_empty_space height=&#8220;20px&#8220;][\/vc_column][\/vc_row]<\/p>\n<\/div>","protected":false},"excerpt":{"rendered":"<p>[vc_row][vc_column width=&#8220;3\/4&#8243;][vc_column_text] Universal Kamera-Wartungsset [\/vc_column_text][vc_empty_space height=&#8220;20px&#8220;][vc_single_image image=&#8220;18451&#8243; img_size=&#8220;full&#8220; css=&#8220;.vc_custom_1450258612287{padding-right: 0px !important;}&#8220;][vc_empty_space height=&#8220;20px&#8220;][vc_column_text] Das professionelle Universal Camera Wartungs- und Reinigungsset von Cyber Clean ist einzigartig. Es besitzt s\u00e4mtliche Tools, um die empfindliche Linse zu reinigen sowie\u00a0Staubpartikel zwischen Kn\u00f6pfen und Scharfeinstellringen zu entfernen und bietet zudem die&#8230;<\/p>\n","protected":false},"author":1,"featured_media":0,"parent":18022,"menu_order":0,"comment_status":"closed","ping_status":"closed","template":"","meta":{"footnotes":""},"class_list":["post-18429","page","type-page","status-publish","hentry"],"_links":{"self":[{"href":"https:\/\/cyberclean.net\/de\/wp-json\/wp\/v2\/pages\/18429","targetHints":{"allow":["GET"]}}],"collection":[{"href":"https:\/\/cyberclean.net\/de\/wp-json\/wp\/v2\/pages"}],"about":[{"href":"https:\/\/cyberclean.net\/de\/wp-json\/wp\/v2\/types\/page"}],"author":[{"embeddable":true,"href":"https:\/\/cyberclean.net\/de\/wp-json\/wp\/v2\/users\/1"}],"replies":[{"embeddable":true,"href":"https:\/\/cyberclean.net\/de\/wp-json\/wp\/v2\/comments?post=18429"}],"version-history":[{"count":42,"href":"https:\/\/cyberclean.net\/de\/wp-json\/wp\/v2\/pages\/18429\/revisions"}],"predecessor-version":[{"id":19808,"href":"https:\/\/cyberclean.net\/de\/wp-json\/wp\/v2\/pages\/18429\/revisions\/19808"}],"up":[{"embeddable":true,"href":"https:\/\/cyberclean.net\/de\/wp-json\/wp\/v2\/pages\/18022"}],"wp:attachment":[{"href":"https:\/\/cyberclean.net\/de\/wp-json\/wp\/v2\/media?parent=18429"}],"curies":[{"name":"wp","href":"https:\/\/api.w.org\/{rel}","templated":true}]}}