{"id":19665,"date":"2017-02-20T11:09:09","date_gmt":"2017-02-20T11:09:09","guid":{"rendered":"http:\/\/cyberclean.net\/contact\/"},"modified":"2017-03-11T10:13:59","modified_gmt":"2017-03-11T10:13:59","slug":"contact","status":"publish","type":"page","link":"https:\/\/cyberclean.net\/de\/contact\/","title":{"rendered":"Kontakt"},"content":{"rendered":"<div class=\"wpb-content-wrapper\"><p>[vc_row][vc_column width=&#8220;1\/3&#8243;][vc_column_text]Im Sitz der schweizerischen Hauptverwaltung befinden sich die Abteilungen Administration, Buchhaltung, Einkauf, Logistik, Kundenbetreuung, Marketing, Qualit\u00e4tsmanagement und Recht. Hier laufen alle Informationen zusammen und werden von hier aus in die anderen B\u00fcros koordiniert.[\/vc_column_text][vc_empty_space height=&#8220;15px&#8220;][vc_column_text]<strong>JOKER Switzerland<\/strong><br \/>\nIndustriezone<br \/>\nPostfach 96<br \/>\n3210 Kerzers<br \/>\nTel: +41-31-7505252<br \/>\nFax: +41-31-7505250[\/vc_column_text][vc_empty_space height=&#8220;30px&#8220;][\/vc_column][vc_column width=&#8220;2\/3&#8243;][vc_gmaps link=&#8220;#E-8_JTNDaWZyYW1lJTIwc3JjJTNEJTIyaHR0cHMlM0ElMkYlMkZ3d3cuZ29vZ2xlLmNvbSUyRm1hcHMlMkZlbWJlZCUzRnBiJTNEJTIxMW0xOCUyMTFtMTIlMjExbTMlMjExZDI3MjIuNzE2MTk1NjYyNzAxNSUyMTJkNy4xODQyNjQ0MTU2MDg0MzglMjEzZDQ2Ljk2NzI2NTg3OTE0NzQyNiUyMTJtMyUyMTFmMCUyMTJmMCUyMTNmMCUyMTNtMiUyMTFpMTAyNCUyMTJpNzY4JTIxNGYxMy4xJTIxM20zJTIxMW0yJTIxMXMweDQ3OGUxMzhhZjk1MzQxZDklMjUzQTB4M2ZiMTc4YjhjN2M3NTQ3ZCUyMTJzSm9rZXIlMkJBRyUyMTVlMCUyMTNtMiUyMTFzZW4lMjEyc2luJTIxNHYxNDg3NTkxNTQyNTE3JTIyJTIwd2lkdGglM0QlMjI0MDAlMjIlMjBoZWlnaHQlM0QlMjIzNDAlMjIlMjBmcmFtZWJvcmRlciUzRCUyMjAlMjIlMjBzdHlsZSUzRCUyMmJvcmRlciUzQTAlMjIlMjBhbGxvd2Z1bGxzY3JlZW4lM0UlM0MlMkZpZnJhbWUlM0U=&#8220;][\/vc_column][\/vc_row][vc_row][vc_column width=&#8220;1\/3&#8243;][vc_column_text]In der Niederlassung in Hongkong sind die Abteilungen Produktmanagement, Graphik- und Webdesign, Forschung &amp; Entwicklung sowie\u00a0Qualit\u00e4tsmanagement angesiedelt. Hier wird in Zusammenarbeit mit der Logistikabteilung in der Schweiz das komplette FOB-Gesch\u00e4ft abgewickelt.<br \/>\n[\/vc_column_text][vc_empty_space height=&#8220;15px&#8220;][vc_column_text]<strong>JOKER (Far East) LTD.<\/strong><br \/>\n5\/F., Unit 501 &amp; 502B, Energy Plaza<br \/>\n92 Granville Road<br \/>\nTsim Sha Tsui East<br \/>\nKowloon, Hong Kong<br \/>\nTel: +852-27215588<br \/>\nFax: +852-27216588[\/vc_column_text][\/vc_column][vc_column width=&#8220;2\/3&#8243;][vc_gmaps link=&#8220;#E-8_JTNDaWZyYW1lJTIwc3JjJTNEJTIyaHR0cHMlM0ElMkYlMkZ3d3cuZ29vZ2xlLmNvbSUyRm1hcHMlMkZlbWJlZCUzRnBiJTNEJTIxMW0xOCUyMTFtMTIlMjExbTMlMjExZDM2OTEuNDE4NjcwNDI5OTM1JTIxMmQxMTQuMTc0NTExNzY0NTMwNDglMjEzZDIyLjMwMDAwMDUzNTMyMzc0NyUyMTJtMyUyMTFmMCUyMTJmMCUyMTNmMCUyMTNtMiUyMTFpMTAyNCUyMTJpNzY4JTIxNGYxMy4xJTIxM20zJTIxMW0yJTIxMXMweDM0MDQwMGVmMDI2M2U3YmIlMjUzQTB4YTA0NDBkYmJmNWE0MTA4YSUyMTJzRW5lcmd5JTJCUGxhemElMjUyQyUyQjkyJTJCR3JhbnZpbGxlJTJCUmQlMjUyQyUyQlRzaW0lMkJTaGElMkJUc3VpJTJCRWFzdCUyNTJDJTJCSG9uZyUyQktvbmclMjE1ZTAlMjEzbTIlMjExc2VuJTIxMnNpbiUyMTR2MTQ4NzU5MTU5NzYwNiUyMiUyMHdpZHRoJTNEJTIyNDAwJTIyJTIwaGVpZ2h0JTNEJTIyMzQwJTIyJTIwZnJhbWVib3JkZXIlM0QlMjIwJTIyJTIwc3R5bGUlM0QlMjJib3JkZXIlM0EwJTIyJTIwYWxsb3dmdWxsc2NyZWVuJTNFJTNDJTJGaWZyYW1lJTNF&#8220;][\/vc_column][\/vc_row][vc_row][vc_column][vc_empty_space height=&#8220;25px&#8220;][vc_column_text]Bei Fragen stehen wir Ihnen jederzeit gerne zur Verf\u00fcgung. Senden Sie uns einfach eine kurze Nachricht. \u00dcber das nachfolgende Kontaktformular wird Ihre Anfrage direkt an den zust\u00e4ndigen Ansprechpartner weitergeleitet.[\/vc_column_text][vc_row_inner][vc_column_inner el_class=&#8220;contactform&#8220; width=&#8220;1\/3&#8243;][contact-form-7 id=&#8220;19675&#8243;][\/vc_column_inner][vc_column_inner width=&#8220;2\/3&#8243;][\/vc_column_inner][\/vc_row_inner][\/vc_column][\/vc_row]<\/p>\n<\/div>","protected":false},"excerpt":{"rendered":"<p>[vc_row][vc_column width=&#8220;1\/3&#8243;][vc_column_text]Im Sitz der schweizerischen Hauptverwaltung befinden sich die Abteilungen Administration, Buchhaltung, Einkauf, Logistik, Kundenbetreuung, Marketing, Qualit\u00e4tsmanagement und Recht. Hier laufen alle Informationen zusammen und werden von hier aus in die anderen B\u00fcros koordiniert.[\/vc_column_text][vc_empty_space height=&#8220;15px&#8220;][vc_column_text]JOKER Switzerland Industriezone Postfach 96 3210 Kerzers Tel: +41-31-7505252 Fax: +41-31-7505250[\/vc_column_text][vc_empty_space&#8230;<\/p>\n","protected":false},"author":1,"featured_media":0,"parent":0,"menu_order":0,"comment_status":"closed","ping_status":"closed","template":"","meta":{"footnotes":""},"class_list":["post-19665","page","type-page","status-publish","hentry"],"_links":{"self":[{"href":"https:\/\/cyberclean.net\/de\/wp-json\/wp\/v2\/pages\/19665","targetHints":{"allow":["GET"]}}],"collection":[{"href":"https:\/\/cyberclean.net\/de\/wp-json\/wp\/v2\/pages"}],"about":[{"href":"https:\/\/cyberclean.net\/de\/wp-json\/wp\/v2\/types\/page"}],"author":[{"embeddable":true,"href":"https:\/\/cyberclean.net\/de\/wp-json\/wp\/v2\/users\/1"}],"replies":[{"embeddable":true,"href":"https:\/\/cyberclean.net\/de\/wp-json\/wp\/v2\/comments?post=19665"}],"version-history":[{"count":13,"href":"https:\/\/cyberclean.net\/de\/wp-json\/wp\/v2\/pages\/19665\/revisions"}],"predecessor-version":[{"id":19848,"href":"https:\/\/cyberclean.net\/de\/wp-json\/wp\/v2\/pages\/19665\/revisions\/19848"}],"wp:attachment":[{"href":"https:\/\/cyberclean.net\/de\/wp-json\/wp\/v2\/media?parent=19665"}],"curies":[{"name":"wp","href":"https:\/\/api.w.org\/{rel}","templated":true}]}}