{"id":22330,"date":"2020-04-06T08:32:08","date_gmt":"2020-04-06T08:32:08","guid":{"rendered":"https:\/\/cyberclean.net\/cyber-clean-professional-power-gel\/"},"modified":"2020-05-21T15:58:10","modified_gmt":"2020-05-21T15:58:10","slug":"cyber-clean-professional-power-gel","status":"publish","type":"page","link":"https:\/\/cyberclean.net\/de\/produkte\/cyber-clean-professional-power-gel\/","title":{"rendered":"Cyber Clean\u2122 Professional Power Gel"},"content":{"rendered":"<div class=\"wpb-content-wrapper\"><p>[vc_row][vc_column width=&#8220;3\/4&#8243;][vc_row_inner][vc_column_inner][vc_column_text]<\/p>\n<h1>Das neue kraftvolle Desinfektionsgel<br \/>\nT\u00f6tet Keime und Viren innerhalb von Sekunden!<\/h1>\n<p>[\/vc_column_text][vc_empty_space height=&#8220;20px&#8220;][vc_column_text]<\/p>\n<h4>Mehr denn je sind wir uns der Keime, sch\u00e4dlichen Bakterien und Viren in unserer unmittelbaren Umgebung bewusst. Wir tragen die soziale Verantwortung, unsere H\u00e4nde zu waschen, um uns selbst und die Gesundheit anderer zu sch\u00fctzen.<\/h4>\n<p>&nbsp;<\/p>\n<h4>Cyber Clean<sup>TM<\/sup> \u2013 The Care Brand hat eine Linie neuer kraftvoller Handdesinfektionsgels entwickelt, um das Risiko einer \u00dcbertragung beim Ber\u00fchren von Augen, Nase oder Mund zu reduzieren. Unsere Formulierung enth\u00e4lt einen Alkoholanteil von 72% mit nat\u00fcrlichen feuchtigkeitsspendenden Zus\u00e4tzen wie Aloe, um Ihre Haut vor Trockenheit zu sch\u00fctzen w\u00e4hrend sch\u00e4dliche Keime und Viren wirksam abget\u00f6tet werden.<\/h4>\n<p>&nbsp;<\/p>\n<h4>Cyber Clean<sup>TM<\/sup> Professional Power Gel ist in verschiedenen Gr\u00f6\u00dfen erh\u00e4ltlich, um unterschiedlichen Anforderungen gerecht zu werden. Zur Verwendung ohne Wasser oder Seife, zieht Power Gel schnell ein und hinterl\u00e4sst keine R\u00fcckst\u00e4nde. Nur seidig weiche, frisch riechende, saubere Haut. Unsere Schweizer Formulierung ist umweltfreundlich, frei von Farbstoffen und unn\u00f6tigen Zusatzstoffen.<\/h4>\n<p>[\/vc_column_text][vc_empty_space height=&#8220;20px&#8220;][vc_column_text]<\/p>\n<h1>Cyber Clean Power gel unique compliance:<\/h1>\n<ul>\n<li>EN 1276 &#8211; Chemical Disinfectants Bactericidal Activity Testing<br \/>\nKills 99.999% of bacteria (Staphylococcus aureus, Escherichia coli, Pseudomonas aeruginosa, Enterococcus hirae)<\/li>\n<li>EN 1500 \u2013 Chemical disinfectants and antiseptics. Hygienic handrub<\/li>\n<li>EN 14476 \u2013 Chemical disinfectants and antiseptics. Quantitative suspension test for the evaluation of viricidal activity in the medical area<br \/>\nKills 99.99% of enveloped viruses (e.g. influenza, coronavirus)<\/li>\n<li>EN 16777 \u2013 Chemical disinfectants and antiseptics &#8211; Quantitative non-porous surface test without mechanical action for the evaluation of virucidal activity of chemical disinfectants used in the medical area<\/li>\n<\/ul>\n<p>[\/vc_column_text][vc_empty_space height=&#8220;20px&#8220;][\/vc_column_inner][\/vc_row_inner][vc_row_inner][vc_column_inner width=&#8220;1\/4&#8243;][vc_single_image image=&#8220;22770&#8243; img_size=&#8220;full&#8220; alignment=&#8220;center&#8220; css=&#8220;.vc_custom_1590076530371{padding-top: 10px !important;padding-right: 10px !important;padding-bottom: 10px !important;padding-left: 10px !important;background-color: #f2f2f2 !important;}&#8220;][\/vc_column_inner][vc_column_inner width=&#8220;1\/4&#8243;][vc_single_image image=&#8220;22773&#8243; img_size=&#8220;full&#8220; alignment=&#8220;center&#8220; css=&#8220;.vc_custom_1590076543089{padding-top: 5px !important;padding-right: 5px !important;padding-bottom: 5px !important;padding-left: 5px !important;background-color: #f2f2f2 !important;}&#8220;][\/vc_column_inner][vc_column_inner width=&#8220;1\/4&#8243;][vc_single_image image=&#8220;22711&#8243; img_size=&#8220;full&#8220; alignment=&#8220;center&#8220; css=&#8220;.vc_custom_1587110033901{padding-top: 5px !important;padding-right: 5px !important;padding-bottom: 5px !important;padding-left: 5px !important;background-color: #f2f2f2 !important;}&#8220;][\/vc_column_inner][vc_column_inner width=&#8220;1\/4&#8243;][vc_single_image image=&#8220;22698&#8243; img_size=&#8220;full&#8220; alignment=&#8220;center&#8220; css=&#8220;.vc_custom_1587044938204{padding-top: 5px !important;padding-right: 5px !important;padding-bottom: 5px !important;padding-left: 5px !important;background-color: #f2f2f2 !important;}&#8220;][\/vc_column_inner][\/vc_row_inner][vc_empty_space][vc_row_inner][vc_column_inner width=&#8220;1\/4&#8243;][vc_single_image image=&#8220;22776&#8243; img_size=&#8220;full&#8220; alignment=&#8220;center&#8220; css=&#8220;.vc_custom_1590076555028{padding-top: 10px !important;padding-right: 10px !important;padding-bottom: 10px !important;padding-left: 10px !important;background-color: #f2f2f2 !important;}&#8220;][\/vc_column_inner][vc_column_inner width=&#8220;1\/4&#8243;][\/vc_column_inner][vc_column_inner width=&#8220;1\/4&#8243;][\/vc_column_inner][vc_column_inner width=&#8220;1\/4&#8243;][\/vc_column_inner][\/vc_row_inner][\/vc_column][vc_column width=&#8220;1\/4&#8243;][vc_single_image image=&#8220;22314&#8243; img_size=&#8220;full&#8220; css=&#8220;.vc_custom_1586161771826{background-color: #f2f2f2 !important;}&#8220;][vc_empty_space height=&#8220;20px&#8220;][\/vc_column][\/vc_row][vc_row][vc_column][vc_empty_space][\/vc_column][\/vc_row]<\/p>\n<\/div>","protected":false},"excerpt":{"rendered":"<p>[vc_row][vc_column width=&#8220;3\/4&#8243;][vc_row_inner][vc_column_inner][vc_column_text] Das neue kraftvolle Desinfektionsgel T\u00f6tet Keime und Viren innerhalb von Sekunden! [\/vc_column_text][vc_empty_space height=&#8220;20px&#8220;][vc_column_text] Mehr denn je sind wir uns der Keime, sch\u00e4dlichen Bakterien und Viren in unserer unmittelbaren Umgebung bewusst. Wir tragen die soziale Verantwortung, unsere H\u00e4nde zu waschen, um uns selbst und&#8230;<\/p>\n","protected":false},"author":1,"featured_media":0,"parent":18022,"menu_order":0,"comment_status":"closed","ping_status":"closed","template":"","meta":{"footnotes":""},"class_list":["post-22330","page","type-page","status-publish","hentry"],"_links":{"self":[{"href":"https:\/\/cyberclean.net\/de\/wp-json\/wp\/v2\/pages\/22330","targetHints":{"allow":["GET"]}}],"collection":[{"href":"https:\/\/cyberclean.net\/de\/wp-json\/wp\/v2\/pages"}],"about":[{"href":"https:\/\/cyberclean.net\/de\/wp-json\/wp\/v2\/types\/page"}],"author":[{"embeddable":true,"href":"https:\/\/cyberclean.net\/de\/wp-json\/wp\/v2\/users\/1"}],"replies":[{"embeddable":true,"href":"https:\/\/cyberclean.net\/de\/wp-json\/wp\/v2\/comments?post=22330"}],"version-history":[{"count":13,"href":"https:\/\/cyberclean.net\/de\/wp-json\/wp\/v2\/pages\/22330\/revisions"}],"predecessor-version":[{"id":22781,"href":"https:\/\/cyberclean.net\/de\/wp-json\/wp\/v2\/pages\/22330\/revisions\/22781"}],"up":[{"embeddable":true,"href":"https:\/\/cyberclean.net\/de\/wp-json\/wp\/v2\/pages\/18022"}],"wp:attachment":[{"href":"https:\/\/cyberclean.net\/de\/wp-json\/wp\/v2\/media?parent=22330"}],"curies":[{"name":"wp","href":"https:\/\/api.w.org\/{rel}","templated":true}]}}